{"id":736736,"date":"2025-08-27T23:14:03","date_gmt":"2025-08-27T20:14:03","guid":{"rendered":"https:\/\/roveyayinevi.com.tr\/index.php\/urun\/kalbin-sirlari-2\/"},"modified":"2026-04-16T02:45:47","modified_gmt":"2026-04-15T23:45:47","slug":"kalbin-sirlari-2","status":"publish","type":"product","link":"https:\/\/roveyayinevi.com.tr\/index.php\/urun\/kalbin-sirlari-2\/","title":{"rendered":"Kalbin S\u0131rlar\u0131"},"content":{"rendered":"<p>\u201cKalp bir kale gibidir. \u015eeytan onu ele ge\u00e7irmek i\u00e7in her an f\u0131rsat kollamaktad\u0131r. Onun oraya girmesini engellemek i\u00e7in her an uyan\u0131k bulunmak, onun giri\u015f yerlerini kapatmak veya oralarda n\u00f6bet\u00e7i bulundurmak gerekir. Kaleyi iyi tan\u0131mayanlar bu i\u015fi yapamaz. Bu g\u00f6rev her M\u00fcsl\u00fcman i\u00e7in farzd\u0131r. \u015eeytan\u0131n s\u0131zma yollar\u0131n\u0131 bilmeksizin kalbi ona kar\u015f\u0131 savunmakta ba\u015far\u0131ya ula\u015f\u0131lamaz. \u015eeytan\u0131n kalbe girmek i\u00e7in kullanaca\u011f\u0131 yollar ve s\u0131zma yerleri kulun bir tak\u0131m s\u0131fatlar\u0131d\u0131r. Bunlar \u00e7oktur.\u201d *** Asr\u0131n\u0131n m\u00fcceddidi H\u00fcccet\u00fc\u2019l-\u0130slam \u0130mam Gazal\u00ee bu kitab\u0131nda \u201ckalp\u201d kelimesini merkeze al\u0131yor. Kalbin mahiyetini, \u00f6zelli\u011fini, kime ve neye nas\u0131l y\u00f6nlendirilmesi gerekti\u011fini a\u00e7\u0131kl\u0131yor. <\/p>\n","protected":false},"excerpt":{"rendered":"<p>\u201cKalp bir kale gibidir. \u015eeytan onu ele ge\u00e7irmek i\u00e7in her an f\u0131rsat kollamaktad\u0131r. Onun oraya girmesini engellemek i\u00e7in her an uyan\u0131k bulunmak, onun giri\u015f yerlerini kapatmak<span class=\"excerpt-hellip\"> [\u2026]<\/span><\/p>\n","protected":false},"featured_media":0,"template":"","meta":{"_monsterinsights_skip_tracking":false,"_monsterinsights_sitenote_active":false,"_monsterinsights_sitenote_note":"","_monsterinsights_sitenote_category":0},"product_brand":[],"product_cat":[12718,12719],"product_tag":[],"class_list":{"0":"post-736736","1":"product","2":"type-product","3":"status-publish","5":"product_cat-din","6":"product_cat-islam","7":"pa_cilt-ciltsiz","8":"pa_tur-kitap","9":"pa_yayinevi-nesil-yayinlari","10":"pa_yazar-imam-gazzali","12":"first","13":"instock","14":"sale","15":"shipping-taxable","16":"purchasable","17":"product-type-simple"},"_links":{"self":[{"href":"https:\/\/roveyayinevi.com.tr\/index.php\/wp-json\/wp\/v2\/product\/736736","targetHints":{"allow":["GET"]}}],"collection":[{"href":"https:\/\/roveyayinevi.com.tr\/index.php\/wp-json\/wp\/v2\/product"}],"about":[{"href":"https:\/\/roveyayinevi.com.tr\/index.php\/wp-json\/wp\/v2\/types\/product"}],"wp:attachment":[{"href":"https:\/\/roveyayinevi.com.tr\/index.php\/wp-json\/wp\/v2\/media?parent=736736"}],"wp:term":[{"taxonomy":"product_brand","embeddable":true,"href":"https:\/\/roveyayinevi.com.tr\/index.php\/wp-json\/wp\/v2\/product_brand?post=736736"},{"taxonomy":"product_cat","embeddable":true,"href":"https:\/\/roveyayinevi.com.tr\/index.php\/wp-json\/wp\/v2\/product_cat?post=736736"},{"taxonomy":"product_tag","embeddable":true,"href":"https:\/\/roveyayinevi.com.tr\/index.php\/wp-json\/wp\/v2\/product_tag?post=736736"}],"curies":[{"name":"wp","href":"https:\/\/api.w.org\/{rel}","templated":true}]}}