{"id":736730,"date":"2025-08-27T23:13:58","date_gmt":"2025-08-27T20:13:58","guid":{"rendered":"https:\/\/roveyayinevi.com.tr\/index.php\/urun\/dogu-avrupanin-tarihi-cografyasi-bir-ronesans-aliminin-kaleminden\/"},"modified":"2026-04-16T02:45:47","modified_gmt":"2026-04-15T23:45:47","slug":"dogu-avrupanin-tarihi-cografyasi-bir-ronesans-aliminin-kaleminden","status":"publish","type":"product","link":"https:\/\/roveyayinevi.com.tr\/index.php\/urun\/dogu-avrupanin-tarihi-cografyasi-bir-ronesans-aliminin-kaleminden\/","title":{"rendered":"Do\u011fu Avrupa&#8217;n\u0131n Tarihi Co\u011frafyas\u0131 &#8211; Bir R\u00f6nesans Aliminin Kaleminden"},"content":{"rendered":"<p>500 Y\u0131l \u00d6ncesinden G\u00fcn\u00fcm\u00fcze Ula\u015fan Tarih\u00ee Bir Kaynak Bir R\u00f6nesans \u00e2limi olan Leh yazar, hekim, astrolog ve din adam\u0131 Maciej Miechowita (1457-1523) telif etti\u011fi eserinde XVI. y\u00fczy\u0131lda Do\u011fu Avrupa\u2019n\u0131n tarih\u00ee co\u011frafyas\u0131na \u0131\u015f\u0131k tutmaktad\u0131r. Bu b\u00f6lge ve \u00e7evresi hakk\u0131nda kapsaml\u0131 ve ayr\u0131nt\u0131l\u0131 bir tasvirin yap\u0131ld\u0131\u011f\u0131 ilk ara\u015ft\u0131rmalardan olan bu kitap, XVI. y\u00fczy\u0131l\u0131n ilk \u00e7eyre\u011finde en \u00e7ok okunan, tart\u0131\u015f\u0131lan ve yabanc\u0131 dillere \u00e7evrilen eserlerden biridir. Bundan be\u015f y\u00fczy\u0131l \u00f6nce, 1517 y\u0131l\u0131nda, yaz\u0131lm\u0131\u015f tarih\u00ee bir kaynak niteli\u011fi ta\u015f\u0131yan Miechowita k\u00fclliyat\u0131n\u0131n Asya Sarmatyas\u0131 b\u00f6l\u00fcm\u00fc, \u00e7al\u0131\u015fman\u0131n birinci k\u0131sm\u0131nda ele al\u0131nm\u0131\u015ft\u0131r. Asya-Avrupa Sarmatyas\u0131\u2019n\u0131n ayr\u0131nt\u0131l\u0131 co\u011fraf\u00ee ve etnografik tasviri, Tatarlar\u0131n (Mo\u011follar\u0131n) ilk kez tarih sahnesine \u00e7\u0131k\u0131\u015flar\u0131 ve Do\u011fu Avrupa seferleri, Tatar halk\u0131n\u0131n karakteristik ve fiziksel \u00f6zellikleri, gelenek-g\u00f6renekleri, Tatar begleri, Alt\u0131n Orda Devleti, K\u0131r\u0131m ve Kazan hanl\u0131klar\u0131 ile Nogay Orda; ayr\u0131ca vaktiyle \u0130skitya topraklar\u0131nda ya\u015fam\u0131\u015f Gotlar, Alanlar, Vandallar, Suevler ve Ugorlar ile T\u00fcrkler (Osmanl\u0131lar) ve yine Yavuz Sultan Selim\u2019e kadar olan Osmanl\u0131 h\u00fck\u00fcmdarlar\u0131na da bu b\u00f6l\u00fcmde de\u011finilmi\u015ftir. Avrupa Sarmatyas\u0131\u2019na ayr\u0131lan ikinci k\u0131s\u0131mda ise, b\u00f6lgenin genel co\u011fraf\u00ee tasviri yap\u0131ld\u0131ktan sonra, Rusya ile Kiev, ayr\u0131ca Novgorod, Pskov, Smolensk ve daha ba\u015fka Slav \u015fehirleri ile Litvanya\u2019ya dair \u00f6nemli bilgiler verilmi\u015ftir. Bu y\u00f6n\u00fcyle ele al\u0131nd\u0131\u011f\u0131nda, elinizdeki eser sadece T\u00fcrk halklar\u0131n\u0131n de\u011fil Slav topluluklar\u0131n\u0131n tarihine de kapsamaktad\u0131r. XVI. y\u00fczy\u0131l Do\u011fu Avrupa tarihine ve Sarmatya diye an\u0131lan co\u011frafyaya ili\u015fkin \u00e7ok \u00f6nemli bilgileri i\u00e7eren bu k\u0131ymetli eser ilk kez T\u00fcrk okuyucunun takdirine sunulmaktad\u0131r. T\u00fcrk tarihinin az bilinen ana kaynaklar\u0131ndan biri olan Do\u011fu Avrupa\u2019n\u0131n Tarih\u00ee Co\u011frafyas\u0131 kitab\u0131 sizi 500 y\u0131l \u00f6ncesine g\u00f6t\u00fcrecek\u2026<\/p>\n","protected":false},"excerpt":{"rendered":"<p>500 Y\u0131l \u00d6ncesinden G\u00fcn\u00fcm\u00fcze Ula\u015fan Tarih\u00ee Bir Kaynak Bir R\u00f6nesans \u00e2limi olan Leh yazar, hekim, astrolog ve din adam\u0131 Maciej Miechowita (1457-1523) telif etti\u011fi eserinde XVI.<span class=\"excerpt-hellip\"> [\u2026]<\/span><\/p>\n","protected":false},"featured_media":0,"template":"","meta":{"_monsterinsights_skip_tracking":false,"_monsterinsights_sitenote_active":false,"_monsterinsights_sitenote_note":"","_monsterinsights_sitenote_category":0},"product_brand":[],"product_cat":[12370,12304],"product_tag":[],"class_list":{"0":"post-736730","1":"product","2":"type-product","3":"status-publish","5":"product_cat-arastirma-inceleme","6":"product_cat-tarih","7":"pa_cilt-ciltsiz","8":"pa_tur-kitap","9":"pa_yayinevi-kronik-kitap","10":"pa_yazar-maciej-miechowita","12":"first","13":"instock","14":"sale","15":"shipping-taxable","16":"purchasable","17":"product-type-simple"},"_links":{"self":[{"href":"https:\/\/roveyayinevi.com.tr\/index.php\/wp-json\/wp\/v2\/product\/736730","targetHints":{"allow":["GET"]}}],"collection":[{"href":"https:\/\/roveyayinevi.com.tr\/index.php\/wp-json\/wp\/v2\/product"}],"about":[{"href":"https:\/\/roveyayinevi.com.tr\/index.php\/wp-json\/wp\/v2\/types\/product"}],"wp:attachment":[{"href":"https:\/\/roveyayinevi.com.tr\/index.php\/wp-json\/wp\/v2\/media?parent=736730"}],"wp:term":[{"taxonomy":"product_brand","embeddable":true,"href":"https:\/\/roveyayinevi.com.tr\/index.php\/wp-json\/wp\/v2\/product_brand?post=736730"},{"taxonomy":"product_cat","embeddable":true,"href":"https:\/\/roveyayinevi.com.tr\/index.php\/wp-json\/wp\/v2\/product_cat?post=736730"},{"taxonomy":"product_tag","embeddable":true,"href":"https:\/\/roveyayinevi.com.tr\/index.php\/wp-json\/wp\/v2\/product_tag?post=736730"}],"curies":[{"name":"wp","href":"https:\/\/api.w.org\/{rel}","templated":true}]}}