{"id":736729,"date":"2025-08-27T23:13:57","date_gmt":"2025-08-27T20:13:57","guid":{"rendered":"https:\/\/roveyayinevi.com.tr\/index.php\/urun\/horatio-nelson\/"},"modified":"2026-04-16T02:45:47","modified_gmt":"2026-04-15T23:45:47","slug":"horatio-nelson","status":"publish","type":"product","link":"https:\/\/roveyayinevi.com.tr\/index.php\/urun\/horatio-nelson\/","title":{"rendered":"Horatio Nelson"},"content":{"rendered":"<p>Tarihin en b\u00fcy\u00fck komutanlar\u0131n\u0131n ya\u015fam \u00f6yk\u00fcleri, muharebe tecr\u00fcbeleri, uygulad\u0131klar\u0131 taktikler ve stratejiler\u2026 D\u00fcnya tarihinin en b\u00fcy\u00fck komutanlar\u0131n\u0131 t\u00fcm y\u00f6nleriyle inceleyen OSPREY B\u00fcy\u00fck Komutanlar Serisi, Horatio Nelson ile devam ediyor\u2026 Tarihteki en \u00fcnl\u00fc amirallerin belki de ba\u015f\u0131nda yer alan Horatio Nelson, kazand\u0131\u011f\u0131 zaferlerle Britanya\u2019n\u0131n d\u00fcnyan\u0131n en b\u00fcy\u00fck deniz g\u00fcc\u00fcne d\u00f6n\u00fc\u015fmesinde kilit rol oynam\u0131\u015ft\u0131. \u00d6yle ki, onun \u00f6l\u00fcm\u00fcn\u00fc izleyen bir as\u0131r boyunca \u00fclkesi bu hegemonik konumunu s\u00fcrd\u00fcrecekti. Amerikan Devrimi s\u0131ras\u0131nda gen\u00e7 bir zabit olarak kariyerine ba\u015flayan Nelson\u2019un y\u0131ld\u0131z\u0131, esas olarak Britanya\u2019n\u0131n Devrimci Fransa ile tutu\u015ftu\u011fu sava\u015f s\u0131ras\u0131nda parlam\u0131\u015ft\u0131r. 1797 y\u0131l\u0131ndaki St. Vincent Burnu muharebesinin kahraman\u0131 olmas\u0131 ard\u0131ndan emrine filolar tesis edilen Nelson, ertesi sene Ebuhur\u2019da Frans\u0131zlara, 1801\u2019de Kopenhag\u2019da ise Danimarkal\u0131lara kar\u015f\u0131 kazand\u0131\u011f\u0131 ezici zaferlerle \u015fan\u0131n\u0131 iyice per\u00e7inledi. Kariyerini ta\u00e7land\u0131ran an 1805\u2019te, m\u00fcttefik Frans\u0131z-\u0130spanyol filosunu devrinde emsali g\u00f6r\u00fclmemi\u015f bir hezimete u\u011fratt\u0131\u011f\u0131 Trafalgar Sava\u015f\u0131\u2019nda gelecekti. Ne var ki, kariyerinin doruk noktas\u0131na ula\u015ft\u0131\u011f\u0131 o anda gelen bir kur\u015fun ile fani ya\u015fam\u0131 son buldu ve \u2018ebedi hat\u0131ras\u0131\u2019 bir efsaneye d\u00f6n\u00fc\u015ft\u00fc. Nelson\u2019u bu kadar m\u00fcstesna k\u0131lan, onu bu denli bir efsaneye \u00e7eviren y\u00f6n\u00fc neydi? Kibri, bencilli\u011fi ve \u00f6zel ya\u015fam\u0131n\u0131 mesle\u011fiyle kar\u0131\u015ft\u0131rmak gibi \u00e7i\u011f temay\u00fclleriyle asl\u0131nda son derece kusurlu bir karakter iken nas\u0131l Britanya\u2019n\u0131n en \u00f6l\u00fcms\u00fcz kahraman\u0131 ve modern deniz g\u00fcc\u00fc paradigmas\u0131n\u0131n sembol\u00fc haline gelebilmi\u015fti? Bunun cevab\u0131, Nelson\u2019un stratejik ve taktik dehas\u0131nda bulunabilir. O, s\u0131n\u0131rl\u0131 zaferlerle yetinen geleneksel deniz stratejisini terk edip hasm\u0131n tam imhas\u0131n\u0131 hedef alan, di\u011fer bir deyi\u015fle modern topyek\u00fbn sava\u015f kavram\u0131n\u0131 i\u00e7selle\u015ftiren ilk deniz subay\u0131yd\u0131. Bu hedef i\u00e7in gereken esnek taktikleri geli\u015ftirebilmi\u015f; benzersiz liderlik hasletleriyle hem subaylar\u0131n\u0131 hem de erlerini d\u00f6nemin en kusursuz sava\u015f makinelerinden birine d\u00f6n\u00fc\u015ft\u00fcrmeyi ba\u015farm\u0131\u015ft\u0131. Neticede \u00fcn\u00fc \u00fclkesinin s\u0131n\u0131rlar\u0131 d\u0131\u015f\u0131na ta\u015farak y\u00fccelik hayalleri kuran b\u00fct\u00fcn deniz g\u00fc\u00e7leri i\u00e7in ideal emsal haline gelmi\u015ftir. Angus Konstam\u2019\u0131n elinizdeki eseri, bu kilit \u015fahsiyetin karma\u015f\u0131k ve g\u00fc\u00e7 karakteriyle askeri dehas\u0131n\u0131 inceledi\u011fi kadar \u00f6l\u00fcm\u00fcnden sonraki efsanele\u015fme s\u00fcrecini de hakk\u0131yla mercek alt\u0131na al\u0131yor.<\/p>\n","protected":false},"excerpt":{"rendered":"<p>Tarihin en b\u00fcy\u00fck komutanlar\u0131n\u0131n ya\u015fam \u00f6yk\u00fcleri, muharebe tecr\u00fcbeleri, uygulad\u0131klar\u0131 taktikler ve stratejiler\u2026 D\u00fcnya tarihinin en b\u00fcy\u00fck komutanlar\u0131n\u0131 t\u00fcm y\u00f6nleriyle inceleyen OSPREY B\u00fcy\u00fck Komutanlar Serisi, Horatio Nelson<span class=\"excerpt-hellip\"> [\u2026]<\/span><\/p>\n","protected":false},"featured_media":0,"template":"","meta":{"_monsterinsights_skip_tracking":false,"_monsterinsights_sitenote_active":false,"_monsterinsights_sitenote_note":"","_monsterinsights_sitenote_category":0},"product_brand":[],"product_cat":[12370,12304],"product_tag":[],"class_list":{"0":"post-736729","1":"product","2":"type-product","3":"status-publish","5":"product_cat-arastirma-inceleme","6":"product_cat-tarih","7":"pa_cilt-ciltsiz","8":"pa_tur-kitap","9":"pa_yayinevi-kronik-kitap","10":"pa_yazar-angus-konstam","12":"first","13":"instock","14":"sale","15":"shipping-taxable","16":"purchasable","17":"product-type-simple"},"_links":{"self":[{"href":"https:\/\/roveyayinevi.com.tr\/index.php\/wp-json\/wp\/v2\/product\/736729","targetHints":{"allow":["GET"]}}],"collection":[{"href":"https:\/\/roveyayinevi.com.tr\/index.php\/wp-json\/wp\/v2\/product"}],"about":[{"href":"https:\/\/roveyayinevi.com.tr\/index.php\/wp-json\/wp\/v2\/types\/product"}],"wp:attachment":[{"href":"https:\/\/roveyayinevi.com.tr\/index.php\/wp-json\/wp\/v2\/media?parent=736729"}],"wp:term":[{"taxonomy":"product_brand","embeddable":true,"href":"https:\/\/roveyayinevi.com.tr\/index.php\/wp-json\/wp\/v2\/product_brand?post=736729"},{"taxonomy":"product_cat","embeddable":true,"href":"https:\/\/roveyayinevi.com.tr\/index.php\/wp-json\/wp\/v2\/product_cat?post=736729"},{"taxonomy":"product_tag","embeddable":true,"href":"https:\/\/roveyayinevi.com.tr\/index.php\/wp-json\/wp\/v2\/product_tag?post=736729"}],"curies":[{"name":"wp","href":"https:\/\/api.w.org\/{rel}","templated":true}]}}