{"id":736724,"date":"2025-08-27T23:13:53","date_gmt":"2025-08-27T20:13:53","guid":{"rendered":"https:\/\/roveyayinevi.com.tr\/index.php\/urun\/dansoz\/"},"modified":"2026-04-07T02:53:43","modified_gmt":"2026-04-06T23:53:43","slug":"dansoz","status":"publish","type":"product","link":"https:\/\/roveyayinevi.com.tr\/index.php\/urun\/dansoz\/","title":{"rendered":"Dans\u00f6z"},"content":{"rendered":"<p>Her sonlar\u0131n bir cesareti vard\u0131r!Son bak\u0131\u015fSon dokunu\u015fSon \u00f6p\u00fc\u015fmeSon sevi\u015fme\u2026Her sonlar\u0131n bir cesareti vard\u0131r!Son aldan\u0131\u015fSon g\u00f6zya\u015f\u0131Son tebess\u00fcmSon veda\u2026Her sonlar\u0131n dudaklardan d\u00f6k\u00fclmez kelimeleri!Ho\u015f\u00e7a kal yerine derin bir sessizlik i\u00e7indeSon kez gidilir!..Sizce ben \u00e2\u015f\u0131k m\u0131y\u0131m \u015fair miyim? Hay\u0131r de\u011filim! O halde ben, giderken de\u011fil gittikten sonra de\u011fil \u00e7ok \u00e7ok \u00f6nceden veda ederim.<\/p>\n","protected":false},"excerpt":{"rendered":"<p>Her sonlar\u0131n bir cesareti vard\u0131r!Son bak\u0131\u015fSon dokunu\u015fSon \u00f6p\u00fc\u015fmeSon sevi\u015fme\u2026Her sonlar\u0131n bir cesareti vard\u0131r!Son aldan\u0131\u015fSon g\u00f6zya\u015f\u0131Son tebess\u00fcmSon veda\u2026Her sonlar\u0131n dudaklardan d\u00f6k\u00fclmez kelimeleri!Ho\u015f\u00e7a kal yerine derin bir sessizlik<span class=\"excerpt-hellip\"> [\u2026]<\/span><\/p>\n","protected":false},"featured_media":0,"template":"","meta":{"_monsterinsights_skip_tracking":false,"_monsterinsights_sitenote_active":false,"_monsterinsights_sitenote_note":"","_monsterinsights_sitenote_category":0},"product_brand":[],"product_cat":[12291,12711],"product_tag":[],"class_list":{"0":"post-736724","1":"product","2":"type-product","3":"status-publish","5":"product_cat-edebiyat","6":"product_cat-roman-oyku","7":"pa_cilt-ciltsiz","8":"pa_tur-kitap","9":"pa_yayinevi-vaveyla-yayincilik","10":"pa_yazar-cigdem-koroglu","12":"first","13":"instock","14":"sale","15":"shipping-taxable","16":"purchasable","17":"product-type-simple"},"_links":{"self":[{"href":"https:\/\/roveyayinevi.com.tr\/index.php\/wp-json\/wp\/v2\/product\/736724","targetHints":{"allow":["GET"]}}],"collection":[{"href":"https:\/\/roveyayinevi.com.tr\/index.php\/wp-json\/wp\/v2\/product"}],"about":[{"href":"https:\/\/roveyayinevi.com.tr\/index.php\/wp-json\/wp\/v2\/types\/product"}],"wp:attachment":[{"href":"https:\/\/roveyayinevi.com.tr\/index.php\/wp-json\/wp\/v2\/media?parent=736724"}],"wp:term":[{"taxonomy":"product_brand","embeddable":true,"href":"https:\/\/roveyayinevi.com.tr\/index.php\/wp-json\/wp\/v2\/product_brand?post=736724"},{"taxonomy":"product_cat","embeddable":true,"href":"https:\/\/roveyayinevi.com.tr\/index.php\/wp-json\/wp\/v2\/product_cat?post=736724"},{"taxonomy":"product_tag","embeddable":true,"href":"https:\/\/roveyayinevi.com.tr\/index.php\/wp-json\/wp\/v2\/product_tag?post=736724"}],"curies":[{"name":"wp","href":"https:\/\/api.w.org\/{rel}","templated":true}]}}