{"id":736723,"date":"2025-08-27T23:13:51","date_gmt":"2025-08-27T20:13:51","guid":{"rendered":"https:\/\/roveyayinevi.com.tr\/index.php\/urun\/bize-gore-ve-bir-seyahatin-notlari-3\/"},"modified":"2026-04-16T02:45:46","modified_gmt":"2026-04-15T23:45:46","slug":"bize-gore-ve-bir-seyahatin-notlari-3","status":"publish","type":"product","link":"https:\/\/roveyayinevi.com.tr\/index.php\/urun\/bize-gore-ve-bir-seyahatin-notlari-3\/","title":{"rendered":"Bize G\u00f6re ve Bir Seyahatin Notlar\u0131"},"content":{"rendered":"<p>\u201cBeyin haysiyetinden bu kadar kaybettikten sonra, hayati faaliyette insan\u0131n filden, kar\u0131ncadan, leylek veya z\u00fcrafadan hi\u00e7bir fark\u0131 kalm\u0131yor. Rabbim! Her zevki tatmin edecek ve ismi yine \u2018sanat ve edebiyat\u2019 olacak olan felsefe ta\u015f\u0131n\u0131 nas\u0131l bulmal\u0131!\u201d   Ahmet Ha\u015fim \u015fairli\u011fi kadar nasir kimli\u011fi de \u00f6n planda olan bir s\u00f6z ustas\u0131yd\u0131. K\u00fc\u00e7\u00fck bir tahtakurusundan b\u00fcy\u00fck medeniyet sembollerine, dert edindi\u011fi t\u00fcm meseleleri k\u00e2\u011f\u0131da d\u00f6kmekten imtina etmedi. Bize G\u00f6re\u2019de yer alan ve Mehmet Kaplan\u2019\u0131n yay\u0131ma haz\u0131rlarken \u201cdolgunlu\u011funu\u201d, tasvir g\u00fcc\u00fcn\u00fc ve ironik anlat\u0131m\u0131n\u0131 i\u015faret etti\u011fi f\u0131kralar, onun nesirdeki kuvvetini g\u00fcn\u00fcm\u00fcze ta\u015f\u0131makla birlikte yaz\u0131lar\u0131n\u0131 olu\u015fturan fikri arka plan hakk\u0131nda da okura ipu\u00e7lar\u0131 veriyor.   Ha\u015fim\u2019in \u00e7o\u011fu zaman iki sayfay\u0131 ge\u00e7meyen uzunluktaki f\u0131kralar\u0131n\u0131n her birinin bir \u00f6nermesi, bir \u00e7\u0131k\u0131\u015f noktas\u0131 mevcut. Ha\u015fim\u2019in yaz\u0131lar\u0131, okura yaln\u0131zca estetik haz vermez, ki b\u00f6yle bir iddias\u0131 yoktur. Bununla birlikte bu yaz\u0131lar\u0131n, erken Cumhuriyet d\u00f6neminin meselelerine entelekt\u00fcel, politik, sosyolojik bir bak\u0131\u015f imk\u00e2n\u0131 sa\u011flad\u0131\u011f\u0131 da a\u015fik\u00e2r.   Ahmet Ha\u015fim dendi\u011finde hat\u0131ra gelen ilk eserlerden biri olan ve Bir Seyahatin Notlar\u0131\u2019yla birlikte sundu\u011fumuz Bize G\u00f6re, \u00f6nemini h\u00e2l\u00e2 korumakta. Elinizdeki kitap, Ahmet Ha\u015fim\u2019i anlama \u00e7abas\u0131na nitelikli bir katk\u0131 sunma amac\u0131n\u0131 ta\u015f\u0131yor. <\/p>\n","protected":false},"excerpt":{"rendered":"<p>\u201cBeyin haysiyetinden bu kadar kaybettikten sonra, hayati faaliyette insan\u0131n filden, kar\u0131ncadan, leylek veya z\u00fcrafadan hi\u00e7bir fark\u0131 kalm\u0131yor. Rabbim! Her zevki tatmin edecek ve ismi yine \u2018sanat<span class=\"excerpt-hellip\"> [\u2026]<\/span><\/p>\n","protected":false},"featured_media":0,"template":"","meta":{"_monsterinsights_skip_tracking":false,"_monsterinsights_sitenote_active":false,"_monsterinsights_sitenote_note":"","_monsterinsights_sitenote_category":0},"product_brand":[],"product_cat":[12291,12292],"product_tag":[],"class_list":{"0":"post-736723","1":"product","2":"type-product","3":"status-publish","5":"product_cat-edebiyat","6":"product_cat-turk-edebiyati","7":"pa_cilt-ciltsiz","8":"pa_tur-kitap","9":"pa_yayinevi-ithaki-yayinlari","10":"pa_yazar-ahmet-hasim","12":"first","13":"instock","14":"sale","15":"shipping-taxable","16":"purchasable","17":"product-type-simple"},"_links":{"self":[{"href":"https:\/\/roveyayinevi.com.tr\/index.php\/wp-json\/wp\/v2\/product\/736723","targetHints":{"allow":["GET"]}}],"collection":[{"href":"https:\/\/roveyayinevi.com.tr\/index.php\/wp-json\/wp\/v2\/product"}],"about":[{"href":"https:\/\/roveyayinevi.com.tr\/index.php\/wp-json\/wp\/v2\/types\/product"}],"wp:attachment":[{"href":"https:\/\/roveyayinevi.com.tr\/index.php\/wp-json\/wp\/v2\/media?parent=736723"}],"wp:term":[{"taxonomy":"product_brand","embeddable":true,"href":"https:\/\/roveyayinevi.com.tr\/index.php\/wp-json\/wp\/v2\/product_brand?post=736723"},{"taxonomy":"product_cat","embeddable":true,"href":"https:\/\/roveyayinevi.com.tr\/index.php\/wp-json\/wp\/v2\/product_cat?post=736723"},{"taxonomy":"product_tag","embeddable":true,"href":"https:\/\/roveyayinevi.com.tr\/index.php\/wp-json\/wp\/v2\/product_tag?post=736723"}],"curies":[{"name":"wp","href":"https:\/\/api.w.org\/{rel}","templated":true}]}}