{"id":736722,"date":"2025-08-27T23:13:51","date_gmt":"2025-08-27T20:13:51","guid":{"rendered":"https:\/\/roveyayinevi.com.tr\/index.php\/urun\/elleri-kara-cocuk\/"},"modified":"2026-04-16T02:45:46","modified_gmt":"2026-04-15T23:45:46","slug":"elleri-kara-cocuk","status":"publish","type":"product","link":"https:\/\/roveyayinevi.com.tr\/index.php\/urun\/elleri-kara-cocuk\/","title":{"rendered":"Elleri Kara \u00c7ocuk"},"content":{"rendered":"<p>Elleri Kara \u00c7ocuk, Umay Umay\u2019\u0131n, m\u00fcrekkebe hayat\u0131n\u0131 bula\u015ft\u0131rd\u0131\u011f\u0131, \u00f6zg\u00fcn, \u015fa\u015f\u0131rt\u0131c\u0131 ve s\u0131rad\u0131\u015f\u0131 bir kitap. Bar\u0131\u015f Kara\u2019n\u0131n \u00e7izimleriyle zenginle\u015fen Elleri Kara \u00c7ocuk yazarla okurun ayn\u0131 yolu payla\u015fmas\u0131 i\u00e7in bir imk\u00e2n ayn\u0131 zamanda. <\/p>\n","protected":false},"excerpt":{"rendered":"<p>Elleri Kara \u00c7ocuk, Umay Umay\u2019\u0131n, m\u00fcrekkebe hayat\u0131n\u0131 bula\u015ft\u0131rd\u0131\u011f\u0131, \u00f6zg\u00fcn, \u015fa\u015f\u0131rt\u0131c\u0131 ve s\u0131rad\u0131\u015f\u0131 bir kitap. Bar\u0131\u015f Kara\u2019n\u0131n \u00e7izimleriyle zenginle\u015fen Elleri Kara \u00c7ocuk yazarla okurun ayn\u0131 yolu payla\u015fmas\u0131<span class=\"excerpt-hellip\"> [\u2026]<\/span><\/p>\n","protected":false},"featured_media":0,"template":"","meta":{"_monsterinsights_skip_tracking":false,"_monsterinsights_sitenote_active":false,"_monsterinsights_sitenote_note":"","_monsterinsights_sitenote_category":0},"product_brand":[],"product_cat":[28265,15563],"product_tag":[],"class_list":{"0":"post-736722","1":"product","2":"type-product","3":"status-publish","5":"product_cat-diger-hobi","6":"product_cat-hobi","7":"pa_cilt-ciltsiz","8":"pa_tur-kitap","9":"pa_yayinevi-ithaki-yayinlari","10":"pa_yazar-umay-umay","12":"first","13":"instock","14":"sale","15":"shipping-taxable","16":"purchasable","17":"product-type-simple"},"_links":{"self":[{"href":"https:\/\/roveyayinevi.com.tr\/index.php\/wp-json\/wp\/v2\/product\/736722","targetHints":{"allow":["GET"]}}],"collection":[{"href":"https:\/\/roveyayinevi.com.tr\/index.php\/wp-json\/wp\/v2\/product"}],"about":[{"href":"https:\/\/roveyayinevi.com.tr\/index.php\/wp-json\/wp\/v2\/types\/product"}],"wp:attachment":[{"href":"https:\/\/roveyayinevi.com.tr\/index.php\/wp-json\/wp\/v2\/media?parent=736722"}],"wp:term":[{"taxonomy":"product_brand","embeddable":true,"href":"https:\/\/roveyayinevi.com.tr\/index.php\/wp-json\/wp\/v2\/product_brand?post=736722"},{"taxonomy":"product_cat","embeddable":true,"href":"https:\/\/roveyayinevi.com.tr\/index.php\/wp-json\/wp\/v2\/product_cat?post=736722"},{"taxonomy":"product_tag","embeddable":true,"href":"https:\/\/roveyayinevi.com.tr\/index.php\/wp-json\/wp\/v2\/product_tag?post=736722"}],"curies":[{"name":"wp","href":"https:\/\/api.w.org\/{rel}","templated":true}]}}