{"id":736721,"date":"2025-08-27T23:13:49","date_gmt":"2025-08-27T20:13:49","guid":{"rendered":"https:\/\/roveyayinevi.com.tr\/index.php\/urun\/tum-panayirlarin-heyulasi-kayip-rihtim-oyku-antolojisi\/"},"modified":"2026-04-16T02:45:46","modified_gmt":"2026-04-15T23:45:46","slug":"tum-panayirlarin-heyulasi-kayip-rihtim-oyku-antolojisi","status":"publish","type":"product","link":"https:\/\/roveyayinevi.com.tr\/index.php\/urun\/tum-panayirlarin-heyulasi-kayip-rihtim-oyku-antolojisi\/","title":{"rendered":"T\u00fcm Panay\u0131rlar\u0131n Heyulas\u0131 &#8211; Kay\u0131p R\u0131ht\u0131m \u00d6yk\u00fc Antolojisi"},"content":{"rendered":"<p>\u201cFantastik edebiyat, bilimkurgu ve korkunun \u00e7o\u011fu gen\u00e7 ismi bir araya gelip bir ucube \u00f6yk\u00fcleri antolojisi yaratm\u0131\u015f. Aralar\u0131nda sevdi\u011fimiz pek \u00e7ok yazar var. Ve en g\u00fczeli, kad\u0131nerkek da\u011f\u0131l\u0131m\u0131 da umut verici.\u201d \u2013Sevin Okyay   \u201c\u0130syan ba\u015flad\u0131\u011f\u0131nda ucubeler y\u00fcz\u00fcnden ger\u00e7ekle y\u00fczle\u015fmek zorunda kald\u0131lar, hayatlar\u0131n\u0131 idame ettiren yalanlara ne kadar ba\u011f\u0131ml\u0131 olduklar\u0131n\u0131 g\u00f6rd\u00fcler.\u201d   \u0130nsanlar\u0131n pop\u00fclist politikalar taraf\u0131ndan marjinalle\u015ftirildi\u011fi, yaln\u0131zla\u015ft\u0131r\u0131ld\u0131\u011f\u0131, \u00f6teki olmaya mahk\u00fbm edildi\u011fi zamanlarday\u0131z. \u00d6teki olman\u0131n anlam\u0131n\u0131, ayk\u0131r\u0131l\u0131\u011f\u0131n, ucubele\u015fmenin ne demek oldu\u011funu sorgulaman\u0131n en iyi yollar\u0131ndan biri de kurmacadan ge\u00e7iyor.   T\u00fcm Panay\u0131rlar\u0131n Heyulas\u0131 fantazi, bilimkurgu, korku, distopya, tuhaf kurgu ve polisiye t\u00fcrlerinde yaz\u0131lm\u0131\u015f \u201cucube\u201d temal\u0131 20 \u00f6yk\u00fcy\u00fc bir araya getiriyor. \u00d6zel olarak bu kitap i\u00e7in kaleme al\u0131nm\u0131\u015f \u00f6yk\u00fclerde ucube, kimi zaman bir mek\u00e2n kimi zaman bir durum. Bazen de normalin ta kendisi.   \u0130zlerini arama \u00e7ubu\u011funda de\u011fil, hayat\u0131n i\u00e7inde s\u00fcrd\u00fc\u011f\u00fcn\u00fczde ucubelerle \u015fekillenen panay\u0131rlar\u0131 g\u00f6rebilirsiniz. \u00dcstelik t\u00fcm panay\u0131rlar\u0131n bir heyulas\u0131 var. T\u00fcm panay\u0131rlar ayn\u0131 \u00f6z\u00fc sakl\u0131yor. Hepsinin cevheri ayn\u0131 maden oca\u011f\u0131nda g\u00f6m\u00fcl\u00fc. Derinlere inip onlar\u0131 g\u00f6rmemiz gerekiyor. Beraber payla\u015faca\u011f\u0131m\u0131z yollar var.   Kay\u0131p R\u0131ht\u0131m, sizi yaln\u0131z y\u00fcr\u00fcmek istemeyece\u011finiz bir patikaya davet ediyor.AY\u00c7A ERKOL \u2022 BAHADIR C\u00dcNEYT YAL\u00c7IN \u2022 BAHR\u0130 VARDARLILAR \u2022 DEN\u0130Z ERBULAK \u2022 EDA \u0130\u015eLER \u2022 EK\u0130N A\u00c7IKG\u00d6Z \u2022 EM\u0130RHAN BURAK AYDIN \u2022 EZG\u0130 POLAT \u2022 HAKAN BI\u00c7AKCI \u2022 H\u0130KMET H\u00dcK\u00dcMENO\u011eLU \u2022 MEHMET BERK YALTIRIK \u2022 MURAT S. DURAL \u2022 M\u00dcGE KO\u00c7AK \u2022 ONUR SELAMET \u2022 OR\u00c7UN \u00dcNAL \u2022 \u00d6ZG\u00dcRCAN UZUNYA\u015eA \u2022 S. \u0130PEK ORTAER MONTANAR\u0130 \u2022 SERAN DEM\u0130RAL \u2022 SUAT DUMAN \u2022 S\u00dcREYYYA EVREN <\/p>\n","protected":false},"excerpt":{"rendered":"<p>\u201cFantastik edebiyat, bilimkurgu ve korkunun \u00e7o\u011fu gen\u00e7 ismi bir araya gelip bir ucube \u00f6yk\u00fcleri antolojisi yaratm\u0131\u015f. Aralar\u0131nda sevdi\u011fimiz pek \u00e7ok yazar var. Ve en g\u00fczeli, kad\u0131nerkek<span class=\"excerpt-hellip\"> [\u2026]<\/span><\/p>\n","protected":false},"featured_media":0,"template":"","meta":{"_monsterinsights_skip_tracking":false,"_monsterinsights_sitenote_active":false,"_monsterinsights_sitenote_note":"","_monsterinsights_sitenote_category":0},"product_brand":[],"product_cat":[12291,14777],"product_tag":[],"class_list":{"0":"post-736721","1":"product","2":"type-product","3":"status-publish","5":"product_cat-edebiyat","6":"product_cat-fantastik","7":"pa_cilt-ciltsiz","8":"pa_tur-kitap","9":"pa_yayinevi-ithaki-yayinlari","10":"pa_yazar-ithaki-yayinlari-kolektif","12":"first","13":"instock","14":"sale","15":"shipping-taxable","16":"purchasable","17":"product-type-simple"},"_links":{"self":[{"href":"https:\/\/roveyayinevi.com.tr\/index.php\/wp-json\/wp\/v2\/product\/736721","targetHints":{"allow":["GET"]}}],"collection":[{"href":"https:\/\/roveyayinevi.com.tr\/index.php\/wp-json\/wp\/v2\/product"}],"about":[{"href":"https:\/\/roveyayinevi.com.tr\/index.php\/wp-json\/wp\/v2\/types\/product"}],"wp:attachment":[{"href":"https:\/\/roveyayinevi.com.tr\/index.php\/wp-json\/wp\/v2\/media?parent=736721"}],"wp:term":[{"taxonomy":"product_brand","embeddable":true,"href":"https:\/\/roveyayinevi.com.tr\/index.php\/wp-json\/wp\/v2\/product_brand?post=736721"},{"taxonomy":"product_cat","embeddable":true,"href":"https:\/\/roveyayinevi.com.tr\/index.php\/wp-json\/wp\/v2\/product_cat?post=736721"},{"taxonomy":"product_tag","embeddable":true,"href":"https:\/\/roveyayinevi.com.tr\/index.php\/wp-json\/wp\/v2\/product_tag?post=736721"}],"curies":[{"name":"wp","href":"https:\/\/api.w.org\/{rel}","templated":true}]}}