{"id":736719,"date":"2025-08-27T23:13:47","date_gmt":"2025-08-27T20:13:47","guid":{"rendered":"https:\/\/roveyayinevi.com.tr\/index.php\/urun\/vergiliusun-olumu\/"},"modified":"2026-04-16T02:45:46","modified_gmt":"2026-04-15T23:45:46","slug":"vergiliusun-olumu","status":"publish","type":"product","link":"https:\/\/roveyayinevi.com.tr\/index.php\/urun\/vergiliusun-olumu\/","title":{"rendered":"Vergilius\u2019un \u00d6l\u00fcm\u00fc"},"content":{"rendered":"<p>\u0130lk roman\u0131 k\u0131rk be\u015f ya\u015f\u0131ndayken yay\u0131mlanan Hermann Broch, Nazilerin Avusturya\u2019y\u0131 ilhak\u0131n\u0131n ard\u0131ndan sosyalist bir dergiye sahip oldu\u011fu \u015f\u00fcphesiyle k\u0131sa s\u00fcreli\u011fine hapis yatt\u0131, ancak aralar\u0131nda James Joyce\u2019un da bulundu\u011fu dostlar\u0131 sayesinde \u00f6nce \u0130ngiltere, sonra Amerika\u2019ya g\u00f6\u00e7 etti. 1936\u2019da yazmaya ba\u015flad\u0131\u011f\u0131 Vergilius\u2019un \u00d6l\u00fcm\u00fc\u2019n\u00fc sekiz y\u0131lda tamamlad\u0131, roman 1945\u2019te yay\u0131mland\u0131.   Aeneis\u2019in \u015fairi Vergilius, \u0130mparator Octavianus Augustus\u2019un kafilesiyle beraber Brundisium\u2019a gelir. Hastalanan b\u00fcy\u00fck \u015fair, \u00f6nce limanda toplanan mah\u015feri kalabal\u0131\u011f\u0131 a\u015far, sonra yoksullu\u011fun \u00e2deta cisimle\u015fti\u011fi Sefalet Soka\u011f\u0131\u2019ndan ge\u00e7erek saraya ula\u015f\u0131r. Vergilius hayat\u0131n\u0131n son g\u00fcn\u00fcnde, hen\u00fcz bitiremedi\u011fi Aeneis\u2019in ahlaki bir muhakemesini yapacak hatta \u00f6l\u00fcm\u00fcnden sonra, halk\u0131n B\u00fcy\u00fck Roma\u2019ya inanc\u0131n\u0131 per\u00e7inleyecek bu destan\u0131n yak\u0131lmas\u0131 ad\u0131na Augustus\u2019a kar\u015f\u0131 \u00e7\u0131kmay\u0131 bile g\u00f6ze alacakt\u0131r.   Hermann Broch\u2019tan Vergilius\u2019un \u00d6l\u00fcm\u00fc su, ate\u015f, hava ve toprak kadar temel \u00f6\u011felerin, ya\u015fam\u0131n, g\u00fczelli\u011fin, bilginin, \u00f6l\u00fcm\u00fcn \u00fcst\u00fcnde y\u00fckselen abidevi bir ba\u015fyap\u0131t.   \u201cRoman\u0131n esnek yap\u0131s\u0131 ba\u011flam\u0131nda ger\u00e7ekle\u015ftirilmi\u015f en s\u0131rad\u0131\u015f\u0131 ve temel deneylerden biri.\u201d \u2013Thomas Mann   \u201cHermann Broch on dokuzuncu y\u00fczy\u0131l\u0131n klasik sanat bi\u00e7imlerinden birini neredeyse b\u00fct\u00fcn\u00fcyle d\u00f6n\u00fc\u015ft\u00fcren b\u00fcy\u00fck yirminci y\u00fczy\u0131l romanc\u0131lar\u0131n\u0131n gelene\u011fine ait bir yazar.\u201d \u2013Hannah Arendt <\/p>\n","protected":false},"excerpt":{"rendered":"<p>\u0130lk roman\u0131 k\u0131rk be\u015f ya\u015f\u0131ndayken yay\u0131mlanan Hermann Broch, Nazilerin Avusturya\u2019y\u0131 ilhak\u0131n\u0131n ard\u0131ndan sosyalist bir dergiye sahip oldu\u011fu \u015f\u00fcphesiyle k\u0131sa s\u00fcreli\u011fine hapis yatt\u0131, ancak aralar\u0131nda James Joyce\u2019un<span class=\"excerpt-hellip\"> [\u2026]<\/span><\/p>\n","protected":false},"featured_media":0,"template":"","meta":{"_monsterinsights_skip_tracking":false,"_monsterinsights_sitenote_active":false,"_monsterinsights_sitenote_note":"","_monsterinsights_sitenote_category":0},"product_brand":[],"product_cat":[12291,12711],"product_tag":[],"class_list":{"0":"post-736719","1":"product","2":"type-product","3":"status-publish","5":"product_cat-edebiyat","6":"product_cat-roman-oyku","7":"pa_cilt-ciltsiz","8":"pa_tur-kitap","9":"pa_yayinevi-ithaki-yayinlari","10":"pa_yazar-hermann-broch","12":"first","13":"instock","14":"sale","15":"shipping-taxable","16":"purchasable","17":"product-type-simple"},"_links":{"self":[{"href":"https:\/\/roveyayinevi.com.tr\/index.php\/wp-json\/wp\/v2\/product\/736719","targetHints":{"allow":["GET"]}}],"collection":[{"href":"https:\/\/roveyayinevi.com.tr\/index.php\/wp-json\/wp\/v2\/product"}],"about":[{"href":"https:\/\/roveyayinevi.com.tr\/index.php\/wp-json\/wp\/v2\/types\/product"}],"wp:attachment":[{"href":"https:\/\/roveyayinevi.com.tr\/index.php\/wp-json\/wp\/v2\/media?parent=736719"}],"wp:term":[{"taxonomy":"product_brand","embeddable":true,"href":"https:\/\/roveyayinevi.com.tr\/index.php\/wp-json\/wp\/v2\/product_brand?post=736719"},{"taxonomy":"product_cat","embeddable":true,"href":"https:\/\/roveyayinevi.com.tr\/index.php\/wp-json\/wp\/v2\/product_cat?post=736719"},{"taxonomy":"product_tag","embeddable":true,"href":"https:\/\/roveyayinevi.com.tr\/index.php\/wp-json\/wp\/v2\/product_tag?post=736719"}],"curies":[{"name":"wp","href":"https:\/\/api.w.org\/{rel}","templated":true}]}}