{"id":736718,"date":"2025-08-27T23:13:46","date_gmt":"2025-08-27T20:13:46","guid":{"rendered":"https:\/\/roveyayinevi.com.tr\/index.php\/urun\/ay-bahceleri-malazan-yitikler-kitabi-1\/"},"modified":"2026-04-16T02:45:46","modified_gmt":"2026-04-15T23:45:46","slug":"ay-bahceleri-malazan-yitikler-kitabi-1","status":"publish","type":"product","link":"https:\/\/roveyayinevi.com.tr\/index.php\/urun\/ay-bahceleri-malazan-yitikler-kitabi-1\/","title":{"rendered":"Ay Bah\u00e7eleri &#8211; Malazan Yitikler Kitab\u0131 1"},"content":{"rendered":"<p>\u201cEN G\u00dcZEL HAYAT, TANRILARIN G\u00d6Z\u00dcNE BATMAYANDIR. H\u00dcR KALMAK \u0130ST\u0130YORSAN, SESS\u0130Z SEDASIZ YA\u015eAMALISIN.\u201d\u015eehirlerin ba\u015f tac\u0131, bir rivayet \u00fcst\u00fcne in\u015fa edilen \u015fehir Darujhistan\u2026 Gaz lambalar\u0131n\u0131n mavi \u0131\u015f\u0131\u011f\u0131nda geceleri bir inci gibi parlayan bu \u015fehir, Genabackis k\u0131tas\u0131n\u0131n ev sahipli\u011fi yapt\u0131\u011f\u0131 \u00d6zg\u00fcr Kentler aras\u0131nda, Malazan \u0130mparatorlu\u011fu taraf\u0131ndan ele ge\u00e7irilmemi\u015f son yerdi. Ve \u0130mparatorluk doymak bilmez bir i\u015ftahla g\u00f6z\u00fcn\u00fc Darujhistan\u2019a \u00e7evirmi\u015fti. \u0130mparatori\u00e7e Laseen mutlak h\u00e2kimiyet i\u00e7in her \u015feyi g\u00f6ze alm\u0131\u015ft\u0131.   Ancak Darujhistan d\u0131\u015far\u0131dan g\u00f6r\u00fcnd\u00fc\u011f\u00fc kadar savunmas\u0131z de\u011fildi. \u015eehrin dolamba\u00e7l\u0131 sokaklar\u0131nda Y\u0131lanbal\u0131\u011f\u0131 ismindeki casuslar efendisi, \u015fehrini korumak i\u00e7in gizemli g\u00fc\u00e7lerle bir \u00e7at\u0131\u015fmaya girmi\u015fti. \u015eehrin \u00e7at\u0131lar\u0131nda geceleri bir suikast\u00e7\u0131 sava\u015f\u0131 veriliyordu. \u015eehrin tepesindeyse, y\u00f6netimi elinde tutan efsuncular cemiyetiyle ittifaka girmi\u015f olan b\u00fcy\u00fcc\u00fc-suikast\u00e7\u0131 Tiste Andii \u0131rk\u0131n\u0131n lideri Anomander Rake, u\u00e7an kalesi Ay Tohumu\u2019nda harekete ge\u00e7me vaktinin gelmesini bekliyordu.   Tanr\u0131lar\u0131n da oyuna kat\u0131lmas\u0131yla, Darujhistan \u00fczerinden yap\u0131lan t\u00fcm planlar suya d\u00fc\u015fme tehlikesiyle kar\u015f\u0131 kar\u015f\u0131ya kalacakt\u0131. \u0130nsanlar\u0131n gelip ge\u00e7ici h\u0131rslar\u0131, tanr\u0131lar\u0131n ebedi \u00e7at\u0131\u015fmalar\u0131n\u0131n alt\u0131nda ezilecekti. Ve tanr\u0131lar\u0131n unuttu\u011fu bir ger\u00e7ek g\u00fcn y\u00fcz\u00fcne \u00e7\u0131kacakt\u0131: Faniler de bir tanr\u0131y\u0131 \u00f6ld\u00fcrebilirdi.   \u201cSize verebilece\u011fim tek tavsiye, vakit kaybetmeden Ay Bah\u00e7eleri\u2019ni okumaya ba\u015flaman\u0131z.\u201d \u2013Stephen R. Donaldson   \u201cBu eser, epik fantasti\u011fin zirve noktas\u0131 olabilir.\u201d \u2013Glen Cook <\/p>\n","protected":false},"excerpt":{"rendered":"<p>\u201cEN G\u00dcZEL HAYAT, TANRILARIN G\u00d6Z\u00dcNE BATMAYANDIR. H\u00dcR KALMAK \u0130ST\u0130YORSAN, SESS\u0130Z SEDASIZ YA\u015eAMALISIN.\u201d\u015eehirlerin ba\u015f tac\u0131, bir rivayet \u00fcst\u00fcne in\u015fa edilen \u015fehir Darujhistan\u2026 Gaz lambalar\u0131n\u0131n mavi \u0131\u015f\u0131\u011f\u0131nda geceleri<span class=\"excerpt-hellip\"> [\u2026]<\/span><\/p>\n","protected":false},"featured_media":0,"template":"","meta":{"_monsterinsights_skip_tracking":false,"_monsterinsights_sitenote_active":false,"_monsterinsights_sitenote_note":"","_monsterinsights_sitenote_category":0},"product_brand":[],"product_cat":[12291,14777],"product_tag":[],"class_list":{"0":"post-736718","1":"product","2":"type-product","3":"status-publish","5":"product_cat-edebiyat","6":"product_cat-fantastik","7":"pa_cilt-ciltsiz","8":"pa_tur-kitap","9":"pa_yayinevi-ithaki-yayinlari","10":"pa_yazar-steven-erikson","12":"first","13":"instock","14":"sale","15":"shipping-taxable","16":"purchasable","17":"product-type-simple"},"_links":{"self":[{"href":"https:\/\/roveyayinevi.com.tr\/index.php\/wp-json\/wp\/v2\/product\/736718","targetHints":{"allow":["GET"]}}],"collection":[{"href":"https:\/\/roveyayinevi.com.tr\/index.php\/wp-json\/wp\/v2\/product"}],"about":[{"href":"https:\/\/roveyayinevi.com.tr\/index.php\/wp-json\/wp\/v2\/types\/product"}],"wp:attachment":[{"href":"https:\/\/roveyayinevi.com.tr\/index.php\/wp-json\/wp\/v2\/media?parent=736718"}],"wp:term":[{"taxonomy":"product_brand","embeddable":true,"href":"https:\/\/roveyayinevi.com.tr\/index.php\/wp-json\/wp\/v2\/product_brand?post=736718"},{"taxonomy":"product_cat","embeddable":true,"href":"https:\/\/roveyayinevi.com.tr\/index.php\/wp-json\/wp\/v2\/product_cat?post=736718"},{"taxonomy":"product_tag","embeddable":true,"href":"https:\/\/roveyayinevi.com.tr\/index.php\/wp-json\/wp\/v2\/product_tag?post=736718"}],"curies":[{"name":"wp","href":"https:\/\/api.w.org\/{rel}","templated":true}]}}