{"id":736717,"date":"2025-08-27T23:13:45","date_gmt":"2025-08-27T20:13:45","guid":{"rendered":"https:\/\/roveyayinevi.com.tr\/index.php\/urun\/kan-ve-bal-2\/"},"modified":"2026-04-16T02:45:46","modified_gmt":"2026-04-15T23:45:46","slug":"kan-ve-bal-2","status":"publish","type":"product","link":"https:\/\/roveyayinevi.com.tr\/index.php\/urun\/kan-ve-bal-2\/","title":{"rendered":"Kan ve Bal"},"content":{"rendered":"<p>NEREYE G\u0130DERSEN G\u0130T, SEN\u0130NLE GEL\u0130R\u0130M   Morgane\u2019\u0131n han\u00e7erinden k\u0131l pay\u0131 kurtulduktan sonra kendilerini yapayaln\u0131z bulan Lou, Reid, Coco ve Ansel\u2019in saklanacak yerleri kalmam\u0131\u015ft\u0131. Kilise, krall\u0131k, cad\u0131lar \u2013 herkes onlara kar\u015f\u0131yd\u0131. Bu sava\u015f\u0131 kazanma \u015fanslar\u0131 t\u00fckenmek \u00fczereydi.   NEREDE OLURSAN OL, YANINDA KALIRIM   \u00d6l\u00fcmc\u00fcl bir kedi-fare oyununun i\u00e7ine \u00e7ekilirken m\u00fcttefiklerini en umulmad\u0131k yerlerde aramalar\u0131 gerekiyordu. En kadim d\u00fc\u015fmanlar\u0131 olan kan cad\u0131lar\u0131n\u0131 ve kurtadamlar\u0131 ikna etmek i\u00e7in \u00e7ok az zamanlar\u0131 vard\u0131.   \u0130K\u0130M\u0130Z DE YA\u015eAYACAKSAK, HER \u015eEY\u0130 YAPARIM   Lou b\u00fcy\u00fcn\u00fcn tehlikeli s\u0131n\u0131rlar\u0131nda gezinirken, Reid kendi g\u00fcc\u00fcn\u00fc h\u00e2l\u00e2 \u0131srarla reddetmeye \u00e7al\u0131\u015f\u0131yordu. Onlar\u0131 sonsuza dek ba\u011flayan yeminleri, kanla tekrar yaz\u0131lmak \u00fczereydi.   FAKAT \u00d6L\u00dcM HEP\u0130M\u0130Z\u0130N PE\u015e\u0130NDE.     \u201cLou sadece kendi sesini bulmakla kalm\u0131yor, erkeklerin kad\u0131nlara olan bak\u0131\u015f a\u00e7\u0131s\u0131n\u0131 da tamamen de\u011fi\u015ftiriyor. \u0130lk kitab\u0131 sevenler, her ters k\u00f6\u015fede Kan ve Bal\u2019a hayran olacak.\u201d \u2014School Library Journal   \u201cShelby Mahurin, insan\u0131 avucunun i\u00e7ine alan cesur bir devam kitab\u0131na imza atm\u0131\u015f. Kesinlikle en sevdi\u011fim serilerin aras\u0131na girdi.\u201d \u2014Adalyn Grace   \u201cT\u00fcm yozla\u015fm\u0131\u015fl\u0131\u011f\u0131 ve tehlikeleriyle, Kan ve Bal tam da ihtiyac\u0131m olan kitap. Karakterler beni o kadar etkiledi ki ba\u015flar\u0131na daha neler gelece\u011fini bir an \u00f6nce okumak i\u00e7in sab\u0131rs\u0131zlan\u0131yorum.\u201d \u2014Rene\u00e9 Ahdieh   \u201cKeskin mizah\u0131, kalbimi hi\u00e7 \u00e7ekinmeden k\u0131rmas\u0131 ve muhte\u015fem ters k\u00f6\u015feleriyle ba\u015f\u0131m\u0131 d\u00f6nd\u00fcrd\u00fc.\u201d \u2014Isabel Iba\u00f1ez   \u201cShelby Mahurin\u2019in yaratt\u0131\u011f\u0131 nefes kesici b\u00fcy\u00fcl\u00fc d\u00fcnya, sevginin g\u00fcc\u00fc ve ne pahas\u0131na olursa olsun sevdiklerini koruma arzusunun \u00e7arp\u0131\u015fmas\u0131na sahne oluyor. Ba\u015fkas\u0131n\u0131n ruhunu kurtarmak i\u00e7in kendininkini feda eder miydin? Kan ve Bal bu zor soruyu ortaya atmakla kalm\u0131yor, okuru ba\u015f d\u00f6nd\u00fcr\u00fcc\u00fc bir yolculu\u011fun i\u00e7ine \u00e7ekiyor.\u201d \u2014Jodi Picoult <\/p>\n","protected":false},"excerpt":{"rendered":"<p>NEREYE G\u0130DERSEN G\u0130T, SEN\u0130NLE GEL\u0130R\u0130M Morgane\u2019\u0131n han\u00e7erinden k\u0131l pay\u0131 kurtulduktan sonra kendilerini yapayaln\u0131z bulan Lou, Reid, Coco ve Ansel\u2019in saklanacak yerleri kalmam\u0131\u015ft\u0131. Kilise, krall\u0131k, cad\u0131lar \u2013<span class=\"excerpt-hellip\"> [\u2026]<\/span><\/p>\n","protected":false},"featured_media":0,"template":"","meta":{"_monsterinsights_skip_tracking":false,"_monsterinsights_sitenote_active":false,"_monsterinsights_sitenote_note":"","_monsterinsights_sitenote_category":0},"product_brand":[],"product_cat":[12291,14777],"product_tag":[],"class_list":{"0":"post-736717","1":"product","2":"type-product","3":"status-publish","5":"product_cat-edebiyat","6":"product_cat-fantastik","7":"pa_cilt-ciltsiz","8":"pa_tur-kitap","9":"pa_yayinevi-yabanci-yayinevi","10":"pa_yazar-shelby-mahurin","12":"first","13":"instock","14":"sale","15":"shipping-taxable","16":"purchasable","17":"product-type-simple"},"_links":{"self":[{"href":"https:\/\/roveyayinevi.com.tr\/index.php\/wp-json\/wp\/v2\/product\/736717","targetHints":{"allow":["GET"]}}],"collection":[{"href":"https:\/\/roveyayinevi.com.tr\/index.php\/wp-json\/wp\/v2\/product"}],"about":[{"href":"https:\/\/roveyayinevi.com.tr\/index.php\/wp-json\/wp\/v2\/types\/product"}],"wp:attachment":[{"href":"https:\/\/roveyayinevi.com.tr\/index.php\/wp-json\/wp\/v2\/media?parent=736717"}],"wp:term":[{"taxonomy":"product_brand","embeddable":true,"href":"https:\/\/roveyayinevi.com.tr\/index.php\/wp-json\/wp\/v2\/product_brand?post=736717"},{"taxonomy":"product_cat","embeddable":true,"href":"https:\/\/roveyayinevi.com.tr\/index.php\/wp-json\/wp\/v2\/product_cat?post=736717"},{"taxonomy":"product_tag","embeddable":true,"href":"https:\/\/roveyayinevi.com.tr\/index.php\/wp-json\/wp\/v2\/product_tag?post=736717"}],"curies":[{"name":"wp","href":"https:\/\/api.w.org\/{rel}","templated":true}]}}