{"id":736715,"date":"2025-08-27T23:13:42","date_gmt":"2025-08-27T20:13:42","guid":{"rendered":"https:\/\/roveyayinevi.com.tr\/index.php\/urun\/tanrilar-ve-canavarlar\/"},"modified":"2026-04-16T02:45:46","modified_gmt":"2026-04-15T23:45:46","slug":"tanrilar-ve-canavarlar","status":"publish","type":"product","link":"https:\/\/roveyayinevi.com.tr\/index.php\/urun\/tanrilar-ve-canavarlar\/","title":{"rendered":"Tanr\u0131lar ve Canavarlar"},"content":{"rendered":"<p>KADER\u0130N B\u0130RLE\u015eT\u0130RD\u0130\u011e\u0130 \u0130K\u0130 \u00c2\u015eIKTIK B\u0130Z   Lou b\u00fct\u00fcn hayat\u0131n\u0131 annesinden ve avc\u0131lardan ka\u00e7arak ge\u00e7irmi\u015fti. Reid ise cad\u0131lar\u0131 kovalayarak. Beraber olabilmek i\u00e7in t\u00fcm imk\u00e2ns\u0131zl\u0131klara kafa tutan bu \u00e7ift \u015fimdi yine omuz omuza durmu\u015f, y\u0131k\u0131c\u0131 kay\u0131plar\u0131 i\u00e7in alacaklar\u0131 intikam\u0131 planl\u0131yordu.   KAZIK VE K\u0130BR\u0130T\u0130N   Ancak karanl\u0131k, g\u00f6r\u00fcnenden daha yak\u0131nd\u0131. Lou\u2019yu \u00e7oktan ele ge\u00e7irmi\u015fti ve onu geri getirmek i\u00e7in bu kez sadece a\u015fk yetmeyecekti. O kendi i\u00e7inde \u00f6l\u00fcm kal\u0131m sava\u015f\u0131 verirken, cad\u0131lar onlara kar\u015f\u0131 birle\u015fiyor ve yeni bir d\u00fcnyan\u0131n kap\u0131lar\u0131 aralan\u0131yordu.   YA\u015eAM VE \u00d6L\u00dcM\u00dcN   Lou hakk\u0131 olan tahta oturup Morgane\u2019\u0131n h\u00fckm\u00fcne son vermek i\u00e7in mutlaka geri d\u00f6nmeliydi. Bu noktada Reid\u2019i kritik bir karar bekliyordu. K\u00f6t\u00fcl\u00fc\u011f\u00fcn her koldan sald\u0131rd\u0131\u011f\u0131 bu son sava\u015f\u0131 kazanabilmek u\u011fruna a\u015fk\u0131n\u0131 m\u0131, benli\u011fini mi yoksa gelece\u011fini mi feda edecekti?   TANRILAR VE CANAVARLARIN     \u201cBu enfes, m\u00fckemmel ve zaman zaman da y\u00fcrek burkan seriyi okuman\u0131z\u0131 \u015fiddetle tavsiye ediyorum. Tanr\u0131lar ve Canavarlar gen\u00e7 yeti\u015fkin t\u00fcr\u00fcn\u00fcn en iyi \u00f6rneklerinden biri!\u201d \u2014The Young Folks   \u201cTanr\u0131lar ve Canavarlar\u2019\u0131 Lou\u2019nun bir tepsi tar\u00e7\u0131nl\u0131 \u00e7\u00f6re\u011fi mideye indirmesinden daha h\u0131zl\u0131 yalay\u0131p yuttum!\u201d \u2014Coffee, Book &amp; Candle   \u201cBu kitaba \u00e7ok katmanl\u0131 demek az kal\u0131r. Tanr\u0131lar ve Canavarlar bunun \u00e7ok daha \u00f6tesinde. M\u00fckemmel ve can ac\u0131t\u0131c\u0131\u2026 yo\u011fun ve b\u00fcy\u00fcleyici.\u201d \u2014Toppin\u2019 Up <\/p>\n","protected":false},"excerpt":{"rendered":"<p>KADER\u0130N B\u0130RLE\u015eT\u0130RD\u0130\u011e\u0130 \u0130K\u0130 \u00c2\u015eIKTIK B\u0130Z Lou b\u00fct\u00fcn hayat\u0131n\u0131 annesinden ve avc\u0131lardan ka\u00e7arak ge\u00e7irmi\u015fti. Reid ise cad\u0131lar\u0131 kovalayarak. Beraber olabilmek i\u00e7in t\u00fcm imk\u00e2ns\u0131zl\u0131klara kafa tutan bu \u00e7ift<span class=\"excerpt-hellip\"> [\u2026]<\/span><\/p>\n","protected":false},"featured_media":0,"template":"","meta":{"_monsterinsights_skip_tracking":false,"_monsterinsights_sitenote_active":false,"_monsterinsights_sitenote_note":"","_monsterinsights_sitenote_category":0},"product_brand":[],"product_cat":[12291,14777],"product_tag":[],"class_list":{"0":"post-736715","1":"product","2":"type-product","3":"status-publish","5":"product_cat-edebiyat","6":"product_cat-fantastik","7":"pa_cilt-ciltsiz","8":"pa_tur-kitap","9":"pa_yayinevi-yabanci-yayinevi","10":"pa_yazar-shelby-mahurin","12":"first","13":"instock","14":"sale","15":"shipping-taxable","16":"purchasable","17":"product-type-simple"},"_links":{"self":[{"href":"https:\/\/roveyayinevi.com.tr\/index.php\/wp-json\/wp\/v2\/product\/736715","targetHints":{"allow":["GET"]}}],"collection":[{"href":"https:\/\/roveyayinevi.com.tr\/index.php\/wp-json\/wp\/v2\/product"}],"about":[{"href":"https:\/\/roveyayinevi.com.tr\/index.php\/wp-json\/wp\/v2\/types\/product"}],"wp:attachment":[{"href":"https:\/\/roveyayinevi.com.tr\/index.php\/wp-json\/wp\/v2\/media?parent=736715"}],"wp:term":[{"taxonomy":"product_brand","embeddable":true,"href":"https:\/\/roveyayinevi.com.tr\/index.php\/wp-json\/wp\/v2\/product_brand?post=736715"},{"taxonomy":"product_cat","embeddable":true,"href":"https:\/\/roveyayinevi.com.tr\/index.php\/wp-json\/wp\/v2\/product_cat?post=736715"},{"taxonomy":"product_tag","embeddable":true,"href":"https:\/\/roveyayinevi.com.tr\/index.php\/wp-json\/wp\/v2\/product_tag?post=736715"}],"curies":[{"name":"wp","href":"https:\/\/api.w.org\/{rel}","templated":true}]}}