{"id":736714,"date":"2025-08-27T23:13:41","date_gmt":"2025-08-27T20:13:41","guid":{"rendered":"https:\/\/roveyayinevi.com.tr\/index.php\/urun\/tanrilar-ve-canavarlar-ciltli\/"},"modified":"2026-04-16T02:45:46","modified_gmt":"2026-04-15T23:45:46","slug":"tanrilar-ve-canavarlar-ciltli","status":"publish","type":"product","link":"https:\/\/roveyayinevi.com.tr\/index.php\/urun\/tanrilar-ve-canavarlar-ciltli\/","title":{"rendered":"Tanr\u0131lar ve Canavarlar (Ciltli)"},"content":{"rendered":"<p>CADI \u0130LE CADI AVCISININ SON SAVA\u015eI BA\u015eLIYOR   KADER\u0130N B\u0130RLE\u015eT\u0130RD\u0130\u011e\u0130 \u0130K\u0130 \u00c2\u015eIKTIK B\u0130Z   Lou b\u00fct\u00fcn hayat\u0131n\u0131 annesinden ve avc\u0131lardan ka\u00e7arak ge\u00e7irmi\u015fti. Reid ise cad\u0131lar\u0131 kovalayarak. Beraber olabilmek i\u00e7in t\u00fcm imk\u00e2ns\u0131zl\u0131klara kafa tutan bu \u00e7ift \u015fimdi yine omuz omuza durmu\u015f, y\u0131k\u0131c\u0131 kay\u0131plar\u0131 i\u00e7in alacaklar\u0131 intikam\u0131 planl\u0131yordu.   KAZIK VE K\u0130BR\u0130T\u0130N   Ancak karanl\u0131k, g\u00f6r\u00fcnenden daha yak\u0131nd\u0131. Lou\u2019yu \u00e7oktan ele ge\u00e7irmi\u015fti ve onu geri getirmek i\u00e7in bu kez sadece a\u015fk yetmeyecekti. O kendi i\u00e7inde \u00f6l\u00fcm kal\u0131m sava\u015f\u0131 verirken, cad\u0131lar onlara kar\u015f\u0131 birle\u015fiyor ve yeni bir d\u00fcnyan\u0131n kap\u0131lar\u0131 aralan\u0131yordu.   YA\u015eAM VE \u00d6L\u00dcM\u00dcN   Lou hakk\u0131 olan tahta oturup Morgane\u2019\u0131n h\u00fckm\u00fcne son vermek i\u00e7in mutlaka geri d\u00f6nmeliydi. Bu noktada Reid\u2019i kritik bir karar bekliyordu. K\u00f6t\u00fcl\u00fc\u011f\u00fcn her koldan sald\u0131rd\u0131\u011f\u0131 bu son sava\u015f\u0131 kazanabilmek u\u011fruna a\u015fk\u0131n\u0131 m\u0131, benli\u011fini mi yoksa gelece\u011fini mi feda edecekti?   TANRILAR VE CANAVARLARIN   <\/p>\n","protected":false},"excerpt":{"rendered":"<p>CADI \u0130LE CADI AVCISININ SON SAVA\u015eI BA\u015eLIYOR KADER\u0130N B\u0130RLE\u015eT\u0130RD\u0130\u011e\u0130 \u0130K\u0130 \u00c2\u015eIKTIK B\u0130Z Lou b\u00fct\u00fcn hayat\u0131n\u0131 annesinden ve avc\u0131lardan ka\u00e7arak ge\u00e7irmi\u015fti. Reid ise cad\u0131lar\u0131 kovalayarak. Beraber olabilmek<span class=\"excerpt-hellip\"> [\u2026]<\/span><\/p>\n","protected":false},"featured_media":0,"template":"","meta":{"_monsterinsights_skip_tracking":false,"_monsterinsights_sitenote_active":false,"_monsterinsights_sitenote_note":"","_monsterinsights_sitenote_category":0},"product_brand":[],"product_cat":[12291,14777],"product_tag":[],"class_list":{"0":"post-736714","1":"product","2":"type-product","3":"status-publish","5":"product_cat-edebiyat","6":"product_cat-fantastik","7":"pa_cilt-ciltli","8":"pa_tur-kitap","9":"pa_yayinevi-yabanci-yayinevi","10":"pa_yazar-shelby-mahurin","12":"first","13":"instock","14":"sale","15":"shipping-taxable","16":"purchasable","17":"product-type-simple"},"_links":{"self":[{"href":"https:\/\/roveyayinevi.com.tr\/index.php\/wp-json\/wp\/v2\/product\/736714","targetHints":{"allow":["GET"]}}],"collection":[{"href":"https:\/\/roveyayinevi.com.tr\/index.php\/wp-json\/wp\/v2\/product"}],"about":[{"href":"https:\/\/roveyayinevi.com.tr\/index.php\/wp-json\/wp\/v2\/types\/product"}],"wp:attachment":[{"href":"https:\/\/roveyayinevi.com.tr\/index.php\/wp-json\/wp\/v2\/media?parent=736714"}],"wp:term":[{"taxonomy":"product_brand","embeddable":true,"href":"https:\/\/roveyayinevi.com.tr\/index.php\/wp-json\/wp\/v2\/product_brand?post=736714"},{"taxonomy":"product_cat","embeddable":true,"href":"https:\/\/roveyayinevi.com.tr\/index.php\/wp-json\/wp\/v2\/product_cat?post=736714"},{"taxonomy":"product_tag","embeddable":true,"href":"https:\/\/roveyayinevi.com.tr\/index.php\/wp-json\/wp\/v2\/product_tag?post=736714"}],"curies":[{"name":"wp","href":"https:\/\/api.w.org\/{rel}","templated":true}]}}