{"id":736711,"date":"2025-08-27T23:13:39","date_gmt":"2025-08-27T20:13:39","guid":{"rendered":"https:\/\/roveyayinevi.com.tr\/index.php\/urun\/yeni-tartismalar-isiginda-maliye-ekonomi-ve-isletme-yazilari\/"},"modified":"2026-04-16T02:45:46","modified_gmt":"2026-04-15T23:45:46","slug":"yeni-tartismalar-isiginda-maliye-ekonomi-ve-isletme-yazilari","status":"publish","type":"product","link":"https:\/\/roveyayinevi.com.tr\/index.php\/urun\/yeni-tartismalar-isiginda-maliye-ekonomi-ve-isletme-yazilari\/","title":{"rendered":"Yeni Tart\u0131\u015fmalar I\u015f\u0131\u011f\u0131nda Maliye, Ekonomi ve \u0130\u015fletme Yaz\u0131lar\u0131"},"content":{"rendered":"<p>B\u0130R\u0130NC\u0130 KISIM MAL\u0130YE COVID-19 SALGINININ EKONOM\u0130K ETK\u0130LER\u0130N\u0130N HO\u015eNUTSUZLUK ENDEKS\u0130 KAPSAMINDA DE\u011eERLEND\u0130R\u0130LMES\u0130: OECD \u00dcLKELER\u0130YLE KAR\u015eILA\u015eTIRMALI B\u0130R DE\u011eERLEND\u0130RME   \u0130K\u0130NC\u0130 KISIM EKONOM\u0130 OKUN KANUNU KAPSAMINDA \u0130ST\u0130HDAM YARATMAYAN B\u00dcY\u00dcME KAVRAMI, D\u0130NAM\u0130KLER\u0130 VE ANAL\u0130Z\u0130 \u00dc\u00c7\u00dcNC\u00dc KISIM \u0130\u015eLETME TRANSFORMATION IN MEETINGS DURING THE COVID-19 PANDEMIC: AN ANALYSIS FOR VIDEO CONFERENCING TOOLS <\/p>\n","protected":false},"excerpt":{"rendered":"<p>B\u0130R\u0130NC\u0130 KISIM MAL\u0130YE COVID-19 SALGINININ EKONOM\u0130K ETK\u0130LER\u0130N\u0130N HO\u015eNUTSUZLUK ENDEKS\u0130 KAPSAMINDA DE\u011eERLEND\u0130R\u0130LMES\u0130: OECD \u00dcLKELER\u0130YLE KAR\u015eILA\u015eTIRMALI B\u0130R DE\u011eERLEND\u0130RME \u0130K\u0130NC\u0130 KISIM EKONOM\u0130 OKUN KANUNU KAPSAMINDA \u0130ST\u0130HDAM YARATMAYAN B\u00dcY\u00dcME KAVRAMI,<span class=\"excerpt-hellip\"> [\u2026]<\/span><\/p>\n","protected":false},"featured_media":0,"template":"","meta":{"_monsterinsights_skip_tracking":false,"_monsterinsights_sitenote_active":false,"_monsterinsights_sitenote_note":"","_monsterinsights_sitenote_category":0},"product_brand":[],"product_cat":[13043,14381],"product_tag":[],"class_list":{"0":"post-736711","1":"product","2":"type-product","3":"status-publish","5":"product_cat-ekonomi","6":"product_cat-isletme-muhasebe-maliye","7":"pa_cilt-ciltsiz","8":"pa_tur-kitap","9":"pa_yayinevi-gazi-kitabevi","10":"pa_yazar-taha-emre-ciftci","12":"first","13":"instock","14":"sale","15":"shipping-taxable","16":"purchasable","17":"product-type-simple"},"_links":{"self":[{"href":"https:\/\/roveyayinevi.com.tr\/index.php\/wp-json\/wp\/v2\/product\/736711","targetHints":{"allow":["GET"]}}],"collection":[{"href":"https:\/\/roveyayinevi.com.tr\/index.php\/wp-json\/wp\/v2\/product"}],"about":[{"href":"https:\/\/roveyayinevi.com.tr\/index.php\/wp-json\/wp\/v2\/types\/product"}],"wp:attachment":[{"href":"https:\/\/roveyayinevi.com.tr\/index.php\/wp-json\/wp\/v2\/media?parent=736711"}],"wp:term":[{"taxonomy":"product_brand","embeddable":true,"href":"https:\/\/roveyayinevi.com.tr\/index.php\/wp-json\/wp\/v2\/product_brand?post=736711"},{"taxonomy":"product_cat","embeddable":true,"href":"https:\/\/roveyayinevi.com.tr\/index.php\/wp-json\/wp\/v2\/product_cat?post=736711"},{"taxonomy":"product_tag","embeddable":true,"href":"https:\/\/roveyayinevi.com.tr\/index.php\/wp-json\/wp\/v2\/product_tag?post=736711"}],"curies":[{"name":"wp","href":"https:\/\/api.w.org\/{rel}","templated":true}]}}