{"id":736710,"date":"2025-08-27T23:13:38","date_gmt":"2025-08-27T20:13:38","guid":{"rendered":"https:\/\/roveyayinevi.com.tr\/index.php\/urun\/antropolojik-calismalarda-element-analizyle-paleodiyetin-belirlenmesi-eski-anadolu-ornekleri\/"},"modified":"2026-04-16T02:45:46","modified_gmt":"2026-04-15T23:45:46","slug":"antropolojik-calismalarda-element-analizyle-paleodiyetin-belirlenmesi-eski-anadolu-ornekleri","status":"publish","type":"product","link":"https:\/\/roveyayinevi.com.tr\/index.php\/urun\/antropolojik-calismalarda-element-analizyle-paleodiyetin-belirlenmesi-eski-anadolu-ornekleri\/","title":{"rendered":"Antropolojik \u00c7al\u0131\u015fmalarda Element Analizyle Paleodiyetin Belirlenmesi Eski Anadolu \u00d6rnekleri"},"content":{"rendered":"<p>B\u00d6L\u00dcM 1: V\u00dcCUTTA BULUNAN ELEMENTLER, KEM\u0130K K\u0130MYASAL ANAL\u0130ZLER\u0130, HOMEOSTAS\u0130S VE D\u0130AGENES\u0130S (D\u0130YAGENEZ)   B\u00d6L\u00dcM 2: ESK\u0130 ANADOLU TOPLUMLARINDA ELEMENT ANAL\u0130Z\u0130YLE BESLENME \u00dcZER\u0130NE YAPILAN \u00c7ALI\u015eMALAR <\/p>\n","protected":false},"excerpt":{"rendered":"<p>B\u00d6L\u00dcM 1: V\u00dcCUTTA BULUNAN ELEMENTLER, KEM\u0130K K\u0130MYASAL ANAL\u0130ZLER\u0130, HOMEOSTAS\u0130S VE D\u0130AGENES\u0130S (D\u0130YAGENEZ) B\u00d6L\u00dcM 2: ESK\u0130 ANADOLU TOPLUMLARINDA ELEMENT ANAL\u0130Z\u0130YLE BESLENME \u00dcZER\u0130NE YAPILAN \u00c7ALI\u015eMALAR<\/p>\n","protected":false},"featured_media":0,"template":"","meta":{"_monsterinsights_skip_tracking":false,"_monsterinsights_sitenote_active":false,"_monsterinsights_sitenote_note":"","_monsterinsights_sitenote_category":0},"product_brand":[],"product_cat":[15499,13488],"product_tag":[],"class_list":{"0":"post-736710","1":"product","2":"type-product","3":"status-publish","5":"product_cat-antropoloji","6":"product_cat-toplum-ve-insan","7":"pa_cilt-ciltsiz","8":"pa_tur-kitap","9":"pa_yayinevi-gazi-kitabevi","10":"pa_yazar-gazi-kitabevi-kolektif","12":"first","13":"instock","14":"sale","15":"shipping-taxable","16":"purchasable","17":"product-type-simple"},"_links":{"self":[{"href":"https:\/\/roveyayinevi.com.tr\/index.php\/wp-json\/wp\/v2\/product\/736710","targetHints":{"allow":["GET"]}}],"collection":[{"href":"https:\/\/roveyayinevi.com.tr\/index.php\/wp-json\/wp\/v2\/product"}],"about":[{"href":"https:\/\/roveyayinevi.com.tr\/index.php\/wp-json\/wp\/v2\/types\/product"}],"wp:attachment":[{"href":"https:\/\/roveyayinevi.com.tr\/index.php\/wp-json\/wp\/v2\/media?parent=736710"}],"wp:term":[{"taxonomy":"product_brand","embeddable":true,"href":"https:\/\/roveyayinevi.com.tr\/index.php\/wp-json\/wp\/v2\/product_brand?post=736710"},{"taxonomy":"product_cat","embeddable":true,"href":"https:\/\/roveyayinevi.com.tr\/index.php\/wp-json\/wp\/v2\/product_cat?post=736710"},{"taxonomy":"product_tag","embeddable":true,"href":"https:\/\/roveyayinevi.com.tr\/index.php\/wp-json\/wp\/v2\/product_tag?post=736710"}],"curies":[{"name":"wp","href":"https:\/\/api.w.org\/{rel}","templated":true}]}}