{"id":736709,"date":"2025-08-27T23:13:37","date_gmt":"2025-08-27T20:13:37","guid":{"rendered":"https:\/\/roveyayinevi.com.tr\/index.php\/urun\/uzman-gorusleriyle-sera-gazi-beyanlarinin-raporlanmasi-ve-guvence-denetimi\/"},"modified":"2026-04-16T02:45:46","modified_gmt":"2026-04-15T23:45:46","slug":"uzman-gorusleriyle-sera-gazi-beyanlarinin-raporlanmasi-ve-guvence-denetimi","status":"publish","type":"product","link":"https:\/\/roveyayinevi.com.tr\/index.php\/urun\/uzman-gorusleriyle-sera-gazi-beyanlarinin-raporlanmasi-ve-guvence-denetimi\/","title":{"rendered":"Uzman G\u00f6r\u00fc\u015fleriyle Sera Gaz\u0131 Beyanlar\u0131n\u0131n Raporlanmas\u0131 ve G\u00fcvence Denetimi"},"content":{"rendered":"<p>\u00b7         B\u0130R\u0130NC\u0130 B\u00d6L\u00dcM : KAVRAMSAL \u00c7ER\u00c7EVE \u00b7         \u0130K\u0130NC\u0130 B\u00d6L\u00dcM : SERA GAZI BEYANLARININ RAPORLANMASI VE G\u00dcVENCE DENET\u0130M\u0130 \u00b7         \u00dc\u00c7\u00dcNC\u00dc B\u00d6L\u00dcM : SERA GAZI BEYANLARININ RAPORLANMASI VE G\u00dcVENCE DENET\u0130M\u0130NE \u0130L\u0130\u015eK\u0130N UZMAN G\u00d6R\u00dc\u015eLER\u0130 <\/p>\n","protected":false},"excerpt":{"rendered":"<p>\u00b7 B\u0130R\u0130NC\u0130 B\u00d6L\u00dcM : KAVRAMSAL \u00c7ER\u00c7EVE \u00b7 \u0130K\u0130NC\u0130 B\u00d6L\u00dcM : SERA GAZI BEYANLARININ RAPORLANMASI VE G\u00dcVENCE DENET\u0130M\u0130 \u00b7 \u00dc\u00c7\u00dcNC\u00dc B\u00d6L\u00dcM : SERA GAZI BEYANLARININ RAPORLANMASI VE<span class=\"excerpt-hellip\"> [\u2026]<\/span><\/p>\n","protected":false},"featured_media":0,"template":"","meta":{"_monsterinsights_skip_tracking":false,"_monsterinsights_sitenote_active":false,"_monsterinsights_sitenote_note":"","_monsterinsights_sitenote_category":0},"product_brand":[],"product_cat":[13043,14381],"product_tag":[],"class_list":{"0":"post-736709","1":"product","2":"type-product","3":"status-publish","5":"product_cat-ekonomi","6":"product_cat-isletme-muhasebe-maliye","7":"pa_cilt-ciltsiz","8":"pa_tur-kitap","9":"pa_yayinevi-gazi-kitabevi","10":"pa_yazar-tuba-bora-kilincarslan","12":"first","13":"instock","14":"sale","15":"shipping-taxable","16":"purchasable","17":"product-type-simple"},"_links":{"self":[{"href":"https:\/\/roveyayinevi.com.tr\/index.php\/wp-json\/wp\/v2\/product\/736709","targetHints":{"allow":["GET"]}}],"collection":[{"href":"https:\/\/roveyayinevi.com.tr\/index.php\/wp-json\/wp\/v2\/product"}],"about":[{"href":"https:\/\/roveyayinevi.com.tr\/index.php\/wp-json\/wp\/v2\/types\/product"}],"wp:attachment":[{"href":"https:\/\/roveyayinevi.com.tr\/index.php\/wp-json\/wp\/v2\/media?parent=736709"}],"wp:term":[{"taxonomy":"product_brand","embeddable":true,"href":"https:\/\/roveyayinevi.com.tr\/index.php\/wp-json\/wp\/v2\/product_brand?post=736709"},{"taxonomy":"product_cat","embeddable":true,"href":"https:\/\/roveyayinevi.com.tr\/index.php\/wp-json\/wp\/v2\/product_cat?post=736709"},{"taxonomy":"product_tag","embeddable":true,"href":"https:\/\/roveyayinevi.com.tr\/index.php\/wp-json\/wp\/v2\/product_tag?post=736709"}],"curies":[{"name":"wp","href":"https:\/\/api.w.org\/{rel}","templated":true}]}}