{"id":736706,"date":"2025-08-27T23:13:35","date_gmt":"2025-08-27T20:13:35","guid":{"rendered":"https:\/\/roveyayinevi.com.tr\/index.php\/urun\/hentbolda-analiz-programi\/"},"modified":"2026-04-16T02:45:46","modified_gmt":"2026-04-15T23:45:46","slug":"hentbolda-analiz-programi","status":"publish","type":"product","link":"https:\/\/roveyayinevi.com.tr\/index.php\/urun\/hentbolda-analiz-programi\/","title":{"rendered":"Hentbolda Analiz Program\u0131"},"content":{"rendered":"<p>\u00b7         B\u00d6L\u00dcM I : G\u0130R\u0130\u015e \u00b7         B\u00d6L\u00dcM II : GENEL B\u0130LG\u0130LER \u00b7         B\u00d6L\u00dcM III : GERE\u00c7 ve Y\u00d6NTEM \u00b7         B\u00d6L\u00dcM IV : BULGULAR \u00b7         B\u00d6L\u00dcM V : TARTI\u015eMA \u00b7         B\u00d6L\u00dcM VI : SONU\u00c7 VE \u00d6NER\u0130LER B\u00d6L\u00dcM VII : YARARLANILAN KAYNAKLAR<\/p>\n","protected":false},"excerpt":{"rendered":"<p>\u00b7 B\u00d6L\u00dcM I : G\u0130R\u0130\u015e \u00b7 B\u00d6L\u00dcM II : GENEL B\u0130LG\u0130LER \u00b7 B\u00d6L\u00dcM III : GERE\u00c7 ve Y\u00d6NTEM \u00b7 B\u00d6L\u00dcM IV : BULGULAR \u00b7 B\u00d6L\u00dcM V<span class=\"excerpt-hellip\"> [\u2026]<\/span><\/p>\n","protected":false},"featured_media":0,"template":"","meta":{"_monsterinsights_skip_tracking":false,"_monsterinsights_sitenote_active":false,"_monsterinsights_sitenote_note":"","_monsterinsights_sitenote_category":0},"product_brand":[],"product_cat":[15563,15564],"product_tag":[],"class_list":{"0":"post-736706","1":"product","2":"type-product","3":"status-publish","5":"product_cat-hobi","6":"product_cat-spor","7":"pa_cilt-ciltsiz","8":"pa_tur-kitap","9":"pa_yayinevi-gazi-kitabevi","10":"pa_yazar-hikmet-vurgun","12":"first","13":"instock","14":"sale","15":"shipping-taxable","16":"purchasable","17":"product-type-simple"},"_links":{"self":[{"href":"https:\/\/roveyayinevi.com.tr\/index.php\/wp-json\/wp\/v2\/product\/736706","targetHints":{"allow":["GET"]}}],"collection":[{"href":"https:\/\/roveyayinevi.com.tr\/index.php\/wp-json\/wp\/v2\/product"}],"about":[{"href":"https:\/\/roveyayinevi.com.tr\/index.php\/wp-json\/wp\/v2\/types\/product"}],"wp:attachment":[{"href":"https:\/\/roveyayinevi.com.tr\/index.php\/wp-json\/wp\/v2\/media?parent=736706"}],"wp:term":[{"taxonomy":"product_brand","embeddable":true,"href":"https:\/\/roveyayinevi.com.tr\/index.php\/wp-json\/wp\/v2\/product_brand?post=736706"},{"taxonomy":"product_cat","embeddable":true,"href":"https:\/\/roveyayinevi.com.tr\/index.php\/wp-json\/wp\/v2\/product_cat?post=736706"},{"taxonomy":"product_tag","embeddable":true,"href":"https:\/\/roveyayinevi.com.tr\/index.php\/wp-json\/wp\/v2\/product_tag?post=736706"}],"curies":[{"name":"wp","href":"https:\/\/api.w.org\/{rel}","templated":true}]}}