{"id":736705,"date":"2025-08-27T23:13:34","date_gmt":"2025-08-27T20:13:34","guid":{"rendered":"https:\/\/roveyayinevi.com.tr\/index.php\/urun\/egzersiz-davranis-degisim-basamaklari-modeli-cercevesinde-egzersiz-bagliligin-satin-alma-niyetine-etkisi\/"},"modified":"2026-04-16T02:45:46","modified_gmt":"2026-04-15T23:45:46","slug":"egzersiz-davranis-degisim-basamaklari-modeli-cercevesinde-egzersiz-bagliligin-satin-alma-niyetine-etkisi","status":"publish","type":"product","link":"https:\/\/roveyayinevi.com.tr\/index.php\/urun\/egzersiz-davranis-degisim-basamaklari-modeli-cercevesinde-egzersiz-bagliligin-satin-alma-niyetine-etkisi\/","title":{"rendered":"Egzersiz Davran\u0131\u015f De\u011fi\u015fim Basamaklar\u0131 Modeli \u00c7er\u00e7evesinde Egzersiz Ba\u011fl\u0131l\u0131\u011f\u0131n Sat\u0131n Alma Niyetine Etkisi"},"content":{"rendered":"<p>\u00b7         B\u0130R\u0130NC\u0130 B\u00d6L\u00dcM : G\u0130R\u0130\u015e \u00b7         \u0130K\u0130NC\u0130 B\u00d6L\u00dcM : GENEL B\u0130LG\u0130LER \u00b7         \u00dc\u00c7\u00dcNC\u00dc B\u00d6L\u00dcM : GERE\u00c7 ve Y\u00d6NTEM \u00b7         D\u00d6RD\u00dcNC\u00dc B\u00d6L\u00dcM : BULGULAR \u00b7         BE\u015e\u0130NC\u0130 B\u00d6L\u00dcM : TARTI\u015eMA VE SONU\u00c7 \u00b7         ALTINCI B\u00d6L\u00dcM : \u00d6NER\u0130LER \u00b7         YED\u0130NC\u0130 B\u00d6L\u00dcM : KAYNAKLAR \u00b7         SEK\u0130Z\u0130NC\u0130 B\u00d6L\u00dcM : EKLER <\/p>\n","protected":false},"excerpt":{"rendered":"<p>\u00b7 B\u0130R\u0130NC\u0130 B\u00d6L\u00dcM : G\u0130R\u0130\u015e \u00b7 \u0130K\u0130NC\u0130 B\u00d6L\u00dcM : GENEL B\u0130LG\u0130LER \u00b7 \u00dc\u00c7\u00dcNC\u00dc B\u00d6L\u00dcM : GERE\u00c7 ve Y\u00d6NTEM \u00b7 D\u00d6RD\u00dcNC\u00dc B\u00d6L\u00dcM : BULGULAR \u00b7 BE\u015e\u0130NC\u0130 B\u00d6L\u00dcM<span class=\"excerpt-hellip\"> [\u2026]<\/span><\/p>\n","protected":false},"featured_media":0,"template":"","meta":{"_monsterinsights_skip_tracking":false,"_monsterinsights_sitenote_active":false,"_monsterinsights_sitenote_note":"","_monsterinsights_sitenote_category":0},"product_brand":[],"product_cat":[15563,15564],"product_tag":[],"class_list":{"0":"post-736705","1":"product","2":"type-product","3":"status-publish","5":"product_cat-hobi","6":"product_cat-spor","7":"pa_cilt-ciltsiz","8":"pa_tur-kitap","9":"pa_yayinevi-gazi-kitabevi","10":"pa_yazar-mensur-pehlivan","12":"first","13":"instock","14":"sale","15":"shipping-taxable","16":"purchasable","17":"product-type-simple"},"_links":{"self":[{"href":"https:\/\/roveyayinevi.com.tr\/index.php\/wp-json\/wp\/v2\/product\/736705","targetHints":{"allow":["GET"]}}],"collection":[{"href":"https:\/\/roveyayinevi.com.tr\/index.php\/wp-json\/wp\/v2\/product"}],"about":[{"href":"https:\/\/roveyayinevi.com.tr\/index.php\/wp-json\/wp\/v2\/types\/product"}],"wp:attachment":[{"href":"https:\/\/roveyayinevi.com.tr\/index.php\/wp-json\/wp\/v2\/media?parent=736705"}],"wp:term":[{"taxonomy":"product_brand","embeddable":true,"href":"https:\/\/roveyayinevi.com.tr\/index.php\/wp-json\/wp\/v2\/product_brand?post=736705"},{"taxonomy":"product_cat","embeddable":true,"href":"https:\/\/roveyayinevi.com.tr\/index.php\/wp-json\/wp\/v2\/product_cat?post=736705"},{"taxonomy":"product_tag","embeddable":true,"href":"https:\/\/roveyayinevi.com.tr\/index.php\/wp-json\/wp\/v2\/product_tag?post=736705"}],"curies":[{"name":"wp","href":"https:\/\/api.w.org\/{rel}","templated":true}]}}