{"id":736703,"date":"2025-08-27T23:13:33","date_gmt":"2025-08-27T20:13:33","guid":{"rendered":"https:\/\/roveyayinevi.com.tr\/index.php\/urun\/pandemi-surecinin-etkilerine-dair-akademik-degerlendirmeler\/"},"modified":"2026-04-16T02:45:46","modified_gmt":"2026-04-15T23:45:46","slug":"pandemi-surecinin-etkilerine-dair-akademik-degerlendirmeler","status":"publish","type":"product","link":"https:\/\/roveyayinevi.com.tr\/index.php\/urun\/pandemi-surecinin-etkilerine-dair-akademik-degerlendirmeler\/","title":{"rendered":"Pandemi S\u00fcrecinin Etkilerine Dair Akademik De\u011ferlendirmeler"},"content":{"rendered":"<p>\u00b7         COVID-19\u2019UN EKONOM\u0130YE ETK\u0130S\u0130: T\u00dcRK\u0130YE EKONOM\u0130S\u0130N\u0130N SALGINLA M\u00dcCADELES\u0130   \u00b7         COVID-19 PANDEM\u0130YLE M\u00dcCADELEDE BELED\u0130YELER\u0130N ROL\u00dcN\u00dcN \u015eEH\u0130R UYGULAMALARI A\u00c7ISINDAN DE\u011eERLEND\u0130R\u0130LMES\u0130   \u00b7         COVID-19, KENTLER VE POL\u0130T\u0130K D\u00d6N\u00dc\u015e\u00dcMLER   \u00b7         COVID-19 PANDEM\u0130 D\u00d6NEM\u0130NDE \u0130\u015eLETMELERDE YEN\u0130 Y\u00d6NET\u0130M YAKLA\u015eIMLARI   \u00b7         PANDEM\u0130 D\u00d6NEM\u0130NDE METAL ATIK HURDA F\u0130YATLARI VE DE\u011eER Z\u0130NC\u0130R\u0130NDEK\u0130 STOPAJ SORUNU \u00b7         Y\u00d6NET\u0130M L\u0130TERAT\u00dcR\u00dcNDE COVID-19 S\u00dcREC\u0130N\u0130N D\u00d6N\u00dc\u015e\u00dcMSEL ETK\u0130LER\u0130   \u00b7         COVID-19 PANDEM\u0130S\u0130N\u0130N T\u00dcRK\u0130YE\u2019DE YEREL Y\u00d6NET\u0130MLER MAL\u0130YES\u0130NE ETK\u0130LER\u0130   \u00b7         COVID-19\u2019UN OTOMOT\u0130V SEKT\u00d6R\u00dcNE ETK\u0130S\u0130   \u00b7         COVID-19 \u00dcZER\u0130NE B\u0130BL\u0130YOMETR\u0130K ANAL\u0130Z   \u00b7         COVID-19 PANDEM\u0130S\u0130N\u0130N B\u0130R\u0130NC\u0130 YILINDA T\u00dcRK S\u0130GORTA SEKT\u00d6R\u00dcNDE YA\u015eANAN GEL\u0130\u015eMELER   \u00b7         COVID-19 PANDEM\u0130 S\u00dcREC\u0130NDE MUHASEBE MESLEK MENSUPLARININ MESLEK ET\u0130\u011e\u0130 ALGILARI   \u00b7         COV\u0130D-19\u2019UN HAVAYOLU \u015e\u0130RKETLER\u0130N\u0130N F\u0130NANSALPERFORMANSINA ETK\u0130S\u0130: HAVAYOLU \u015e\u0130RKETLER\u0130NDE B\u0130R UYGULAMA   \u00b7         COVID-19 SALGINI S\u00dcREC\u0130NDE TEDAR\u0130K Z\u0130NC\u0130R\u0130 VE LOJ\u0130ST\u0130K   \u00b7         ULUSLARARASI ALANDA PANDEM\u0130YLE M\u00dcCADELEDE \u0130\u015eB\u0130RL\u0130\u011e\u0130 \u00c7ABALARI: COVAX <\/p>\n","protected":false},"excerpt":{"rendered":"<p>\u00b7 COVID-19\u2019UN EKONOM\u0130YE ETK\u0130S\u0130: T\u00dcRK\u0130YE EKONOM\u0130S\u0130N\u0130N SALGINLA M\u00dcCADELES\u0130 \u00b7 COVID-19 PANDEM\u0130YLE M\u00dcCADELEDE BELED\u0130YELER\u0130N ROL\u00dcN\u00dcN \u015eEH\u0130R UYGULAMALARI A\u00c7ISINDAN DE\u011eERLEND\u0130R\u0130LMES\u0130 \u00b7 COVID-19, KENTLER VE POL\u0130T\u0130K D\u00d6N\u00dc\u015e\u00dcMLER \u00b7 COVID-19<span class=\"excerpt-hellip\"> [\u2026]<\/span><\/p>\n","protected":false},"featured_media":0,"template":"","meta":{"_monsterinsights_skip_tracking":false,"_monsterinsights_sitenote_active":false,"_monsterinsights_sitenote_note":"","_monsterinsights_sitenote_category":0},"product_brand":[],"product_cat":[15563,15564],"product_tag":[],"class_list":{"0":"post-736703","1":"product","2":"type-product","3":"status-publish","5":"product_cat-hobi","6":"product_cat-spor","7":"pa_cilt-ciltsiz","8":"pa_tur-kitap","9":"pa_yayinevi-gazi-kitabevi","10":"pa_yazar-isin-kiriskan","12":"first","13":"instock","14":"sale","15":"shipping-taxable","16":"purchasable","17":"product-type-simple"},"_links":{"self":[{"href":"https:\/\/roveyayinevi.com.tr\/index.php\/wp-json\/wp\/v2\/product\/736703","targetHints":{"allow":["GET"]}}],"collection":[{"href":"https:\/\/roveyayinevi.com.tr\/index.php\/wp-json\/wp\/v2\/product"}],"about":[{"href":"https:\/\/roveyayinevi.com.tr\/index.php\/wp-json\/wp\/v2\/types\/product"}],"wp:attachment":[{"href":"https:\/\/roveyayinevi.com.tr\/index.php\/wp-json\/wp\/v2\/media?parent=736703"}],"wp:term":[{"taxonomy":"product_brand","embeddable":true,"href":"https:\/\/roveyayinevi.com.tr\/index.php\/wp-json\/wp\/v2\/product_brand?post=736703"},{"taxonomy":"product_cat","embeddable":true,"href":"https:\/\/roveyayinevi.com.tr\/index.php\/wp-json\/wp\/v2\/product_cat?post=736703"},{"taxonomy":"product_tag","embeddable":true,"href":"https:\/\/roveyayinevi.com.tr\/index.php\/wp-json\/wp\/v2\/product_tag?post=736703"}],"curies":[{"name":"wp","href":"https:\/\/api.w.org\/{rel}","templated":true}]}}