{"id":736700,"date":"2025-08-27T23:13:29","date_gmt":"2025-08-27T20:13:29","guid":{"rendered":"https:\/\/roveyayinevi.com.tr\/index.php\/urun\/dis-hekimi-nildisi-ile-gulmenin-formulu\/"},"modified":"2026-04-16T02:45:45","modified_gmt":"2026-04-15T23:45:45","slug":"dis-hekimi-nildisi-ile-gulmenin-formulu","status":"publish","type":"product","link":"https:\/\/roveyayinevi.com.tr\/index.php\/urun\/dis-hekimi-nildisi-ile-gulmenin-formulu\/","title":{"rendered":"Di\u015f Hekimi Nildi\u015fi \u0130le G\u00fclmenin Form\u00fcl\u00fc"},"content":{"rendered":"<p>Ortodontist kariyeri, Gilman Y\u00fccel\u2019in Feyza \u00d6z ile birlikte kaleme ald\u0131\u011f\u0131 bu kitaba benzersiz bir bak\u0131\u015f a\u00e7\u0131s\u0131 getiriyor. Di\u015fi a\u011fr\u0131d\u0131\u011f\u0131nda \u015fimdi ne olacak diye kara kara d\u00fc\u015f\u00fcnen bir yeti\u015fkin \u00fczerinden ters k\u00f6\u015fe yaparak \u00e7ocuklara di\u015f hekimine gittiklerinde onlar\u0131 nelerin bekledi\u011fini anlat\u0131yor. Timsah Nildi\u015fi\u2019nin b\u00fcy\u00fcklerin di\u015f hekimi korkusunu yenmek i\u00e7in \u00e7ocuklar\u0131n yard\u0131m\u0131na ihtiyac\u0131 var! <\/p>\n","protected":false},"excerpt":{"rendered":"<p>Ortodontist kariyeri, Gilman Y\u00fccel\u2019in Feyza \u00d6z ile birlikte kaleme ald\u0131\u011f\u0131 bu kitaba benzersiz bir bak\u0131\u015f a\u00e7\u0131s\u0131 getiriyor. Di\u015fi a\u011fr\u0131d\u0131\u011f\u0131nda \u015fimdi ne olacak diye kara kara d\u00fc\u015f\u00fcnen<span class=\"excerpt-hellip\"> [\u2026]<\/span><\/p>\n","protected":false},"featured_media":0,"template":"","meta":{"_monsterinsights_skip_tracking":false,"_monsterinsights_sitenote_active":false,"_monsterinsights_sitenote_note":"","_monsterinsights_sitenote_category":0},"product_brand":[],"product_cat":[12275,12274],"product_tag":[],"class_list":{"0":"post-736700","1":"product","2":"type-product","3":"status-publish","5":"product_cat-6-12-yas-kitaplari","6":"product_cat-cocuk-ve-genclik-kitaplari","7":"pa_cilt-ciltsiz","8":"pa_tur-kitap","9":"pa_yayinevi-dogan-cocuk","10":"pa_yazar-gilman-yucel-feyza-oz","12":"first","13":"instock","14":"sale","15":"shipping-taxable","16":"purchasable","17":"product-type-simple"},"_links":{"self":[{"href":"https:\/\/roveyayinevi.com.tr\/index.php\/wp-json\/wp\/v2\/product\/736700","targetHints":{"allow":["GET"]}}],"collection":[{"href":"https:\/\/roveyayinevi.com.tr\/index.php\/wp-json\/wp\/v2\/product"}],"about":[{"href":"https:\/\/roveyayinevi.com.tr\/index.php\/wp-json\/wp\/v2\/types\/product"}],"wp:attachment":[{"href":"https:\/\/roveyayinevi.com.tr\/index.php\/wp-json\/wp\/v2\/media?parent=736700"}],"wp:term":[{"taxonomy":"product_brand","embeddable":true,"href":"https:\/\/roveyayinevi.com.tr\/index.php\/wp-json\/wp\/v2\/product_brand?post=736700"},{"taxonomy":"product_cat","embeddable":true,"href":"https:\/\/roveyayinevi.com.tr\/index.php\/wp-json\/wp\/v2\/product_cat?post=736700"},{"taxonomy":"product_tag","embeddable":true,"href":"https:\/\/roveyayinevi.com.tr\/index.php\/wp-json\/wp\/v2\/product_tag?post=736700"}],"curies":[{"name":"wp","href":"https:\/\/api.w.org\/{rel}","templated":true}]}}