{"id":736692,"date":"2025-08-27T23:13:18","date_gmt":"2025-08-27T20:13:18","guid":{"rendered":"https:\/\/roveyayinevi.com.tr\/index.php\/urun\/semenderin-sozleri\/"},"modified":"2026-04-16T02:45:45","modified_gmt":"2026-04-15T23:45:45","slug":"semenderin-sozleri","status":"publish","type":"product","link":"https:\/\/roveyayinevi.com.tr\/index.php\/urun\/semenderin-sozleri\/","title":{"rendered":"Semenderin S\u00f6zleri"},"content":{"rendered":"<p>Muhit Kitap, \u015fair Nazir Akal\u0131n\u2019\u0131n yay\u0131mlanmay\u0131 bekleyen eserlerini okuyucuyla bulu\u015fturuyor. Tok bir sestir Nazir Akal\u0131n, edebi anlamda g\u00fc\u00e7l\u00fc bir birikime sahiptir ve bu birikimini titizce \u015fiirine yans\u0131tm\u0131\u015ft\u0131r. \u015eiirin kar\u015f\u0131s\u0131nda dik durmu\u015f, k\u0131r\u0131lgan i\u00e7 d\u00fcnyas\u0131n\u0131 ona yaslam\u0131\u015f, bazen \u00f6fkelenmi\u015f, kavgaya tutu\u015fmu\u015f ama yerini hi\u00e7 terk etmemi\u015ftir. O dostlar\u0131n\u0131n deyimiyle \u2018\u2019bedelini \u00f6demi\u015f\u2019\u2019 bir \u015fairdir. Arka Kapak   Sen hi\u00e7 beni \u00f6yle yorgun arg\u0131n g\u00f6rmedin Ya\u015famak yaras\u0131n\u0131 a\u00e7t\u0131 bir g\u00fcl g\u00f6\u011fs\u00fcme <\/p>\n","protected":false},"excerpt":{"rendered":"<p>Muhit Kitap, \u015fair Nazir Akal\u0131n\u2019\u0131n yay\u0131mlanmay\u0131 bekleyen eserlerini okuyucuyla bulu\u015fturuyor. Tok bir sestir Nazir Akal\u0131n, edebi anlamda g\u00fc\u00e7l\u00fc bir birikime sahiptir ve bu birikimini titizce \u015fiirine<span class=\"excerpt-hellip\"> [\u2026]<\/span><\/p>\n","protected":false},"featured_media":0,"template":"","meta":{"_monsterinsights_skip_tracking":false,"_monsterinsights_sitenote_active":false,"_monsterinsights_sitenote_note":"","_monsterinsights_sitenote_category":0},"product_brand":[],"product_cat":[12291,12509],"product_tag":[],"class_list":{"0":"post-736692","1":"product","2":"type-product","3":"status-publish","5":"product_cat-edebiyat","6":"product_cat-siir","7":"pa_cilt-ciltsiz","8":"pa_tur-kitap","9":"pa_yayinevi-muhit-kitap","10":"pa_yazar-nazir-akalin","12":"first","13":"instock","14":"sale","15":"shipping-taxable","16":"purchasable","17":"product-type-simple"},"_links":{"self":[{"href":"https:\/\/roveyayinevi.com.tr\/index.php\/wp-json\/wp\/v2\/product\/736692","targetHints":{"allow":["GET"]}}],"collection":[{"href":"https:\/\/roveyayinevi.com.tr\/index.php\/wp-json\/wp\/v2\/product"}],"about":[{"href":"https:\/\/roveyayinevi.com.tr\/index.php\/wp-json\/wp\/v2\/types\/product"}],"wp:attachment":[{"href":"https:\/\/roveyayinevi.com.tr\/index.php\/wp-json\/wp\/v2\/media?parent=736692"}],"wp:term":[{"taxonomy":"product_brand","embeddable":true,"href":"https:\/\/roveyayinevi.com.tr\/index.php\/wp-json\/wp\/v2\/product_brand?post=736692"},{"taxonomy":"product_cat","embeddable":true,"href":"https:\/\/roveyayinevi.com.tr\/index.php\/wp-json\/wp\/v2\/product_cat?post=736692"},{"taxonomy":"product_tag","embeddable":true,"href":"https:\/\/roveyayinevi.com.tr\/index.php\/wp-json\/wp\/v2\/product_tag?post=736692"}],"curies":[{"name":"wp","href":"https:\/\/api.w.org\/{rel}","templated":true}]}}