{"id":736691,"date":"2025-08-27T23:13:17","date_gmt":"2025-08-27T20:13:17","guid":{"rendered":"https:\/\/roveyayinevi.com.tr\/index.php\/urun\/arkadasim-siu\/"},"modified":"2026-04-16T02:45:45","modified_gmt":"2026-04-15T23:45:45","slug":"arkadasim-siu","status":"publish","type":"product","link":"https:\/\/roveyayinevi.com.tr\/index.php\/urun\/arkadasim-siu\/","title":{"rendered":"Arkada\u015f\u0131m Siu"},"content":{"rendered":"<p>\u201cAy\u0131n rengi sar\u0131, sol ucu sivri, sa\u011f ucu k\u00fct g\u00f6r\u00fcn\u00fcyorsa ilkbahar g\u00fczel olacak.\u201d Eren\u2019in hayat\u0131nda \u00fc\u00e7 \u015feyin yeri \u00e7ok b\u00fcy\u00fck: Buz gibi bir gazoz,en yak\u0131n arkada\u015flar\u0131 ve kar\u015f\u0131 koyamad\u0131\u011f\u0131 ara\u015ft\u0131rma d\u00fcrt\u00fcs\u00fc.Dostlar\u0131 U\u011fur ve Eda her ne kadar aralar\u0131na yeni kat\u0131lan Siuadl\u0131 gizemli arkada\u015f\u0131 kabullenemese de payla\u015fman\u0131nbirle\u015ftirici g\u00fcc\u00fcne kar\u015f\u0131 koyamazlar. Bir yaz g\u00fcn\u00fc kasabalar\u0131n\u0131n yak\u0131n\u0131ndaki \u00f6ren yerinde belirenHattu\u015fi ad\u0131ndaki esrarengiz yabanc\u0131yla kar\u015f\u0131la\u015fan Eren vearkada\u015flar\u0131 tarihler ve medeniyetler aras\u0131nda mekik dokuyanbir maceran\u0131n i\u00e7ine at\u0131l\u0131rlar. T\u00fcm yan\u0131tlar\u0131n anahtar\u0131ysa tek bir ki\u015fide, gizemli Siu\u2019dad\u0131r. Tarih, macera ve arkada\u015fl\u0131\u011f\u0131n i\u00e7 i\u00e7e ge\u00e7ti\u011fi Arkada\u015f\u2019\u0131m Siuilham veren anlat\u0131m\u0131yla sizi bir solukta i\u00e7ine \u00e7ekecek ve ba\u015fka bir zamana \u0131\u015f\u0131nlayacak.<\/p>\n","protected":false},"excerpt":{"rendered":"<p>\u201cAy\u0131n rengi sar\u0131, sol ucu sivri, sa\u011f ucu k\u00fct g\u00f6r\u00fcn\u00fcyorsa ilkbahar g\u00fczel olacak.\u201d Eren\u2019in hayat\u0131nda \u00fc\u00e7 \u015feyin yeri \u00e7ok b\u00fcy\u00fck: Buz gibi bir gazoz,en yak\u0131n arkada\u015flar\u0131<span class=\"excerpt-hellip\"> [\u2026]<\/span><\/p>\n","protected":false},"featured_media":0,"template":"","meta":{"_monsterinsights_skip_tracking":false,"_monsterinsights_sitenote_active":false,"_monsterinsights_sitenote_note":"","_monsterinsights_sitenote_category":0},"product_brand":[],"product_cat":[12275,12274],"product_tag":[],"class_list":{"0":"post-736691","1":"product","2":"type-product","3":"status-publish","5":"product_cat-6-12-yas-kitaplari","6":"product_cat-cocuk-ve-genclik-kitaplari","7":"pa_cilt-ciltsiz","8":"pa_tur-kitap","9":"pa_yayinevi-epsilon-yayinlari","10":"pa_yazar-mustafa-hakki-kurt","12":"first","13":"instock","14":"sale","15":"shipping-taxable","16":"purchasable","17":"product-type-simple"},"_links":{"self":[{"href":"https:\/\/roveyayinevi.com.tr\/index.php\/wp-json\/wp\/v2\/product\/736691","targetHints":{"allow":["GET"]}}],"collection":[{"href":"https:\/\/roveyayinevi.com.tr\/index.php\/wp-json\/wp\/v2\/product"}],"about":[{"href":"https:\/\/roveyayinevi.com.tr\/index.php\/wp-json\/wp\/v2\/types\/product"}],"wp:attachment":[{"href":"https:\/\/roveyayinevi.com.tr\/index.php\/wp-json\/wp\/v2\/media?parent=736691"}],"wp:term":[{"taxonomy":"product_brand","embeddable":true,"href":"https:\/\/roveyayinevi.com.tr\/index.php\/wp-json\/wp\/v2\/product_brand?post=736691"},{"taxonomy":"product_cat","embeddable":true,"href":"https:\/\/roveyayinevi.com.tr\/index.php\/wp-json\/wp\/v2\/product_cat?post=736691"},{"taxonomy":"product_tag","embeddable":true,"href":"https:\/\/roveyayinevi.com.tr\/index.php\/wp-json\/wp\/v2\/product_tag?post=736691"}],"curies":[{"name":"wp","href":"https:\/\/api.w.org\/{rel}","templated":true}]}}