{"id":736690,"date":"2025-08-27T23:13:15","date_gmt":"2025-08-27T20:13:15","guid":{"rendered":"https:\/\/roveyayinevi.com.tr\/index.php\/urun\/morbius-yasayan-vampir-kan-baglari\/"},"modified":"2026-04-16T02:45:45","modified_gmt":"2026-04-15T23:45:45","slug":"morbius-yasayan-vampir-kan-baglari","status":"publish","type":"product","link":"https:\/\/roveyayinevi.com.tr\/index.php\/urun\/morbius-yasayan-vampir-kan-baglari\/","title":{"rendered":"Morbius Ya\u015fayan Vampir &#8211; Kan Ba\u011flar\u0131"},"content":{"rendered":"<p>Ya\u015fayan Vampir Morbius\u2019un laneti kana susam\u0131\u015fl\u0131kt\u0131r. Lanetine bir \u00e7are ararken \u015feytani bir tarikat\u0131n yery\u00fcz\u00fcn\u00fc cehenneme \u00e7evirmesine engel olman\u0131n da bir yolunu bulmak zorunda kalacakt\u0131r. Dr. Michael Morbius, hastas\u0131 oldu\u011fu ve nadir g\u00f6r\u00fclen \u00f6l\u00fcmc\u00fcl bir kan hastal\u0131\u011f\u0131na \u00e7are ararken, insan kan\u0131na doyumsuz bir arzu duyacak \u015fekilde kendisini lanetler ve ya\u015fayan bir vampire d\u00f6n\u00fc\u015f\u00fcr. Korkun\u00e7 durumunu tedavi etmeye \u00e7al\u0131\u015f\u0131rken, \u0130blis-Ate\u015fi tarikat\u0131n\u0131n liderlerinden Catherine\u2019in k\u0131z karde\u015fi Amanda Saint\u2019le dost olur. Zehirli-Tarlaku\u015fu olarak da bilinen Catherine Saint\u2019in iki amac\u0131 vard\u0131r. Cehennemin b\u00fct\u00fcn g\u00fc\u00e7lerini yery\u00fcz\u00fcne salmak ve Morbius ile Amanda\u2019y\u0131 \u00f6ld\u00fcrmek. New York\u2019a kadar tarikat\u0131n izini s\u00fcren Morbius ve Amanda, ne pahas\u0131na olursa olsun Zehirli-Tarlaku\u015fu\u2019nu durdurmaya kararl\u0131d\u0131rlar. Ancak Morbius kendini, tarikat\u0131n yeralt\u0131nda kurdu\u011fu ve canavarlar\u0131 birer piyon olarak kullanan d\u00f6v\u00fc\u015f kul\u00fcb\u00fcnde buldu\u011funda her \u015fey bir \u00f6l\u00fcm kal\u0131m sava\u015f\u0131na ba\u011flanacakt\u0131r.<\/p>\n","protected":false},"excerpt":{"rendered":"<p>Ya\u015fayan Vampir Morbius\u2019un laneti kana susam\u0131\u015fl\u0131kt\u0131r. Lanetine bir \u00e7are ararken \u015feytani bir tarikat\u0131n yery\u00fcz\u00fcn\u00fc cehenneme \u00e7evirmesine engel olman\u0131n da bir yolunu bulmak zorunda kalacakt\u0131r. Dr. Michael<span class=\"excerpt-hellip\"> [\u2026]<\/span><\/p>\n","protected":false},"featured_media":0,"template":"","meta":{"_monsterinsights_skip_tracking":false,"_monsterinsights_sitenote_active":false,"_monsterinsights_sitenote_note":"","_monsterinsights_sitenote_category":0},"product_brand":[],"product_cat":[12291,14777],"product_tag":[],"class_list":{"0":"post-736690","1":"product","2":"type-product","3":"status-publish","5":"product_cat-edebiyat","6":"product_cat-fantastik","7":"pa_cilt-ciltsiz","8":"pa_tur-kitap","9":"pa_yayinevi-epsilon-yayinlari","10":"pa_yazar-brendan-deneen","12":"first","13":"instock","14":"sale","15":"shipping-taxable","16":"purchasable","17":"product-type-simple"},"_links":{"self":[{"href":"https:\/\/roveyayinevi.com.tr\/index.php\/wp-json\/wp\/v2\/product\/736690","targetHints":{"allow":["GET"]}}],"collection":[{"href":"https:\/\/roveyayinevi.com.tr\/index.php\/wp-json\/wp\/v2\/product"}],"about":[{"href":"https:\/\/roveyayinevi.com.tr\/index.php\/wp-json\/wp\/v2\/types\/product"}],"wp:attachment":[{"href":"https:\/\/roveyayinevi.com.tr\/index.php\/wp-json\/wp\/v2\/media?parent=736690"}],"wp:term":[{"taxonomy":"product_brand","embeddable":true,"href":"https:\/\/roveyayinevi.com.tr\/index.php\/wp-json\/wp\/v2\/product_brand?post=736690"},{"taxonomy":"product_cat","embeddable":true,"href":"https:\/\/roveyayinevi.com.tr\/index.php\/wp-json\/wp\/v2\/product_cat?post=736690"},{"taxonomy":"product_tag","embeddable":true,"href":"https:\/\/roveyayinevi.com.tr\/index.php\/wp-json\/wp\/v2\/product_tag?post=736690"}],"curies":[{"name":"wp","href":"https:\/\/api.w.org\/{rel}","templated":true}]}}