{"id":736688,"date":"2025-08-27T23:13:12","date_gmt":"2025-08-27T20:13:12","guid":{"rendered":"https:\/\/roveyayinevi.com.tr\/index.php\/urun\/franz-kafka-secme-eserler\/"},"modified":"2026-04-16T02:45:45","modified_gmt":"2026-04-15T23:45:45","slug":"franz-kafka-secme-eserler","status":"publish","type":"product","link":"https:\/\/roveyayinevi.com.tr\/index.php\/urun\/franz-kafka-secme-eserler\/","title":{"rendered":"Franz Kafka Se\u00e7me Eserler"},"content":{"rendered":"<p>Franz Kafka, 20 y\u00fczy\u0131l edebiyat\u0131n\u0131n \u00f6nemli fig\u00fcrlerinden biri olarak kabul edilmektedir. Yazar eserlerinde ger\u00e7ek\u00e7ilik ve fantastik unsurlar\u0131 birle\u015ftirmi\u015ftir. Elinizdeki kitapta Franz Kafka\u2019n\u0131n en \u00e7ok okunan ve sevilen D\u00f6n\u00fc\u015f\u00fcm, Milena\u2019ya Mektuplar, Dava, Babaya Mektup isimli d\u00f6rt kitab\u0131 yer almaktad\u0131r. Eserlerinde varolu\u015fsal kayg\u0131, su\u00e7luluk, \u00f6zg\u00fcrl\u00fck, yabanc\u0131la\u015fma gibi d\u00f6nemin edebiyat\u0131nda s\u0131kl\u0131kla i\u015flenen temalara ve konulara yer veren Kafka bir\u00e7ok yazar\u0131, ele\u015ftirmeni, sanat\u00e7\u0131y\u0131 ve filozofu etkilemeyi ba\u015farm\u0131\u015ft\u0131r.   Edebiyat d\u00fcnyas\u0131nda ismi her zaman ya\u015fayacak olan Franz Kafka eserlerinden olu\u015fturdu\u011fumuz bu \u00f6zel bas\u0131m\u0131 okurlar\u0131m\u0131za sunmaktan dolay\u0131 mutluluk duyuyoruz.<\/p>\n","protected":false},"excerpt":{"rendered":"<p>Franz Kafka, 20 y\u00fczy\u0131l edebiyat\u0131n\u0131n \u00f6nemli fig\u00fcrlerinden biri olarak kabul edilmektedir. Yazar eserlerinde ger\u00e7ek\u00e7ilik ve fantastik unsurlar\u0131 birle\u015ftirmi\u015ftir. Elinizdeki kitapta Franz Kafka\u2019n\u0131n en \u00e7ok okunan ve<span class=\"excerpt-hellip\"> [\u2026]<\/span><\/p>\n","protected":false},"featured_media":0,"template":"","meta":{"_monsterinsights_skip_tracking":false,"_monsterinsights_sitenote_active":false,"_monsterinsights_sitenote_note":"","_monsterinsights_sitenote_category":0},"product_brand":[],"product_cat":[12291,12711],"product_tag":[],"class_list":{"0":"post-736688","1":"product","2":"type-product","3":"status-publish","5":"product_cat-edebiyat","6":"product_cat-roman-oyku","7":"pa_cilt-ciltsiz","8":"pa_tur-kitap","9":"pa_yayinevi-ren-kitap","10":"pa_yazar-franz-kafka","12":"first","13":"instock","14":"sale","15":"shipping-taxable","16":"purchasable","17":"product-type-simple"},"_links":{"self":[{"href":"https:\/\/roveyayinevi.com.tr\/index.php\/wp-json\/wp\/v2\/product\/736688","targetHints":{"allow":["GET"]}}],"collection":[{"href":"https:\/\/roveyayinevi.com.tr\/index.php\/wp-json\/wp\/v2\/product"}],"about":[{"href":"https:\/\/roveyayinevi.com.tr\/index.php\/wp-json\/wp\/v2\/types\/product"}],"wp:attachment":[{"href":"https:\/\/roveyayinevi.com.tr\/index.php\/wp-json\/wp\/v2\/media?parent=736688"}],"wp:term":[{"taxonomy":"product_brand","embeddable":true,"href":"https:\/\/roveyayinevi.com.tr\/index.php\/wp-json\/wp\/v2\/product_brand?post=736688"},{"taxonomy":"product_cat","embeddable":true,"href":"https:\/\/roveyayinevi.com.tr\/index.php\/wp-json\/wp\/v2\/product_cat?post=736688"},{"taxonomy":"product_tag","embeddable":true,"href":"https:\/\/roveyayinevi.com.tr\/index.php\/wp-json\/wp\/v2\/product_tag?post=736688"}],"curies":[{"name":"wp","href":"https:\/\/api.w.org\/{rel}","templated":true}]}}