{"id":736687,"date":"2025-08-27T23:13:11","date_gmt":"2025-08-27T20:13:11","guid":{"rendered":"https:\/\/roveyayinevi.com.tr\/index.php\/urun\/yesil-dunyamiz\/"},"modified":"2026-04-16T02:45:45","modified_gmt":"2026-04-15T23:45:45","slug":"yesil-dunyamiz","status":"publish","type":"product","link":"https:\/\/roveyayinevi.com.tr\/index.php\/urun\/yesil-dunyamiz\/","title":{"rendered":"Ye\u015fil D\u00fcnyam\u0131z"},"content":{"rendered":"<p>Ye\u015fil D\u00fcnyam\u0131z, 8-12 ya\u015flar\u0131ndaki \u00e7ocuklara y\u00f6nelik, do\u011fa ve iklim krizi konular\u0131n\u0131 ele alan, interaktif bir aktivite kitab\u0131d\u0131r. Birle\u015fmi\u015f Milletler&#8217;in S\u00fcrd\u00fcr\u00fclebilir Kalk\u0131nma Ama\u00e7lar\u0131&#8217;ndan &#8221;\u0130klim Eylemi&#8221; ve &#8221;Nitelikli E\u011fitim&#8221; maddelerine katk\u0131 sa\u011flamay\u0131 hedefleyen bu kitab\u0131n yazarlar\u0131, telif gelirini TEMA Vakf\u0131 ve do\u011fa koruma alan\u0131nda faaliyet g\u00f6steren di\u011fer sivil toplum kurulu\u015flar\u0131na ba\u011f\u0131\u015flamaktad\u0131r. <\/p>\n","protected":false},"excerpt":{"rendered":"<p>Ye\u015fil D\u00fcnyam\u0131z, 8-12 ya\u015flar\u0131ndaki \u00e7ocuklara y\u00f6nelik, do\u011fa ve iklim krizi konular\u0131n\u0131 ele alan, interaktif bir aktivite kitab\u0131d\u0131r. Birle\u015fmi\u015f Milletler&#8217;in S\u00fcrd\u00fcr\u00fclebilir Kalk\u0131nma Ama\u00e7lar\u0131&#8217;ndan &#8221;\u0130klim Eylemi&#8221; ve &#8221;Nitelikli<span class=\"excerpt-hellip\"> [\u2026]<\/span><\/p>\n","protected":false},"featured_media":0,"template":"","meta":{"_monsterinsights_skip_tracking":false,"_monsterinsights_sitenote_active":false,"_monsterinsights_sitenote_note":"","_monsterinsights_sitenote_category":0},"product_brand":[],"product_cat":[12275,12274],"product_tag":[],"class_list":{"0":"post-736687","1":"product","2":"type-product","3":"status-publish","5":"product_cat-6-12-yas-kitaplari","6":"product_cat-cocuk-ve-genclik-kitaplari","7":"pa_cilt-ciltsiz","8":"pa_tur-kitap","9":"pa_yayinevi-yeni-insan-yayinlari","10":"pa_yazar-defne-gurkan-derin-erdem","12":"first","13":"instock","14":"sale","15":"shipping-taxable","16":"purchasable","17":"product-type-simple"},"_links":{"self":[{"href":"https:\/\/roveyayinevi.com.tr\/index.php\/wp-json\/wp\/v2\/product\/736687","targetHints":{"allow":["GET"]}}],"collection":[{"href":"https:\/\/roveyayinevi.com.tr\/index.php\/wp-json\/wp\/v2\/product"}],"about":[{"href":"https:\/\/roveyayinevi.com.tr\/index.php\/wp-json\/wp\/v2\/types\/product"}],"wp:attachment":[{"href":"https:\/\/roveyayinevi.com.tr\/index.php\/wp-json\/wp\/v2\/media?parent=736687"}],"wp:term":[{"taxonomy":"product_brand","embeddable":true,"href":"https:\/\/roveyayinevi.com.tr\/index.php\/wp-json\/wp\/v2\/product_brand?post=736687"},{"taxonomy":"product_cat","embeddable":true,"href":"https:\/\/roveyayinevi.com.tr\/index.php\/wp-json\/wp\/v2\/product_cat?post=736687"},{"taxonomy":"product_tag","embeddable":true,"href":"https:\/\/roveyayinevi.com.tr\/index.php\/wp-json\/wp\/v2\/product_tag?post=736687"}],"curies":[{"name":"wp","href":"https:\/\/api.w.org\/{rel}","templated":true}]}}