{"id":736685,"date":"2025-08-27T23:13:09","date_gmt":"2025-08-27T20:13:09","guid":{"rendered":"https:\/\/roveyayinevi.com.tr\/index.php\/urun\/ikindi-agaci\/"},"modified":"2026-04-16T02:45:45","modified_gmt":"2026-04-15T23:45:45","slug":"ikindi-agaci","status":"publish","type":"product","link":"https:\/\/roveyayinevi.com.tr\/index.php\/urun\/ikindi-agaci\/","title":{"rendered":"\u0130kindi A\u011fac\u0131"},"content":{"rendered":"<p>S\u0131tk\u0131 Bey\u2019e kulak verin\u2026Bal bozk\u0131r \u00e7i\u00e7eklerinin nektar\u0131, re\u00e7ine devasa k\u00fct\u00fcklerin \u00f6z\u00fcd\u00fcr. Do\u011fan\u0131n imbi\u011finden ge\u00e7ip k\u0131ymet kazanm\u0131\u015ft\u0131r. \u015eifad\u0131r, dertlere dermand\u0131r. T\u0131pk\u0131 tecr\u00fcbe gibi\u2026Hayat\u0131n imbi\u011finden ge\u00e7irilmi\u015f deneyimlerdir tecr\u00fcbe. Kolay kolay bulamaz, hi\u00e7bir parayla sat\u0131n alamazs\u0131n\u0131z.Ya\u015fanm\u0131\u015fl\u0131klar\u0131n \u00f6z\u00fcnden arta kalan ustal\u0131kt\u0131r. \u00d6mr\u00fcn s\u00fcz\u00fcl\u00fcp dam\u0131t\u0131lmas\u0131, en i\u015fe yarar yanlar\u0131n\u0131n se\u00e7ilip al\u0131nmas\u0131d\u0131r.S\u0131tk\u0131 Bey\u2019e kulak verin, bak\u0131n neler s\u00f6yl\u00fcyor neler\u2026Hani hep deriz ya; \u201cKe\u015fke on sekiz ya\u015f\u0131na geri d\u00f6nsem de bu hayat tecr\u00fcbesiyle yeniden ya\u015fasam.\u201dBizim on sekize d\u00f6nme \u015fans\u0131m\u0131z yok ama on sekizde olanlar bu kitapta yaz\u0131lanlara kulak verin. Ya\u015fam\u0131n\u0131z boyunca \u0130\u015finize \u00e7ok yarayacakt\u0131r.<\/p>\n","protected":false},"excerpt":{"rendered":"<p>S\u0131tk\u0131 Bey\u2019e kulak verin\u2026Bal bozk\u0131r \u00e7i\u00e7eklerinin nektar\u0131, re\u00e7ine devasa k\u00fct\u00fcklerin \u00f6z\u00fcd\u00fcr. Do\u011fan\u0131n imbi\u011finden ge\u00e7ip k\u0131ymet kazanm\u0131\u015ft\u0131r. \u015eifad\u0131r, dertlere dermand\u0131r. T\u0131pk\u0131 tecr\u00fcbe gibi\u2026Hayat\u0131n imbi\u011finden ge\u00e7irilmi\u015f deneyimlerdir tecr\u00fcbe.<span class=\"excerpt-hellip\"> [\u2026]<\/span><\/p>\n","protected":false},"featured_media":0,"template":"","meta":{"_monsterinsights_skip_tracking":false,"_monsterinsights_sitenote_active":false,"_monsterinsights_sitenote_note":"","_monsterinsights_sitenote_category":0},"product_brand":[],"product_cat":[12291,12711],"product_tag":[],"class_list":{"0":"post-736685","1":"product","2":"type-product","3":"status-publish","5":"product_cat-edebiyat","6":"product_cat-roman-oyku","7":"pa_cilt-ciltsiz","8":"pa_tur-kitap","9":"pa_yayinevi-kitap-muptelasi-yayinlari","10":"pa_yazar-sami-saritepe","12":"first","13":"instock","14":"sale","15":"shipping-taxable","16":"purchasable","17":"product-type-simple"},"_links":{"self":[{"href":"https:\/\/roveyayinevi.com.tr\/index.php\/wp-json\/wp\/v2\/product\/736685","targetHints":{"allow":["GET"]}}],"collection":[{"href":"https:\/\/roveyayinevi.com.tr\/index.php\/wp-json\/wp\/v2\/product"}],"about":[{"href":"https:\/\/roveyayinevi.com.tr\/index.php\/wp-json\/wp\/v2\/types\/product"}],"wp:attachment":[{"href":"https:\/\/roveyayinevi.com.tr\/index.php\/wp-json\/wp\/v2\/media?parent=736685"}],"wp:term":[{"taxonomy":"product_brand","embeddable":true,"href":"https:\/\/roveyayinevi.com.tr\/index.php\/wp-json\/wp\/v2\/product_brand?post=736685"},{"taxonomy":"product_cat","embeddable":true,"href":"https:\/\/roveyayinevi.com.tr\/index.php\/wp-json\/wp\/v2\/product_cat?post=736685"},{"taxonomy":"product_tag","embeddable":true,"href":"https:\/\/roveyayinevi.com.tr\/index.php\/wp-json\/wp\/v2\/product_tag?post=736685"}],"curies":[{"name":"wp","href":"https:\/\/api.w.org\/{rel}","templated":true}]}}