{"id":736684,"date":"2025-08-27T23:13:08","date_gmt":"2025-08-27T20:13:08","guid":{"rendered":"https:\/\/roveyayinevi.com.tr\/index.php\/urun\/alevilikten-sapmalar\/"},"modified":"2026-01-29T03:17:39","modified_gmt":"2026-01-29T00:17:39","slug":"alevilikten-sapmalar","status":"publish","type":"product","link":"https:\/\/roveyayinevi.com.tr\/index.php\/urun\/alevilikten-sapmalar\/","title":{"rendered":"Alevilikten Sapmalar"},"content":{"rendered":"<p>Alevili\u011fi ara\u015ft\u0131rmak i\u00e7in yaz\u0131lm\u0131\u015f bir\u00e7ok kitab\u0131n ortak \u00f6zelli\u011fi, kopyalama y\u00f6ntemiyle yaz\u0131lm\u0131\u015f olmas\u0131d\u0131r. Bu nedenle bir yazardaki yanl\u0131\u015f, di\u011fer yazara ayn\u0131 \u00f6zde aktar\u0131lm\u0131\u015f olur. Yanl\u0131\u015flar bula\u015f\u0131c\u0131 mikrop gibidir; yazardan yazara yay\u0131l\u0131r. Kopyalama farkl\u0131 kitaplardan par\u00e7alar ta\u015f\u0131yorsa; bu kez de \u00e7eli\u015fkiler ortaya \u00e7\u0131kar. Bir kopya par\u00e7as\u0131, di\u011fer kopyay\u0131 reddeder. B\u00f6ylece ba\u015f\u0131, ortas\u0131, sonu birbiriyle uzla\u015fmayan, \u00e7eli\u015fkili Alevi kitaplar\u0131 meydana gelmi\u015f olur. Ne yaz\u0131k ki, piyasada bulunan Alevilik \u00fczerine yaz\u0131lm\u0131\u015f kitaplar\u0131n \u00e7o\u011funlu\u011fu b\u00f6yledir. Okuyucu bu kitaplar\u0131 okurken neye inanaca\u011f\u0131n\u0131 bilemez; bir fikir, di\u011fer fikrin ink\u00e2r\u0131d\u0131r \u00e7\u00fcnk\u00fc! Yazar Alevilikten sapma olarak g\u00f6rd\u00fc\u011f\u00fc d\u00fc\u015f\u00fcnceleri, bu \u00e7eli\u015fkili kitaplar\u0131 inceleyerek ortaya sermek istedi. Alevili\u011fin ger\u00e7ekte ne oldu\u011funu b\u00fct\u00fcn boyutlar\u0131yla ortaya koymak, bu kitab\u0131n \u00f6z amac\u0131d\u0131r. <\/p>\n","protected":false},"excerpt":{"rendered":"<p>Alevili\u011fi ara\u015ft\u0131rmak i\u00e7in yaz\u0131lm\u0131\u015f bir\u00e7ok kitab\u0131n ortak \u00f6zelli\u011fi, kopyalama y\u00f6ntemiyle yaz\u0131lm\u0131\u015f olmas\u0131d\u0131r. Bu nedenle bir yazardaki yanl\u0131\u015f, di\u011fer yazara ayn\u0131 \u00f6zde aktar\u0131lm\u0131\u015f olur. Yanl\u0131\u015flar bula\u015f\u0131c\u0131 mikrop<span class=\"excerpt-hellip\"> [\u2026]<\/span><\/p>\n","protected":false},"featured_media":0,"template":"","meta":{"_monsterinsights_skip_tracking":false,"_monsterinsights_sitenote_active":false,"_monsterinsights_sitenote_note":"","_monsterinsights_sitenote_category":0},"product_brand":[],"product_cat":[13575,12718,12719],"product_tag":[],"class_list":{"0":"post-736684","1":"product","2":"type-product","3":"status-publish","5":"product_cat-alevilik-bektasilik","6":"product_cat-din","7":"product_cat-islam","8":"pa_cilt-ciltsiz","9":"pa_tur-kitap","10":"pa_yayinevi-utopya-yayinevi","11":"pa_yazar-mehmet-inanc-turan","13":"first","14":"instock","15":"sale","16":"shipping-taxable","17":"purchasable","18":"product-type-simple"},"_links":{"self":[{"href":"https:\/\/roveyayinevi.com.tr\/index.php\/wp-json\/wp\/v2\/product\/736684","targetHints":{"allow":["GET"]}}],"collection":[{"href":"https:\/\/roveyayinevi.com.tr\/index.php\/wp-json\/wp\/v2\/product"}],"about":[{"href":"https:\/\/roveyayinevi.com.tr\/index.php\/wp-json\/wp\/v2\/types\/product"}],"wp:attachment":[{"href":"https:\/\/roveyayinevi.com.tr\/index.php\/wp-json\/wp\/v2\/media?parent=736684"}],"wp:term":[{"taxonomy":"product_brand","embeddable":true,"href":"https:\/\/roveyayinevi.com.tr\/index.php\/wp-json\/wp\/v2\/product_brand?post=736684"},{"taxonomy":"product_cat","embeddable":true,"href":"https:\/\/roveyayinevi.com.tr\/index.php\/wp-json\/wp\/v2\/product_cat?post=736684"},{"taxonomy":"product_tag","embeddable":true,"href":"https:\/\/roveyayinevi.com.tr\/index.php\/wp-json\/wp\/v2\/product_tag?post=736684"}],"curies":[{"name":"wp","href":"https:\/\/api.w.org\/{rel}","templated":true}]}}