{"id":736680,"date":"2025-08-27T23:13:03","date_gmt":"2025-08-27T20:13:03","guid":{"rendered":"https:\/\/roveyayinevi.com.tr\/index.php\/urun\/post-humanizm-ve-adalet\/"},"modified":"2026-04-16T02:45:45","modified_gmt":"2026-04-15T23:45:45","slug":"post-humanizm-ve-adalet","status":"publish","type":"product","link":"https:\/\/roveyayinevi.com.tr\/index.php\/urun\/post-humanizm-ve-adalet\/","title":{"rendered":"Post-H\u00fcmanizm ve Adalet"},"content":{"rendered":"<p>Sentetik varolu\u015f, art\u0131k bir bedene gereksinim duymuyor. Modern k\u00fcresel rasyonalitenin meta anlat\u0131lar\u0131, yerini mini irrasyonalitelere b\u0131rak\u0131yor. Modern \u00e7a\u011f bitiyor ve antroposen \u00e7a\u011f ba\u015fl\u0131yor. Art\u0131k insan, modern zamanlarda kurguland\u0131\u011f\u0131 gibi istisna bir varl\u0131k olmaktan \u00e7\u0131k\u0131yor. S\u00fcbjektivite metafizikleri y\u0131k\u0131l\u0131yor; insan\u0131n tan\u0131m\u0131 ve bu d\u00fcnyadaki anlam\u0131 de\u011fi\u015fiyor. Ta\u015f\u0131nd\u0131\u011f\u0131m\u0131z yeni dijital d\u00fcnyada insan ve adalet kavramlar\u0131 yeniden tan\u0131mlan\u0131yor.    Yeni bir d\u00fcnya deneyimliyoruz ve bu d\u00fcnyada ontolojik ve etik s\u0131n\u0131rlarla birlikte hukukun s\u0131n\u0131rlar\u0131 da bulan\u0131kla\u015f\u0131yor. \u0130nsani geli\u015fim avans\u0131yla teknolojiye sunulan s\u0131n\u0131rs\u0131z \u00f6ncelik, insan\u0131n tan\u0131m\u0131yla birlikte do\u011fas\u0131n\u0131 da de\u011fi\u015ftiriyor. Bu kitap, yeni dijital d\u00fcnyan\u0131n insan\u0131 nas\u0131l d\u00f6n\u00fc\u015ft\u00fcrd\u00fc\u011f\u00fcn\u00fc ve bu d\u00f6n\u00fc\u015f\u00fcmlerin yaratt\u0131\u011f\u0131 etik ve adalet sorunlar\u0131n\u0131 ele almaktad\u0131r.   Bu kitapta neler var? \u2022  Modernizmin y\u00fccele\u015ftirdi\u011fi \u00f6znenin yok olu\u015fu \u2022  H\u00fcmanizmin yerini post-h\u00fcmanizme b\u0131rakma hikayesi  \u2022  \u00dcst\u00fcn ve yapay zek\u00e2, insanl\u0131k, singularity, yay\u0131lm\u0131\u015f zihin \u2022  G\u00fc\u00e7lendirilmi\u015f insan modelinin yaratt\u0131\u011f\u0131 adalet sorunlar\u0131 \u2022  K\u00f6k h\u00fccre elde etme gayesiyle insan embriyosunun tahribi \u2022  Teknolojinin m\u00fckemmel insan tasar\u0131m\u0131n\u0131n ontolojik sonu\u00e7lar\u0131   Bu kitap hangi sorulara cevap ar\u0131yor? \u2022  Sentetik varolu\u015f, do\u011fal insan\u0131n s\u0131n\u0131rlar\u0131n\u0131 ve kapasitelerini a\u015f\u0131yor mu? \u2022  Post-h\u00fcmanizm, trans-h\u00fcmanizm, siborgizm ve antroposen nedir? \u2022  M\u00fcstesna g\u00f6r\u00fclen modern insan, giderek m\u00fcphemle\u015fiyor mu? \u2022  Dijital yeni d\u00fcnyada nas\u0131l bir etik ve hukuk in\u015fa edilecek? \u2022  Makinalar kimli\u011fimizin bir par\u00e7as\u0131 haline gelebilecek mi? \u2022  Postmodern anti-\u00f6zne yakla\u015f\u0131mlar\u0131 adalet sorunlar\u0131n\u0131 \u00e7\u00f6zebilecek mi? \u2022  Robotik ve yar\u0131-robotik d\u00fcnyada etik ve adaletin anlam\u0131 ne olacak? <\/p>\n","protected":false},"excerpt":{"rendered":"<p>Sentetik varolu\u015f, art\u0131k bir bedene gereksinim duymuyor. Modern k\u00fcresel rasyonalitenin meta anlat\u0131lar\u0131, yerini mini irrasyonalitelere b\u0131rak\u0131yor. Modern \u00e7a\u011f bitiyor ve antroposen \u00e7a\u011f ba\u015fl\u0131yor. Art\u0131k insan, modern<span class=\"excerpt-hellip\"> [\u2026]<\/span><\/p>\n","protected":false},"featured_media":0,"template":"","meta":{"_monsterinsights_skip_tracking":false,"_monsterinsights_sitenote_active":false,"_monsterinsights_sitenote_note":"","_monsterinsights_sitenote_category":0},"product_brand":[],"product_cat":[16038,12388],"product_tag":[],"class_list":{"0":"post-736680","1":"product","2":"type-product","3":"status-publish","5":"product_cat-arastirma-inceleme-referans-felsefe","6":"product_cat-felsefe","7":"pa_cilt-ciltsiz","8":"pa_tur-kitap","9":"pa_yayinevi-episteme-yayinlari","10":"pa_yazar-nazan-yesilkaya","12":"first","13":"instock","14":"sale","15":"shipping-taxable","16":"purchasable","17":"product-type-simple"},"_links":{"self":[{"href":"https:\/\/roveyayinevi.com.tr\/index.php\/wp-json\/wp\/v2\/product\/736680","targetHints":{"allow":["GET"]}}],"collection":[{"href":"https:\/\/roveyayinevi.com.tr\/index.php\/wp-json\/wp\/v2\/product"}],"about":[{"href":"https:\/\/roveyayinevi.com.tr\/index.php\/wp-json\/wp\/v2\/types\/product"}],"wp:attachment":[{"href":"https:\/\/roveyayinevi.com.tr\/index.php\/wp-json\/wp\/v2\/media?parent=736680"}],"wp:term":[{"taxonomy":"product_brand","embeddable":true,"href":"https:\/\/roveyayinevi.com.tr\/index.php\/wp-json\/wp\/v2\/product_brand?post=736680"},{"taxonomy":"product_cat","embeddable":true,"href":"https:\/\/roveyayinevi.com.tr\/index.php\/wp-json\/wp\/v2\/product_cat?post=736680"},{"taxonomy":"product_tag","embeddable":true,"href":"https:\/\/roveyayinevi.com.tr\/index.php\/wp-json\/wp\/v2\/product_tag?post=736680"}],"curies":[{"name":"wp","href":"https:\/\/api.w.org\/{rel}","templated":true}]}}