{"id":736679,"date":"2025-08-27T23:13:03","date_gmt":"2025-08-27T20:13:03","guid":{"rendered":"https:\/\/roveyayinevi.com.tr\/index.php\/urun\/pragmatik-iman\/"},"modified":"2026-04-16T02:45:45","modified_gmt":"2026-04-15T23:45:45","slug":"pragmatik-iman","status":"publish","type":"product","link":"https:\/\/roveyayinevi.com.tr\/index.php\/urun\/pragmatik-iman\/","title":{"rendered":"Pragmatik \u0130man"},"content":{"rendered":"<p>\u0130man\u0131n rasyonel ve ahlaki a\u00e7\u0131dan ge\u00e7erlili\u011fini g\u00f6stermek i\u00e7in d\u00fc\u015f\u00fcnce tarihinde farkl\u0131 yollar \u00f6nerilmi\u015ftir. Bunlar\u0131n en \u00f6nemlisi, &#8220;Tanr\u0131 vard\u0131r\u201d \u00f6nermesinin do\u011frulu\u011funu g\u00f6stermek i\u00e7in \u00e7e\u015fitli arg\u00fcmanlar ileri s\u00fcren delilci g\u00f6r\u00fc\u015ft\u00fcr. Ontolojik, kozmolojik, teleolojik teistik arg\u00fcmanlar\u0131 bu delilci anlay\u0131\u015f\u0131n birer yans\u0131mas\u0131 olarak g\u00f6rebiliriz. Tanr\u0131 inanc\u0131n\u0131n epistemik temelleri olarak nitelendirebilece\u011fimiz bu arg\u00fcman s\u0131n\u0131f\u0131, temel olarak &#8220;Tanr\u0131 vard\u0131r\u201d \u00f6nermesinin i\u00e7erik a\u00e7\u0131s\u0131ndan do\u011frulu\u011funu ve buna dayanarak s\u00f6z konusu inanc\u0131n hem rasyonel hem de ahlaki a\u00e7\u0131dan me\u015fru oldu\u011funu g\u00f6stermeye \u00e7al\u0131\u015f\u0131r.   Delilci g\u00f6r\u00fc\u015f Tanr\u0131\u2019ya inanman\u0131n rasyonelli\u011fini temellendirme hususunda tek yakla\u015f\u0131m de\u011fildir. Pragmatik iman olarak adland\u0131rabilece\u011fimiz di\u011fer bir g\u00f6r\u00fc\u015f de &#8220;Tanr\u0131 vard\u0131r\u201d \u00f6nermesine inanman\u0131n ki\u015fi i\u00e7in son derece \u00f6nemli faydalar sa\u011flad\u0131\u011f\u0131n\u0131 g\u00f6stermeyi ama\u00e7lamakta, bu \u015fekilde bir \u00f6nermeye inanmak \u00f6nemli faydalara sahipse, o zaman s\u00f6z konusu \u00f6nermenin rasyonelli\u011fini g\u00f6sterme hususunda bu faydalar\u0131n esas al\u0131nmas\u0131n\u0131n do\u011fal olaca\u011f\u0131n\u0131 ileri s\u00fcrmektedir.    Pragmatik imanla ilgili Blaise Pascal\u2019\u0131n &#8220;Bahis\u201d ve William James\u2019in &#8220;\u0130nanma \u0130radesi\u201d arg\u00fcmanlar\u0131 literat\u00fcrde \u00f6n plana \u00e7\u0131kmaktad\u0131r. Bunlar bu konuda yap\u0131lan \u00e7al\u0131\u015fmalara esin kayna\u011f\u0131 olmaktad\u0131rlar. Pragmatik \u0130man kitab\u0131 da bu genel e\u011filimi takip etmekte ve bahis ile inanma iradesi arg\u00fcmanlar\u0131ndan hareketle &#8220;Din\u00ee inanc\u0131n sa\u011flad\u0131\u011f\u0131 faydalar, bu inanca sahip olman\u0131n rasyonel ve ahlaki a\u00e7\u0131dan me\u015fru oldu\u011funu temellendirmek i\u00e7in kullan\u0131labilir mi?\u201d sorusunun yan\u0131t\u0131n\u0131 aramaktad\u0131r. <\/p>\n","protected":false},"excerpt":{"rendered":"<p>\u0130man\u0131n rasyonel ve ahlaki a\u00e7\u0131dan ge\u00e7erlili\u011fini g\u00f6stermek i\u00e7in d\u00fc\u015f\u00fcnce tarihinde farkl\u0131 yollar \u00f6nerilmi\u015ftir. Bunlar\u0131n en \u00f6nemlisi, &#8220;Tanr\u0131 vard\u0131r\u201d \u00f6nermesinin do\u011frulu\u011funu g\u00f6stermek i\u00e7in \u00e7e\u015fitli arg\u00fcmanlar ileri s\u00fcren<span class=\"excerpt-hellip\"> [\u2026]<\/span><\/p>\n","protected":false},"featured_media":0,"template":"","meta":{"_monsterinsights_skip_tracking":false,"_monsterinsights_sitenote_active":false,"_monsterinsights_sitenote_note":"","_monsterinsights_sitenote_category":0},"product_brand":[],"product_cat":[19998,12388],"product_tag":[],"class_list":{"0":"post-736679","1":"product","2":"type-product","3":"status-publish","5":"product_cat-din-felsefesi","6":"product_cat-felsefe","7":"pa_cilt-ciltsiz","8":"pa_tur-kitap","9":"pa_yayinevi-episteme-yayinlari","10":"pa_yazar-abdulkadir-tanis","12":"first","13":"instock","14":"sale","15":"shipping-taxable","16":"purchasable","17":"product-type-simple"},"_links":{"self":[{"href":"https:\/\/roveyayinevi.com.tr\/index.php\/wp-json\/wp\/v2\/product\/736679","targetHints":{"allow":["GET"]}}],"collection":[{"href":"https:\/\/roveyayinevi.com.tr\/index.php\/wp-json\/wp\/v2\/product"}],"about":[{"href":"https:\/\/roveyayinevi.com.tr\/index.php\/wp-json\/wp\/v2\/types\/product"}],"wp:attachment":[{"href":"https:\/\/roveyayinevi.com.tr\/index.php\/wp-json\/wp\/v2\/media?parent=736679"}],"wp:term":[{"taxonomy":"product_brand","embeddable":true,"href":"https:\/\/roveyayinevi.com.tr\/index.php\/wp-json\/wp\/v2\/product_brand?post=736679"},{"taxonomy":"product_cat","embeddable":true,"href":"https:\/\/roveyayinevi.com.tr\/index.php\/wp-json\/wp\/v2\/product_cat?post=736679"},{"taxonomy":"product_tag","embeddable":true,"href":"https:\/\/roveyayinevi.com.tr\/index.php\/wp-json\/wp\/v2\/product_tag?post=736679"}],"curies":[{"name":"wp","href":"https:\/\/api.w.org\/{rel}","templated":true}]}}