{"id":736677,"date":"2025-08-27T23:13:01","date_gmt":"2025-08-27T20:13:01","guid":{"rendered":"https:\/\/roveyayinevi.com.tr\/index.php\/urun\/din-felsefesi-nedir\/"},"modified":"2026-04-16T02:45:44","modified_gmt":"2026-04-15T23:45:44","slug":"din-felsefesi-nedir","status":"publish","type":"product","link":"https:\/\/roveyayinevi.com.tr\/index.php\/urun\/din-felsefesi-nedir\/","title":{"rendered":"Din Felsefesi Nedir?"},"content":{"rendered":"<p>Din Felsefesi Nedir?, din felsefesi alan\u0131na ilk defa ad\u0131m atacak olan, din felsefesinin temel problemlerine, kavramlar\u0131na, y\u00f6ntemine ve \u00fcslubuna a\u015fina olmayan \u00f6\u011frencilerin din felsefesini ve problemlerini \u00f6\u011frenmelerini sa\u011flamak i\u00e7in haz\u0131rlanm\u0131\u015f k\u0131sa bir giri\u015f ve ders kitab\u0131d\u0131r. Bu \u00e7al\u0131\u015fmada, din felsefesinin temel problemleri, problemin \u00e7\u00f6z\u00fcm\u00fcne dair filozoflar\u0131n karma\u015f\u0131k g\u00f6r\u00fc\u015fleri basit a\u00e7\u0131klamalar ve \u00e7a\u011fda\u015f \u00f6rneklerle ili\u015fkilendirilerek ele al\u0131nm\u0131\u015ft\u0131r.    Din felsefesinin problemleri derinlemesine ele al\u0131nmas\u0131n\u0131n yan\u0131nda, her bir problem be\u015f ana d\u00fcnya dininin perspektifinden ele al\u0131narak, \u00f6\u011frencilerin muhtelif dini geleneklerin ve farkl\u0131 inan\u00e7 yorumlar\u0131n\u0131n problemlere dair izahlar\u0131ndan ve \u00e7\u00f6z\u00fcmlerinden haberdar olmalar\u0131 sa\u011flanm\u0131\u015ft\u0131r. Her bir problemin daha iyi anla\u015f\u0131lmas\u0131n\u0131 sa\u011flamak amac\u0131yla metin kutucuklar\u0131, b\u00f6l\u00fcm \u00f6zetleri ve de\u011ferlendirmeleri, \u00e7al\u0131\u015fma sorular\u0131, daha fazla okuma ve a\u00e7\u0131klay\u0131c\u0131 terimler s\u00f6zl\u00fc\u011f\u00fc eklenmi\u015ftir.   Bu kitap \u015funlar\u0131 i\u00e7erir:  \u2022  Din felsefesinin temel sorunlar\u0131 ve \u00e7\u00f6z\u00fcm \u00f6nerileri \u2022  Din dili, ilahi s\u0131fatlar, dua, Tanr\u0131 ispat\u0131, dini \u00e7o\u011fulculuk vd. \u2022  Metin i\u00e7inde konu veya filozoflarla ilgili bilgi kutucuklar\u0131  \u2022  B\u00f6l\u00fcm sonlar\u0131nda \u00f6nemli noktalar\u0131 i\u00e7eren b\u00f6l\u00fcm \u00f6zetleri \u2022  B\u00f6l\u00fcm sonlar\u0131nda \u00e7al\u0131\u015fma sorular\u0131 ve okuma \u00f6nerileri \u2022  Farkl\u0131 dinlerin ilgili konuya yakla\u015f\u0131m\u0131n\u0131n de\u011ferlendirilmesi <\/p>\n","protected":false},"excerpt":{"rendered":"<p>Din Felsefesi Nedir?, din felsefesi alan\u0131na ilk defa ad\u0131m atacak olan, din felsefesinin temel problemlerine, kavramlar\u0131na, y\u00f6ntemine ve \u00fcslubuna a\u015fina olmayan \u00f6\u011frencilerin din felsefesini ve problemlerini<span class=\"excerpt-hellip\"> [\u2026]<\/span><\/p>\n","protected":false},"featured_media":0,"template":"","meta":{"_monsterinsights_skip_tracking":false,"_monsterinsights_sitenote_active":false,"_monsterinsights_sitenote_note":"","_monsterinsights_sitenote_category":0},"product_brand":[],"product_cat":[19998,12388],"product_tag":[],"class_list":{"0":"post-736677","1":"product","2":"type-product","3":"status-publish","5":"product_cat-din-felsefesi","6":"product_cat-felsefe","7":"pa_cilt-ciltsiz","8":"pa_tur-kitap","9":"pa_yayinevi-episteme-yayinlari","10":"pa_yazar-elizabeth-burns","12":"first","13":"instock","14":"sale","15":"shipping-taxable","16":"purchasable","17":"product-type-simple"},"_links":{"self":[{"href":"https:\/\/roveyayinevi.com.tr\/index.php\/wp-json\/wp\/v2\/product\/736677","targetHints":{"allow":["GET"]}}],"collection":[{"href":"https:\/\/roveyayinevi.com.tr\/index.php\/wp-json\/wp\/v2\/product"}],"about":[{"href":"https:\/\/roveyayinevi.com.tr\/index.php\/wp-json\/wp\/v2\/types\/product"}],"wp:attachment":[{"href":"https:\/\/roveyayinevi.com.tr\/index.php\/wp-json\/wp\/v2\/media?parent=736677"}],"wp:term":[{"taxonomy":"product_brand","embeddable":true,"href":"https:\/\/roveyayinevi.com.tr\/index.php\/wp-json\/wp\/v2\/product_brand?post=736677"},{"taxonomy":"product_cat","embeddable":true,"href":"https:\/\/roveyayinevi.com.tr\/index.php\/wp-json\/wp\/v2\/product_cat?post=736677"},{"taxonomy":"product_tag","embeddable":true,"href":"https:\/\/roveyayinevi.com.tr\/index.php\/wp-json\/wp\/v2\/product_tag?post=736677"}],"curies":[{"name":"wp","href":"https:\/\/api.w.org\/{rel}","templated":true}]}}