{"id":736676,"date":"2025-08-27T23:13:00","date_gmt":"2025-08-27T20:13:00","guid":{"rendered":"https:\/\/roveyayinevi.com.tr\/index.php\/urun\/ahlak-felsefesi-nedir\/"},"modified":"2026-04-16T02:45:44","modified_gmt":"2026-04-15T23:45:44","slug":"ahlak-felsefesi-nedir","status":"publish","type":"product","link":"https:\/\/roveyayinevi.com.tr\/index.php\/urun\/ahlak-felsefesi-nedir\/","title":{"rendered":"Ahlak Felsefesi Nedir?"},"content":{"rendered":"<p>Routledge\u2019\u0131n Ahl\u00e2k Felsefesi Nedir? kitab\u0131, ahl\u00e2k hakk\u0131nda felsefi d\u00fc\u015f\u00fcnceye ilgi \u00e7ekici ve te\u015fvik edici bir giri\u015f sunmaktad\u0131r. Christopher Bennett, ahl\u00e2k felsefesine dair temel yakla\u015f\u0131mlara ve bunlarla ili\u015fkili \u00f6nemli filozoflara bakmadan \u00f6nce okuyucuya g\u00fcn\u00fcm\u00fczde kendisini hissettiren ahl\u00e2k felsefesi sorunlar\u0131ndan \u00f6rnekler vermektedir. Bu y\u00f6n\u00fcyle elinizdeki kitap, konuya ilgi duyan genel okuyucular ve felsefe \u00f6\u011frenmeye yeni ba\u015flayanlar i\u00e7in ahl\u00e2k felsefesine ideal bir giri\u015ftir.   Kitapta neler var? \u2022  K\u00fcrtaj ve k\u00fcresel yoksulluk gibi insanl\u0131\u011f\u0131n hayati sorunlar\u0131 \u2022  Hayat\u0131n anlam\u0131, kutsal olup olmad\u0131\u011f\u0131 ve hayatta \u00f6nemli olan \u015feyler \u2022  Erdem ahl\u00e2k\u0131, \u00f6dev ahl\u00e2k\u0131, faydac\u0131l\u0131k gibi normatif teoriler \u2022  Marx ve Nietzsche\u2019nin ahl\u00e2k kuramlar\u0131na y\u00f6nelik ele\u015ftirileri \u2022  Meta-eti\u011fin ahl\u00e2k felsefesine getirdi\u011fi a\u00e7\u0131l\u0131m ve katk\u0131lar \u2022  Her b\u00f6l\u00fcmde kutu i\u00e7inde ilgi \u00e7ekici \u00f6rnek olay \u00e7al\u0131\u015fmalar\u0131 \u2022   B\u00f6l\u00fcm sonlar\u0131nda b\u00f6l\u00fcm \u00f6zeti, tart\u0131\u015fma sorular\u0131 ve ileri okuma listesi   Bu kitap hangi sorulara cevap arar?  \u2022  Ahl\u00e2k nedir?  \u2022  Neyin do\u011fru veya yanl\u0131\u015f oldu\u011funa nas\u0131l karar veririz?  \u2022  Ahl\u00e2k teorisi, etik sorunlarla ba\u015fa \u00e7\u0131kmam\u0131za nas\u0131l yard\u0131mc\u0131 olur? \u2022  \u0130nsan hayat\u0131 kutsal m\u0131d\u0131r veya kutsalla ili\u015fkilendirilmeli midir? \u2022  Baz\u0131 insanlar\u0131n hayatlar\u0131 di\u011fer baz\u0131lar\u0131ndan daha de\u011ferli olabilir mi? \u2022  Ahl\u00e2k kuramlar\u0131 aras\u0131ndaki farkl\u0131l\u0131klar nerden kaynaklan\u0131r? \u2022  Ahl\u00e2k sorunlar\u0131n\u0131 \u00e7\u00f6zmeye \u00e7al\u0131\u015f\u0131rken nas\u0131l ak\u0131l y\u00fcr\u00fctmekteyiz? <\/p>\n","protected":false},"excerpt":{"rendered":"<p>Routledge\u2019\u0131n Ahl\u00e2k Felsefesi Nedir? kitab\u0131, ahl\u00e2k hakk\u0131nda felsefi d\u00fc\u015f\u00fcnceye ilgi \u00e7ekici ve te\u015fvik edici bir giri\u015f sunmaktad\u0131r. Christopher Bennett, ahl\u00e2k felsefesine dair temel yakla\u015f\u0131mlara ve bunlarla<span class=\"excerpt-hellip\"> [\u2026]<\/span><\/p>\n","protected":false},"featured_media":0,"template":"","meta":{"_monsterinsights_skip_tracking":false,"_monsterinsights_sitenote_active":false,"_monsterinsights_sitenote_note":"","_monsterinsights_sitenote_category":0},"product_brand":[],"product_cat":[16038,12388],"product_tag":[],"class_list":{"0":"post-736676","1":"product","2":"type-product","3":"status-publish","5":"product_cat-arastirma-inceleme-referans-felsefe","6":"product_cat-felsefe","7":"pa_cilt-ciltsiz","8":"pa_tur-kitap","9":"pa_yayinevi-episteme-yayinlari","10":"pa_yazar-christopher-bennett","12":"first","13":"instock","14":"sale","15":"shipping-taxable","16":"purchasable","17":"product-type-simple"},"_links":{"self":[{"href":"https:\/\/roveyayinevi.com.tr\/index.php\/wp-json\/wp\/v2\/product\/736676","targetHints":{"allow":["GET"]}}],"collection":[{"href":"https:\/\/roveyayinevi.com.tr\/index.php\/wp-json\/wp\/v2\/product"}],"about":[{"href":"https:\/\/roveyayinevi.com.tr\/index.php\/wp-json\/wp\/v2\/types\/product"}],"wp:attachment":[{"href":"https:\/\/roveyayinevi.com.tr\/index.php\/wp-json\/wp\/v2\/media?parent=736676"}],"wp:term":[{"taxonomy":"product_brand","embeddable":true,"href":"https:\/\/roveyayinevi.com.tr\/index.php\/wp-json\/wp\/v2\/product_brand?post=736676"},{"taxonomy":"product_cat","embeddable":true,"href":"https:\/\/roveyayinevi.com.tr\/index.php\/wp-json\/wp\/v2\/product_cat?post=736676"},{"taxonomy":"product_tag","embeddable":true,"href":"https:\/\/roveyayinevi.com.tr\/index.php\/wp-json\/wp\/v2\/product_tag?post=736676"}],"curies":[{"name":"wp","href":"https:\/\/api.w.org\/{rel}","templated":true}]}}