{"id":736675,"date":"2025-08-27T23:12:59","date_gmt":"2025-08-27T20:12:59","guid":{"rendered":"https:\/\/roveyayinevi.com.tr\/index.php\/urun\/istanbul-istanbul-ciltli\/"},"modified":"2026-04-16T02:45:44","modified_gmt":"2026-04-15T23:45:44","slug":"istanbul-istanbul-ciltli","status":"publish","type":"product","link":"https:\/\/roveyayinevi.com.tr\/index.php\/urun\/istanbul-istanbul-ciltli\/","title":{"rendered":"\u0130stanbul \u0130stanbul (Ciltli)"},"content":{"rendered":"<p>\u0130stanbul \u0130stanbul \u2019da Orhan Kemal\u2019in sekiz \u00f6yk\u00fc kitab\u0131ndan se\u00e7ilmi\u015f, \u0130stanbul temal\u0131 otuz d\u00f6rt \u00f6yk\u00fc yer al\u0131yor. K\u00fc\u00e7\u00fck insanlar\u0131n ya\u015fam m\u00fccadelesi, ekmek kavgas\u0131 \u00f6yk\u00fclerin odak noktas\u0131. Orhan Kemal\u2019in g\u00f6z\u00fcnden bir \u0130stanbul panoramas\u0131\u2026   \u201c\u0130stanbul birtak\u0131m suluboya resimlerden ibaret de\u011fildir. \u0130stanbul, \u0130stanbul\u2019un sadece adalar\u0131, denizi, g\u00f6\u011f\u00fc, Beyo\u011flu\u2019su, i\u00e7kisi, motoru, sandal\u0131 olamaz. \u0130stanbul\u2019u derinlemesine, fakir semtleri, \u00e7al\u0131\u015fan irili ufakl\u0131 insanlar\u0131yla, onlar\u0131n ge\u00e7im \u015fartlar\u0131, \u0131st\u0131raplar\u0131yla bilmek, tan\u0131mak demektir\u2026\u201d Orhan Kemal <\/p>\n","protected":false},"excerpt":{"rendered":"<p>\u0130stanbul \u0130stanbul \u2019da Orhan Kemal\u2019in sekiz \u00f6yk\u00fc kitab\u0131ndan se\u00e7ilmi\u015f, \u0130stanbul temal\u0131 otuz d\u00f6rt \u00f6yk\u00fc yer al\u0131yor. K\u00fc\u00e7\u00fck insanlar\u0131n ya\u015fam m\u00fccadelesi, ekmek kavgas\u0131 \u00f6yk\u00fclerin odak noktas\u0131. Orhan<span class=\"excerpt-hellip\"> [\u2026]<\/span><\/p>\n","protected":false},"featured_media":0,"template":"","meta":{"_monsterinsights_skip_tracking":false,"_monsterinsights_sitenote_active":false,"_monsterinsights_sitenote_note":"","_monsterinsights_sitenote_category":0},"product_brand":[],"product_cat":[12291,12711],"product_tag":[],"class_list":{"0":"post-736675","1":"product","2":"type-product","3":"status-publish","5":"product_cat-edebiyat","6":"product_cat-roman-oyku","7":"pa_cilt-ciltli","8":"pa_tur-kitap","9":"pa_yayinevi-everest-yayinlari","10":"pa_yazar-orhan-kemal","12":"first","13":"instock","14":"sale","15":"shipping-taxable","16":"purchasable","17":"product-type-simple"},"_links":{"self":[{"href":"https:\/\/roveyayinevi.com.tr\/index.php\/wp-json\/wp\/v2\/product\/736675","targetHints":{"allow":["GET"]}}],"collection":[{"href":"https:\/\/roveyayinevi.com.tr\/index.php\/wp-json\/wp\/v2\/product"}],"about":[{"href":"https:\/\/roveyayinevi.com.tr\/index.php\/wp-json\/wp\/v2\/types\/product"}],"wp:attachment":[{"href":"https:\/\/roveyayinevi.com.tr\/index.php\/wp-json\/wp\/v2\/media?parent=736675"}],"wp:term":[{"taxonomy":"product_brand","embeddable":true,"href":"https:\/\/roveyayinevi.com.tr\/index.php\/wp-json\/wp\/v2\/product_brand?post=736675"},{"taxonomy":"product_cat","embeddable":true,"href":"https:\/\/roveyayinevi.com.tr\/index.php\/wp-json\/wp\/v2\/product_cat?post=736675"},{"taxonomy":"product_tag","embeddable":true,"href":"https:\/\/roveyayinevi.com.tr\/index.php\/wp-json\/wp\/v2\/product_tag?post=736675"}],"curies":[{"name":"wp","href":"https:\/\/api.w.org\/{rel}","templated":true}]}}