{"id":736673,"date":"2025-08-27T23:12:56","date_gmt":"2025-08-27T20:12:56","guid":{"rendered":"https:\/\/roveyayinevi.com.tr\/index.php\/urun\/canavar-pesinde-yeni-kan-3-kayip-mezar\/"},"modified":"2026-04-13T02:53:41","modified_gmt":"2026-04-12T23:53:41","slug":"canavar-pesinde-yeni-kan-3-kayip-mezar","status":"publish","type":"product","link":"https:\/\/roveyayinevi.com.tr\/index.php\/urun\/canavar-pesinde-yeni-kan-3-kayip-mezar\/","title":{"rendered":"Canavar Pe\u015finde Yeni Kan 3 &#8211; Kay\u0131p Mezar"},"content":{"rendered":"<p>Canavar Pe\u015finde YEN\u0130 KAN 3- KAYIP MEZAR Canavarlar\u0131 evcille\u015ftirme g\u00fcc\u00fcne sahip \u00fc\u00e7 yeni kahramanla tan\u0131\u015f\u0131n: Amy, Charlie ve Sam, d\u00fcnyam\u0131zdan \u00fc\u00e7 \u00e7ocuk. \u00c7ocuklar, Kara B\u00fcy\u00fcc\u00fc Malvel ile ittifak kurmu\u015f olan korkun\u00e7 bir d\u00fc\u015fman Illia Raven ile sava\u015fmak i\u00e7in M\u0131s\u0131r&#8217;a seyahat ediyorlar. Illia&#8217;y\u0131 yenmek amac\u0131yla g\u00fc\u00e7lerini ve canavarlar\u0131yla ba\u011flant\u0131lar\u0131n\u0131 kullan\u0131yorlar. Ancak Illia, korkun\u00e7 bir canavar\u0131 ve onunla birlikte M\u0131s\u0131r&#8217;daki mumyalar\u0131 uyand\u0131rmay\u0131 ba\u015far\u0131yor&#8230; Kaderlerini ke\u015ffeden yeni nesil kahramanlara kat\u0131l\u0131n. <\/p>\n","protected":false},"excerpt":{"rendered":"<p>Canavar Pe\u015finde YEN\u0130 KAN 3- KAYIP MEZAR Canavarlar\u0131 evcille\u015ftirme g\u00fcc\u00fcne sahip \u00fc\u00e7 yeni kahramanla tan\u0131\u015f\u0131n: Amy, Charlie ve Sam, d\u00fcnyam\u0131zdan \u00fc\u00e7 \u00e7ocuk. \u00c7ocuklar, Kara B\u00fcy\u00fcc\u00fc Malvel<span class=\"excerpt-hellip\"> [\u2026]<\/span><\/p>\n","protected":false},"featured_media":0,"template":"","meta":{"_monsterinsights_skip_tracking":false,"_monsterinsights_sitenote_active":false,"_monsterinsights_sitenote_note":"","_monsterinsights_sitenote_category":0},"product_brand":[],"product_cat":[12275,12274],"product_tag":[],"class_list":{"0":"post-736673","1":"product","2":"type-product","3":"status-publish","5":"product_cat-6-12-yas-kitaplari","6":"product_cat-cocuk-ve-genclik-kitaplari","7":"pa_cilt-ciltsiz","8":"pa_tur-kitap","9":"pa_yayinevi-beyaz-balina-yayinlari","10":"pa_yazar-adam-blade","12":"first","13":"instock","14":"sale","15":"shipping-taxable","16":"purchasable","17":"product-type-simple"},"_links":{"self":[{"href":"https:\/\/roveyayinevi.com.tr\/index.php\/wp-json\/wp\/v2\/product\/736673","targetHints":{"allow":["GET"]}}],"collection":[{"href":"https:\/\/roveyayinevi.com.tr\/index.php\/wp-json\/wp\/v2\/product"}],"about":[{"href":"https:\/\/roveyayinevi.com.tr\/index.php\/wp-json\/wp\/v2\/types\/product"}],"wp:attachment":[{"href":"https:\/\/roveyayinevi.com.tr\/index.php\/wp-json\/wp\/v2\/media?parent=736673"}],"wp:term":[{"taxonomy":"product_brand","embeddable":true,"href":"https:\/\/roveyayinevi.com.tr\/index.php\/wp-json\/wp\/v2\/product_brand?post=736673"},{"taxonomy":"product_cat","embeddable":true,"href":"https:\/\/roveyayinevi.com.tr\/index.php\/wp-json\/wp\/v2\/product_cat?post=736673"},{"taxonomy":"product_tag","embeddable":true,"href":"https:\/\/roveyayinevi.com.tr\/index.php\/wp-json\/wp\/v2\/product_tag?post=736673"}],"curies":[{"name":"wp","href":"https:\/\/api.w.org\/{rel}","templated":true}]}}