{"id":736672,"date":"2025-08-27T23:12:54","date_gmt":"2025-08-27T20:12:54","guid":{"rendered":"https:\/\/roveyayinevi.com.tr\/index.php\/urun\/canavar-pesinde-yeni-kan-2-kara-buyucu\/"},"modified":"2026-04-13T02:53:41","modified_gmt":"2026-04-12T23:53:41","slug":"canavar-pesinde-yeni-kan-2-kara-buyucu","status":"publish","type":"product","link":"https:\/\/roveyayinevi.com.tr\/index.php\/urun\/canavar-pesinde-yeni-kan-2-kara-buyucu\/","title":{"rendered":"Canavar Pe\u015finde Yeni Kan 2 &#8211; Kara B\u00fcy\u00fcc\u00fc"},"content":{"rendered":"<p>Canavar Pe\u015finde YEN\u0130 KAN 2- KARA B\u00dcY\u00dcC\u00dc Canavarlar\u0131 evcille\u015ftirme g\u00fcc\u00fcne sahip \u00fc\u00e7 yeni kahramanla tan\u0131\u015f\u0131n: Amy, Charlie ve Sam, d\u00fcnyam\u0131zdan \u00fc\u00e7 \u00e7ocuk. Bu kitapta \u00e7ocuklar, Charlie&#8217;nin b\u00fcy\u00fckbabas\u0131n\u0131n s\u0131rlar\u0131n\u0131 ke\u015ffediyorlar ve yeni bir canavar yumurtas\u0131 buluyorlar. D\u00fc\u015fmanlar\u0131 Kara B\u00fcy\u00fcc\u00fc Malvel ile k\u0131ran k\u0131rana bir m\u00fccadelenin sonunda boyut kap\u0131s\u0131 a\u00e7arak onu Avantia&#8217;ya g\u00f6ndermeyi ba\u015far\u0131yorlar. Ancak bulmalar\u0131 gereken bir\u00e7ok canavar yumurtas\u0131 var ve d\u00fcnyan\u0131n kaderi onlara ba\u011fl\u0131&#8230; Kaderlerini ke\u015ffeden yeni nesil kahramanlara kat\u0131l\u0131n. <\/p>\n","protected":false},"excerpt":{"rendered":"<p>Canavar Pe\u015finde YEN\u0130 KAN 2- KARA B\u00dcY\u00dcC\u00dc Canavarlar\u0131 evcille\u015ftirme g\u00fcc\u00fcne sahip \u00fc\u00e7 yeni kahramanla tan\u0131\u015f\u0131n: Amy, Charlie ve Sam, d\u00fcnyam\u0131zdan \u00fc\u00e7 \u00e7ocuk. Bu kitapta \u00e7ocuklar, Charlie&#8217;nin<span class=\"excerpt-hellip\"> [\u2026]<\/span><\/p>\n","protected":false},"featured_media":0,"template":"","meta":{"_monsterinsights_skip_tracking":false,"_monsterinsights_sitenote_active":false,"_monsterinsights_sitenote_note":"","_monsterinsights_sitenote_category":0},"product_brand":[],"product_cat":[12275,12274],"product_tag":[],"class_list":{"0":"post-736672","1":"product","2":"type-product","3":"status-publish","5":"product_cat-6-12-yas-kitaplari","6":"product_cat-cocuk-ve-genclik-kitaplari","7":"pa_cilt-ciltsiz","8":"pa_tur-kitap","9":"pa_yayinevi-beyaz-balina-yayinlari","10":"pa_yazar-adam-blade","12":"first","13":"instock","14":"sale","15":"shipping-taxable","16":"purchasable","17":"product-type-simple"},"_links":{"self":[{"href":"https:\/\/roveyayinevi.com.tr\/index.php\/wp-json\/wp\/v2\/product\/736672","targetHints":{"allow":["GET"]}}],"collection":[{"href":"https:\/\/roveyayinevi.com.tr\/index.php\/wp-json\/wp\/v2\/product"}],"about":[{"href":"https:\/\/roveyayinevi.com.tr\/index.php\/wp-json\/wp\/v2\/types\/product"}],"wp:attachment":[{"href":"https:\/\/roveyayinevi.com.tr\/index.php\/wp-json\/wp\/v2\/media?parent=736672"}],"wp:term":[{"taxonomy":"product_brand","embeddable":true,"href":"https:\/\/roveyayinevi.com.tr\/index.php\/wp-json\/wp\/v2\/product_brand?post=736672"},{"taxonomy":"product_cat","embeddable":true,"href":"https:\/\/roveyayinevi.com.tr\/index.php\/wp-json\/wp\/v2\/product_cat?post=736672"},{"taxonomy":"product_tag","embeddable":true,"href":"https:\/\/roveyayinevi.com.tr\/index.php\/wp-json\/wp\/v2\/product_tag?post=736672"}],"curies":[{"name":"wp","href":"https:\/\/api.w.org\/{rel}","templated":true}]}}