{"id":736671,"date":"2025-08-27T23:12:53","date_gmt":"2025-08-27T20:12:53","guid":{"rendered":"https:\/\/roveyayinevi.com.tr\/index.php\/urun\/canavar-pesinde-yeni-kan-1\/"},"modified":"2026-04-13T02:53:41","modified_gmt":"2026-04-12T23:53:41","slug":"canavar-pesinde-yeni-kan-1","status":"publish","type":"product","link":"https:\/\/roveyayinevi.com.tr\/index.php\/urun\/canavar-pesinde-yeni-kan-1\/","title":{"rendered":"Canavar Pe\u015finde Yeni Kan-1"},"content":{"rendered":"<p>Kitap Tan\u0131t\u0131m Yaz\u0131s\u0131: Canavar Pe\u015finde YEN\u0130 KAN-1 Canavarlar\u0131 evcille\u015ftirme g\u00fcc\u00fcne sahip \u00fc\u00e7 yeni kahramanla tan\u0131\u015f\u0131n: Amy, Charlie ve Sam, d\u00fcnyam\u0131zdan \u00fc\u00e7 \u00e7ocuk. Onlar\u0131 birbirine ba\u011flayan \u00e7ok g\u00fc\u00e7l\u00fc bir miras\u0131 ke\u015ffediyorlar. Onlar, Tom taraf\u0131ndan e\u011fitilmi\u015f, se\u00e7kin bir kahraman grubu olan Avantia&#8217;n\u0131n muhaf\u0131zlar\u0131n\u0131n torunlar\u0131. Yakla\u015f\u0131k y\u00fczy\u0131l \u00f6nce Malvel bir boyut kap\u0131s\u0131 a\u00e7arak b\u00fcy\u00fcl\u00fc canavar yumurtalar\u0131 ile birlikte d\u00fcnyam\u0131za s\u0131\u011f\u0131nd\u0131. Onu takip eden muhaf\u0131zlar da insanlar\u0131n aras\u0131nda ya\u015famaya ba\u015flad\u0131lar ancak Malvel&#8217;a ula\u015famad\u0131lar. \u015eimdi muhaf\u0131zlar\u0131n torunlar\u0131, Kara B\u00fcy\u00fcc\u00fc Malvel ile y\u00fczle\u015fmek zorundalar. Kaderlerini ke\u015ffeden yeni nesil kahramanlara kat\u0131l\u0131n. <\/p>\n","protected":false},"excerpt":{"rendered":"<p>Kitap Tan\u0131t\u0131m Yaz\u0131s\u0131: Canavar Pe\u015finde YEN\u0130 KAN-1 Canavarlar\u0131 evcille\u015ftirme g\u00fcc\u00fcne sahip \u00fc\u00e7 yeni kahramanla tan\u0131\u015f\u0131n: Amy, Charlie ve Sam, d\u00fcnyam\u0131zdan \u00fc\u00e7 \u00e7ocuk. Onlar\u0131 birbirine ba\u011flayan \u00e7ok<span class=\"excerpt-hellip\"> [\u2026]<\/span><\/p>\n","protected":false},"featured_media":0,"template":"","meta":{"_monsterinsights_skip_tracking":false,"_monsterinsights_sitenote_active":false,"_monsterinsights_sitenote_note":"","_monsterinsights_sitenote_category":0},"product_brand":[],"product_cat":[12275,12274],"product_tag":[],"class_list":{"0":"post-736671","1":"product","2":"type-product","3":"status-publish","5":"product_cat-6-12-yas-kitaplari","6":"product_cat-cocuk-ve-genclik-kitaplari","7":"pa_cilt-ciltsiz","8":"pa_tur-kitap","9":"pa_yayinevi-beyaz-balina-yayinlari","10":"pa_yazar-adam-blade","12":"first","13":"instock","14":"sale","15":"shipping-taxable","16":"purchasable","17":"product-type-simple"},"_links":{"self":[{"href":"https:\/\/roveyayinevi.com.tr\/index.php\/wp-json\/wp\/v2\/product\/736671","targetHints":{"allow":["GET"]}}],"collection":[{"href":"https:\/\/roveyayinevi.com.tr\/index.php\/wp-json\/wp\/v2\/product"}],"about":[{"href":"https:\/\/roveyayinevi.com.tr\/index.php\/wp-json\/wp\/v2\/types\/product"}],"wp:attachment":[{"href":"https:\/\/roveyayinevi.com.tr\/index.php\/wp-json\/wp\/v2\/media?parent=736671"}],"wp:term":[{"taxonomy":"product_brand","embeddable":true,"href":"https:\/\/roveyayinevi.com.tr\/index.php\/wp-json\/wp\/v2\/product_brand?post=736671"},{"taxonomy":"product_cat","embeddable":true,"href":"https:\/\/roveyayinevi.com.tr\/index.php\/wp-json\/wp\/v2\/product_cat?post=736671"},{"taxonomy":"product_tag","embeddable":true,"href":"https:\/\/roveyayinevi.com.tr\/index.php\/wp-json\/wp\/v2\/product_tag?post=736671"}],"curies":[{"name":"wp","href":"https:\/\/api.w.org\/{rel}","templated":true}]}}