{"id":736670,"date":"2025-08-27T23:12:52","date_gmt":"2025-08-27T20:12:52","guid":{"rendered":"https:\/\/roveyayinevi.com.tr\/index.php\/urun\/sirlar-kulesi\/"},"modified":"2026-04-16T02:45:44","modified_gmt":"2026-04-15T23:45:44","slug":"sirlar-kulesi","status":"publish","type":"product","link":"https:\/\/roveyayinevi.com.tr\/index.php\/urun\/sirlar-kulesi\/","title":{"rendered":"S\u0131rlar Kulesi"},"content":{"rendered":"<p>De\u011ferli okur, Bu mektup tuhaf\u0131n\u0131za gitse de emin olun son derece asil bir niyetim var. Sizi, d\u00fcnyan\u0131n en zeki insanlar\u0131na ev sahipli\u011fi yapmas\u0131yla \u00fcnl\u00fc Kara G\u00f6lgeler Kulesi\u2019nde birka\u00e7 g\u00fcn ge\u00e7irmeye davet etmekten onur duyar\u0131m.  Sizinle birlikte hayal g\u00fcc\u00fc geni\u015f, zeki ve ak\u0131ll\u0131 alt\u0131 ki\u015fiyi daha davet ettim. Bu davetin nedeni a\u00e7\u0131k: Bilmeceleri ve gizemli olaylar\u0131 \u00e7\u00f6zerek, kulede kar\u015f\u0131n\u0131za \u00e7\u0131kacak zorluklar\u0131n \u00fcstesinden gelecek ve cevaplar\u0131n\u0131zla di\u011fer davetlilere meydan okuyacaks\u0131n\u0131z. Kula\u011fa fazla gizemli geldi\u011finin fark\u0131nday\u0131m ama sizi temin ederim, \u00e7ok g\u00fczel vakit ge\u00e7irece\u011fiz.  Ne dersiniz, var m\u0131s\u0131n\u0131z? Elbette vars\u0131n\u0131z, \u00e7\u00fcnk\u00fc ancak b\u00fct\u00fcn bilmeceler \u00e7\u00f6z\u00fcld\u00fckten sonra kim oldu\u011fumu \u00f6\u011freneceksiniz.   G\u0130ZEML\u0130 B\u0130R M\u00c2L\u0130KANE, B\u0130RB\u0130R\u0130NDEN ZEK\u0130 DAVETL\u0130LER VE SEN\u2026 Esrarengiz ev sahibi, alt\u0131 zeki ara\u015ft\u0131rmac\u0131y\u0131 mektupla S\u0131rlar Kulesi\u2019ne \u00e7a\u011f\u0131rd\u0131. Konuklar kahyan\u0131n rehberli\u011finde kulenin iki y\u00fcz odas\u0131n\u0131 gezecekler. Her kap\u0131, \u00e7\u00f6zd\u00fcklerinde onlar\u0131 esrarengiz ev sahiplerinin kimli\u011fini \u00f6\u011frenmeye bir ad\u0131m daha yakla\u015ft\u0131ran bir bulmacaya a\u00e7\u0131l\u0131yor; bu s\u0131rada da ara\u015ft\u0131rmac\u0131lar aralar\u0131nda hangisinin daha zeki oldu\u011funu g\u00f6stermek i\u00e7in yar\u0131\u015facaklar. Ya sen? Davetiye sana da ula\u015ft\u0131 m\u0131? Onlardan daha zeki oldu\u011funu g\u00f6sterebilir misin? <\/p>\n","protected":false},"excerpt":{"rendered":"<p>De\u011ferli okur, Bu mektup tuhaf\u0131n\u0131za gitse de emin olun son derece asil bir niyetim var. Sizi, d\u00fcnyan\u0131n en zeki insanlar\u0131na ev sahipli\u011fi yapmas\u0131yla \u00fcnl\u00fc Kara G\u00f6lgeler<span class=\"excerpt-hellip\"> [\u2026]<\/span><\/p>\n","protected":false},"featured_media":0,"template":"","meta":{"_monsterinsights_skip_tracking":false,"_monsterinsights_sitenote_active":false,"_monsterinsights_sitenote_note":"","_monsterinsights_sitenote_category":0},"product_brand":[],"product_cat":[12275,12274],"product_tag":[],"class_list":{"0":"post-736670","1":"product","2":"type-product","3":"status-publish","5":"product_cat-6-12-yas-kitaplari","6":"product_cat-cocuk-ve-genclik-kitaplari","7":"pa_cilt-ciltsiz","8":"pa_tur-kitap","9":"pa_yayinevi-domingo-yayinevi","10":"pa_yazar-myriam-sayalero","12":"first","13":"instock","14":"sale","15":"shipping-taxable","16":"purchasable","17":"product-type-simple"},"_links":{"self":[{"href":"https:\/\/roveyayinevi.com.tr\/index.php\/wp-json\/wp\/v2\/product\/736670","targetHints":{"allow":["GET"]}}],"collection":[{"href":"https:\/\/roveyayinevi.com.tr\/index.php\/wp-json\/wp\/v2\/product"}],"about":[{"href":"https:\/\/roveyayinevi.com.tr\/index.php\/wp-json\/wp\/v2\/types\/product"}],"wp:attachment":[{"href":"https:\/\/roveyayinevi.com.tr\/index.php\/wp-json\/wp\/v2\/media?parent=736670"}],"wp:term":[{"taxonomy":"product_brand","embeddable":true,"href":"https:\/\/roveyayinevi.com.tr\/index.php\/wp-json\/wp\/v2\/product_brand?post=736670"},{"taxonomy":"product_cat","embeddable":true,"href":"https:\/\/roveyayinevi.com.tr\/index.php\/wp-json\/wp\/v2\/product_cat?post=736670"},{"taxonomy":"product_tag","embeddable":true,"href":"https:\/\/roveyayinevi.com.tr\/index.php\/wp-json\/wp\/v2\/product_tag?post=736670"}],"curies":[{"name":"wp","href":"https:\/\/api.w.org\/{rel}","templated":true}]}}