{"id":736669,"date":"2025-08-27T23:12:51","date_gmt":"2025-08-27T20:12:51","guid":{"rendered":"https:\/\/roveyayinevi.com.tr\/index.php\/urun\/annepot\/"},"modified":"2026-04-16T02:45:44","modified_gmt":"2026-04-15T23:45:44","slug":"annepot","status":"publish","type":"product","link":"https:\/\/roveyayinevi.com.tr\/index.php\/urun\/annepot\/","title":{"rendered":"Annepot"},"content":{"rendered":"<p>Deniz\u2019in annesi her \u015feye yeti\u015fiyordu. Ayn\u0131 anda yemek yap\u0131yor, telefonla konu\u015fuyor, \u00e7i\u00e7ekleri suluyor, bilgisayarda bir \u015feyler yaz\u0131yor, temizlik yap\u0131yor, limonata haz\u0131rl\u0131yor ve Deniz ile top oynuyordu. Annesi sadece bir anne de\u011fildi, o bir annepottu! Onu biraz seyreden biri, t\u0131pk\u0131 bir ahtapot gibi sekiz kolu oldu\u011funu kolayca fark edebilirdi. Ama bir g\u00fcn Annepot ve Deniz bir yolculu\u011fa \u00e7\u0131kt\u0131 ve her \u015fey yava\u015f yava\u015f de\u011fi\u015fmeye ba\u015flad\u0131.   Annepot, \u201cBir \u00e7ocu\u011fu b\u00fct\u00fcn bir k\u00f6y b\u00fcy\u00fct\u00fcr.\u201d s\u00f6z\u00fcn\u00fc ispatlayan bol s\u00fcrprizli ve ne\u015feli bir \u00f6yk\u00fc. <\/p>\n","protected":false},"excerpt":{"rendered":"<p>Deniz\u2019in annesi her \u015feye yeti\u015fiyordu. Ayn\u0131 anda yemek yap\u0131yor, telefonla konu\u015fuyor, \u00e7i\u00e7ekleri suluyor, bilgisayarda bir \u015feyler yaz\u0131yor, temizlik yap\u0131yor, limonata haz\u0131rl\u0131yor ve Deniz ile top oynuyordu.<span class=\"excerpt-hellip\"> [\u2026]<\/span><\/p>\n","protected":false},"featured_media":0,"template":"","meta":{"_monsterinsights_skip_tracking":false,"_monsterinsights_sitenote_active":false,"_monsterinsights_sitenote_note":"","_monsterinsights_sitenote_category":0},"product_brand":[],"product_cat":[12274,12518],"product_tag":[],"class_list":{"0":"post-736669","1":"product","2":"type-product","3":"status-publish","5":"product_cat-cocuk-ve-genclik-kitaplari","6":"product_cat-okul-oncesi-kitaplar","7":"pa_cilt-ciltsiz","8":"pa_tur-kitap","9":"pa_yayinevi-taze-kitap","10":"pa_yazar-asli-perker","12":"first","13":"instock","14":"sale","15":"shipping-taxable","16":"purchasable","17":"product-type-simple"},"_links":{"self":[{"href":"https:\/\/roveyayinevi.com.tr\/index.php\/wp-json\/wp\/v2\/product\/736669","targetHints":{"allow":["GET"]}}],"collection":[{"href":"https:\/\/roveyayinevi.com.tr\/index.php\/wp-json\/wp\/v2\/product"}],"about":[{"href":"https:\/\/roveyayinevi.com.tr\/index.php\/wp-json\/wp\/v2\/types\/product"}],"wp:attachment":[{"href":"https:\/\/roveyayinevi.com.tr\/index.php\/wp-json\/wp\/v2\/media?parent=736669"}],"wp:term":[{"taxonomy":"product_brand","embeddable":true,"href":"https:\/\/roveyayinevi.com.tr\/index.php\/wp-json\/wp\/v2\/product_brand?post=736669"},{"taxonomy":"product_cat","embeddable":true,"href":"https:\/\/roveyayinevi.com.tr\/index.php\/wp-json\/wp\/v2\/product_cat?post=736669"},{"taxonomy":"product_tag","embeddable":true,"href":"https:\/\/roveyayinevi.com.tr\/index.php\/wp-json\/wp\/v2\/product_tag?post=736669"}],"curies":[{"name":"wp","href":"https:\/\/api.w.org\/{rel}","templated":true}]}}