{"id":736668,"date":"2025-08-27T23:12:50","date_gmt":"2025-08-27T20:12:50","guid":{"rendered":"https:\/\/roveyayinevi.com.tr\/index.php\/urun\/elmali-turta-deyip-gecme\/"},"modified":"2026-04-16T02:45:44","modified_gmt":"2026-04-15T23:45:44","slug":"elmali-turta-deyip-gecme","status":"publish","type":"product","link":"https:\/\/roveyayinevi.com.tr\/index.php\/urun\/elmali-turta-deyip-gecme\/","title":{"rendered":"Elmal\u0131 Turta Deyip Ge\u00e7me"},"content":{"rendered":"<p>Sofi alt\u0131 ya\u015f\u0131nda, ailesinin elma bah\u00e7esindeki a\u011fa\u00e7lar da \u00f6yle\u2026 A\u011fa\u00e7lar elma vermeye haz\u0131r. Sofi de turtas\u0131n\u0131 yapmaya haz\u0131r! <\/p>\n","protected":false},"excerpt":{"rendered":"<p>Sofi alt\u0131 ya\u015f\u0131nda, ailesinin elma bah\u00e7esindeki a\u011fa\u00e7lar da \u00f6yle\u2026 A\u011fa\u00e7lar elma vermeye haz\u0131r. Sofi de turtas\u0131n\u0131 yapmaya haz\u0131r!<\/p>\n","protected":false},"featured_media":0,"template":"","meta":{"_monsterinsights_skip_tracking":false,"_monsterinsights_sitenote_active":false,"_monsterinsights_sitenote_note":"","_monsterinsights_sitenote_category":0},"product_brand":[],"product_cat":[12274,12518],"product_tag":[],"class_list":{"0":"post-736668","1":"product","2":"type-product","3":"status-publish","5":"product_cat-cocuk-ve-genclik-kitaplari","6":"product_cat-okul-oncesi-kitaplar","7":"pa_cilt-ciltsiz","8":"pa_tur-kitap","9":"pa_yayinevi-is-bankasi-kultur-yayinlari","10":"pa_yazar-beth-charles","12":"first","13":"instock","14":"sale","15":"shipping-taxable","16":"purchasable","17":"product-type-simple"},"_links":{"self":[{"href":"https:\/\/roveyayinevi.com.tr\/index.php\/wp-json\/wp\/v2\/product\/736668","targetHints":{"allow":["GET"]}}],"collection":[{"href":"https:\/\/roveyayinevi.com.tr\/index.php\/wp-json\/wp\/v2\/product"}],"about":[{"href":"https:\/\/roveyayinevi.com.tr\/index.php\/wp-json\/wp\/v2\/types\/product"}],"wp:attachment":[{"href":"https:\/\/roveyayinevi.com.tr\/index.php\/wp-json\/wp\/v2\/media?parent=736668"}],"wp:term":[{"taxonomy":"product_brand","embeddable":true,"href":"https:\/\/roveyayinevi.com.tr\/index.php\/wp-json\/wp\/v2\/product_brand?post=736668"},{"taxonomy":"product_cat","embeddable":true,"href":"https:\/\/roveyayinevi.com.tr\/index.php\/wp-json\/wp\/v2\/product_cat?post=736668"},{"taxonomy":"product_tag","embeddable":true,"href":"https:\/\/roveyayinevi.com.tr\/index.php\/wp-json\/wp\/v2\/product_tag?post=736668"}],"curies":[{"name":"wp","href":"https:\/\/api.w.org\/{rel}","templated":true}]}}