{"id":736667,"date":"2025-08-27T23:12:48","date_gmt":"2025-08-27T20:12:48","guid":{"rendered":"https:\/\/roveyayinevi.com.tr\/index.php\/urun\/robin-robin-2\/"},"modified":"2026-04-16T02:45:44","modified_gmt":"2026-04-15T23:45:44","slug":"robin-robin-2","status":"publish","type":"product","link":"https:\/\/roveyayinevi.com.tr\/index.php\/urun\/robin-robin-2\/","title":{"rendered":"Robin Robin &#8211; 2"},"content":{"rendered":"<p>Fare gibi a\u015f\u0131r&#8230; ku\u015f gibi u\u00e7! Bir fare ailesi taraf\u0131ndan b\u00fcy\u00fct\u00fclen Robin, kendini ailenin di\u011fer \u00fcyelerinden farkl\u0131 tuhaf bir yabanc\u0131 gibi hissediyor. Bu nedenle, ailede kendisinin de bir yeri oldu\u011funu ispatlamak i\u00e7in tehlikeli bir yolculu\u011fa \u00e7\u0131k\u0131yor \u2013 acaba sonunda evine geri d\u00f6nebilecek mi? Robin Robin, Gillian Anderson ile Richard E. Grant\u2019\u0131n oynad\u0131\u011f\u0131, Kuzular Firarda ve Wallace &amp; Gromit\u2019in \u00f6d\u00fcll\u00fc yarat\u0131c\u0131 ekibinin imza att\u0131\u011f\u0131 bir Y\u0131lba\u015f\u0131 maceras\u0131&#8230; Animasyondan yap\u0131lm\u0131\u015f bu uyarlamada, filmden al\u0131nm\u0131\u015f \u00e7izimler de yer al\u0131yor<\/p>\n","protected":false},"excerpt":{"rendered":"<p>Fare gibi a\u015f\u0131r&#8230; ku\u015f gibi u\u00e7! Bir fare ailesi taraf\u0131ndan b\u00fcy\u00fct\u00fclen Robin, kendini ailenin di\u011fer \u00fcyelerinden farkl\u0131 tuhaf bir yabanc\u0131 gibi hissediyor. Bu nedenle, ailede kendisinin<span class=\"excerpt-hellip\"> [\u2026]<\/span><\/p>\n","protected":false},"featured_media":0,"template":"","meta":{"_monsterinsights_skip_tracking":false,"_monsterinsights_sitenote_active":false,"_monsterinsights_sitenote_note":"","_monsterinsights_sitenote_category":0},"product_brand":[],"product_cat":[12274,12518],"product_tag":[],"class_list":{"0":"post-736667","1":"product","2":"type-product","3":"status-publish","5":"product_cat-cocuk-ve-genclik-kitaplari","6":"product_cat-okul-oncesi-kitaplar","7":"pa_cilt-ciltsiz","8":"pa_tur-kitap","9":"pa_yayinevi-is-bankasi-kultur-yayinlari","10":"pa_yazar-is-bankasi-kultur-yayinlari-kolektif","12":"first","13":"instock","14":"sale","15":"shipping-taxable","16":"purchasable","17":"product-type-simple"},"_links":{"self":[{"href":"https:\/\/roveyayinevi.com.tr\/index.php\/wp-json\/wp\/v2\/product\/736667","targetHints":{"allow":["GET"]}}],"collection":[{"href":"https:\/\/roveyayinevi.com.tr\/index.php\/wp-json\/wp\/v2\/product"}],"about":[{"href":"https:\/\/roveyayinevi.com.tr\/index.php\/wp-json\/wp\/v2\/types\/product"}],"wp:attachment":[{"href":"https:\/\/roveyayinevi.com.tr\/index.php\/wp-json\/wp\/v2\/media?parent=736667"}],"wp:term":[{"taxonomy":"product_brand","embeddable":true,"href":"https:\/\/roveyayinevi.com.tr\/index.php\/wp-json\/wp\/v2\/product_brand?post=736667"},{"taxonomy":"product_cat","embeddable":true,"href":"https:\/\/roveyayinevi.com.tr\/index.php\/wp-json\/wp\/v2\/product_cat?post=736667"},{"taxonomy":"product_tag","embeddable":true,"href":"https:\/\/roveyayinevi.com.tr\/index.php\/wp-json\/wp\/v2\/product_tag?post=736667"}],"curies":[{"name":"wp","href":"https:\/\/api.w.org\/{rel}","templated":true}]}}