{"id":736666,"date":"2025-08-27T23:12:47","date_gmt":"2025-08-27T20:12:47","guid":{"rendered":"https:\/\/roveyayinevi.com.tr\/index.php\/urun\/tavsan-bozi-ve-sevimli-dostlar\/"},"modified":"2026-04-16T02:45:44","modified_gmt":"2026-04-15T23:45:44","slug":"tavsan-bozi-ve-sevimli-dostlar","status":"publish","type":"product","link":"https:\/\/roveyayinevi.com.tr\/index.php\/urun\/tavsan-bozi-ve-sevimli-dostlar\/","title":{"rendered":"Tav\u015fan Bozi ve Sevimli Dostlar"},"content":{"rendered":"<p>Tav\u015fan Bozi farkl\u0131 birisi olmak istiyordu. Birbirinden ilgin\u00e7 k\u0131yafetler giyip, arkada\u015flar\u0131n\u0131 etkilemeye \u00e7al\u0131\u015f\u0131yordu. Ama ne yaparsa yaps\u0131n, arkada\u015flar\u0131 hi\u00e7bir kost\u00fcm\u00fc be\u011fenmiyor, hep ayn\u0131 \u015feyi s\u00f6yl\u00fcyordu: \u201cTav\u015fan Bozi, bu ne \u015fimdi!\u201d Acaba minik dostlar, Tav\u015fan Bozi\u2019ye neden b\u00f6yle dedi? Bu sorunun cevab\u0131n\u0131 bulmak istersen, hadi oku hikayeyi! <\/p>\n","protected":false},"excerpt":{"rendered":"<p>Tav\u015fan Bozi farkl\u0131 birisi olmak istiyordu. Birbirinden ilgin\u00e7 k\u0131yafetler giyip, arkada\u015flar\u0131n\u0131 etkilemeye \u00e7al\u0131\u015f\u0131yordu. Ama ne yaparsa yaps\u0131n, arkada\u015flar\u0131 hi\u00e7bir kost\u00fcm\u00fc be\u011fenmiyor, hep ayn\u0131 \u015feyi s\u00f6yl\u00fcyordu: \u201cTav\u015fan<span class=\"excerpt-hellip\"> [\u2026]<\/span><\/p>\n","protected":false},"featured_media":0,"template":"","meta":{"_monsterinsights_skip_tracking":false,"_monsterinsights_sitenote_active":false,"_monsterinsights_sitenote_note":"","_monsterinsights_sitenote_category":0},"product_brand":[],"product_cat":[12274,12518],"product_tag":[],"class_list":{"0":"post-736666","1":"product","2":"type-product","3":"status-publish","5":"product_cat-cocuk-ve-genclik-kitaplari","6":"product_cat-okul-oncesi-kitaplar","7":"pa_cilt-ciltsiz","8":"pa_tur-kitap","9":"pa_yayinevi-is-bankasi-kultur-yayinlari","10":"pa_yazar-bethany-rose-hines","12":"first","13":"instock","14":"sale","15":"shipping-taxable","16":"purchasable","17":"product-type-simple"},"_links":{"self":[{"href":"https:\/\/roveyayinevi.com.tr\/index.php\/wp-json\/wp\/v2\/product\/736666","targetHints":{"allow":["GET"]}}],"collection":[{"href":"https:\/\/roveyayinevi.com.tr\/index.php\/wp-json\/wp\/v2\/product"}],"about":[{"href":"https:\/\/roveyayinevi.com.tr\/index.php\/wp-json\/wp\/v2\/types\/product"}],"wp:attachment":[{"href":"https:\/\/roveyayinevi.com.tr\/index.php\/wp-json\/wp\/v2\/media?parent=736666"}],"wp:term":[{"taxonomy":"product_brand","embeddable":true,"href":"https:\/\/roveyayinevi.com.tr\/index.php\/wp-json\/wp\/v2\/product_brand?post=736666"},{"taxonomy":"product_cat","embeddable":true,"href":"https:\/\/roveyayinevi.com.tr\/index.php\/wp-json\/wp\/v2\/product_cat?post=736666"},{"taxonomy":"product_tag","embeddable":true,"href":"https:\/\/roveyayinevi.com.tr\/index.php\/wp-json\/wp\/v2\/product_tag?post=736666"}],"curies":[{"name":"wp","href":"https:\/\/api.w.org\/{rel}","templated":true}]}}