{"id":736664,"date":"2025-08-27T23:12:45","date_gmt":"2025-08-27T20:12:45","guid":{"rendered":"https:\/\/roveyayinevi.com.tr\/index.php\/urun\/simdi-ogrenme-zamani-dikkat\/"},"modified":"2026-04-16T02:45:44","modified_gmt":"2026-04-15T23:45:44","slug":"simdi-ogrenme-zamani-dikkat","status":"publish","type":"product","link":"https:\/\/roveyayinevi.com.tr\/index.php\/urun\/simdi-ogrenme-zamani-dikkat\/","title":{"rendered":"\u015eimdi \u00d6\u011frenme Zaman\u0131 &#8211; Dikkat"},"content":{"rendered":"<p>\u015eimdi \u00d6\u011frenme Zaman\u0131-Dikkat e\u011fitici ve e\u011flenceli al\u0131\u015ft\u0131rmalar\u0131yla \u00e7ocu\u011fun do\u011fal geli\u015fimini destekler, \u00f6\u011fretirken e\u011flendirir ve \u00e7ocu\u011fun dikkat toplamas\u0131n\u0131 ama\u00e7larken ba\u015farma duygusu tatmas\u0131n\u0131 sa\u011flar. Dikkat kitab\u0131m\u0131zda bulabilecekleriniz: *\u00c7ocu\u011fun ya\u015f\u0131na uygun 20\u2019nin \u00fczerinde ve birbirini destekleyen al\u0131\u015ft\u0131rma *Sevimli karakterlerin e\u011flenceli \u00e7izimleri e\u015fli\u011finde e\u011flenerek \u00f6\u011frenme *E\u011fitici oyunlar i\u00e7in destekleyici fikirler *G\u00fcndelik ya\u015fama dair pratik ipu\u00e7lar\u0131 \u00c7ocu\u011funuz neler \u00f6\u011frenecek? *Farkl\u0131l\u0131klar\u0131 ve benzerlikleri ay\u0131rt etmeyi *Al\u0131\u015ft\u0131rmalara odaklanarak \u00e7al\u0131\u015fmay\u0131 *Dikkatli bakmay\u0131 ve mant\u0131kl\u0131 d\u00fc\u015f\u00fcnmeyi *\u0130nce motor yetene\u011finin geli\u015fimi Uzman e\u011fitimcilerin haz\u0131rlad\u0131\u011f\u0131 Dikkat, pedagoglar taraf\u0131ndan kontrol edilip, okul \u00f6ncesi \u00e7ocuklar taraf\u0131ndan uygulanm\u0131\u015ft\u0131r. <\/p>\n","protected":false},"excerpt":{"rendered":"<p>\u015eimdi \u00d6\u011frenme Zaman\u0131-Dikkat e\u011fitici ve e\u011flenceli al\u0131\u015ft\u0131rmalar\u0131yla \u00e7ocu\u011fun do\u011fal geli\u015fimini destekler, \u00f6\u011fretirken e\u011flendirir ve \u00e7ocu\u011fun dikkat toplamas\u0131n\u0131 ama\u00e7larken ba\u015farma duygusu tatmas\u0131n\u0131 sa\u011flar. Dikkat kitab\u0131m\u0131zda bulabilecekleriniz: *\u00c7ocu\u011fun<span class=\"excerpt-hellip\"> [\u2026]<\/span><\/p>\n","protected":false},"featured_media":0,"template":"","meta":{"_monsterinsights_skip_tracking":false,"_monsterinsights_sitenote_active":false,"_monsterinsights_sitenote_note":"","_monsterinsights_sitenote_category":0},"product_brand":[],"product_cat":[12274,15842],"product_tag":[],"class_list":{"0":"post-736664","1":"product","2":"type-product","3":"status-publish","5":"product_cat-cocuk-ve-genclik-kitaplari","6":"product_cat-egitici-kitaplar","7":"pa_cilt-ciltsiz","8":"pa_tur-kitap","9":"pa_yayinevi-is-bankasi-kultur-yayinlari","10":"pa_yazar-is-bankasi-kultur-yayinlari-kolektif","12":"first","13":"instock","14":"sale","15":"shipping-taxable","16":"purchasable","17":"product-type-simple"},"_links":{"self":[{"href":"https:\/\/roveyayinevi.com.tr\/index.php\/wp-json\/wp\/v2\/product\/736664","targetHints":{"allow":["GET"]}}],"collection":[{"href":"https:\/\/roveyayinevi.com.tr\/index.php\/wp-json\/wp\/v2\/product"}],"about":[{"href":"https:\/\/roveyayinevi.com.tr\/index.php\/wp-json\/wp\/v2\/types\/product"}],"wp:attachment":[{"href":"https:\/\/roveyayinevi.com.tr\/index.php\/wp-json\/wp\/v2\/media?parent=736664"}],"wp:term":[{"taxonomy":"product_brand","embeddable":true,"href":"https:\/\/roveyayinevi.com.tr\/index.php\/wp-json\/wp\/v2\/product_brand?post=736664"},{"taxonomy":"product_cat","embeddable":true,"href":"https:\/\/roveyayinevi.com.tr\/index.php\/wp-json\/wp\/v2\/product_cat?post=736664"},{"taxonomy":"product_tag","embeddable":true,"href":"https:\/\/roveyayinevi.com.tr\/index.php\/wp-json\/wp\/v2\/product_tag?post=736664"}],"curies":[{"name":"wp","href":"https:\/\/api.w.org\/{rel}","templated":true}]}}