{"id":736660,"date":"2025-08-27T23:12:40","date_gmt":"2025-08-27T20:12:40","guid":{"rendered":"https:\/\/roveyayinevi.com.tr\/index.php\/urun\/bizim-ev\/"},"modified":"2026-04-03T02:52:02","modified_gmt":"2026-04-02T23:52:02","slug":"bizim-ev","status":"publish","type":"product","link":"https:\/\/roveyayinevi.com.tr\/index.php\/urun\/bizim-ev\/","title":{"rendered":"Bizim Ev"},"content":{"rendered":"<p>KARAR A\u0130LES\u0130N\u0130N MACERALARINI OKURKEN KAHKAHALARINIZI TUTAMAYACAKSINIZ. B\u0130Z\u0130M EV S\u0131n\u0131f \u00f6\u011fretmeni d\u00f6nem \u00f6devi olarak evlerini anlatan bir yaz\u0131 istedi\u011finde, Chloe tam olarak nereden ba\u015flamas\u0131 gerekti\u011fini \u00e7ok iyi biliyordu. Normal olarak \u00f6n kap\u0131dan ba\u015flayacakt\u0131. Ancak evlerinin \u00f6n kap\u0131s\u0131 pek normal de\u011fildi. Asl\u0131nda arka kap\u0131lar\u0131 da pek normal say\u0131lmazd\u0131. Tarafs\u0131z g\u00f6zle bak\u0131ld\u0131\u011f\u0131nda Chloe ve kalabal\u0131k ailesinin ya\u015fad\u0131\u011f\u0131 ev, ger\u00e7ekten biraz s\u0131ra d\u0131\u015f\u0131yd\u0131. Hatta baz\u0131lar\u0131 Karar ailesinin de s\u0131ra d\u0131\u015f\u0131 oldu\u011funu d\u00fc\u015f\u00fcn\u00fcyordu. Kim ne derse desin, bu evde asla s\u0131k\u0131c\u0131 ya da s\u0131radan bir g\u00fcn ya\u015fanm\u0131yordu. Kimse m\u00fckemmel de\u011fildir, ama bu hi\u00e7 dert de\u011fil. \u00c7\u00fcnk\u00fc \u00e7ok mutlu olmak i\u00e7in m\u00fckemmel olmak gerekmez! <\/p>\n","protected":false},"excerpt":{"rendered":"<p>KARAR A\u0130LES\u0130N\u0130N MACERALARINI OKURKEN KAHKAHALARINIZI TUTAMAYACAKSINIZ. B\u0130Z\u0130M EV S\u0131n\u0131f \u00f6\u011fretmeni d\u00f6nem \u00f6devi olarak evlerini anlatan bir yaz\u0131 istedi\u011finde, Chloe tam olarak nereden ba\u015flamas\u0131 gerekti\u011fini \u00e7ok iyi<span class=\"excerpt-hellip\"> [\u2026]<\/span><\/p>\n","protected":false},"featured_media":0,"template":"","meta":{"_monsterinsights_skip_tracking":false,"_monsterinsights_sitenote_active":false,"_monsterinsights_sitenote_note":"","_monsterinsights_sitenote_category":0},"product_brand":[],"product_cat":[12275,12274],"product_tag":[],"class_list":{"0":"post-736660","1":"product","2":"type-product","3":"status-publish","5":"product_cat-6-12-yas-kitaplari","6":"product_cat-cocuk-ve-genclik-kitaplari","7":"pa_cilt-ciltsiz","8":"pa_tur-kitap","9":"pa_yayinevi-is-bankasi-kultur-yayinlari","10":"pa_yazar-t-s-easton","12":"first","13":"instock","14":"sale","15":"shipping-taxable","16":"purchasable","17":"product-type-simple"},"_links":{"self":[{"href":"https:\/\/roveyayinevi.com.tr\/index.php\/wp-json\/wp\/v2\/product\/736660","targetHints":{"allow":["GET"]}}],"collection":[{"href":"https:\/\/roveyayinevi.com.tr\/index.php\/wp-json\/wp\/v2\/product"}],"about":[{"href":"https:\/\/roveyayinevi.com.tr\/index.php\/wp-json\/wp\/v2\/types\/product"}],"wp:attachment":[{"href":"https:\/\/roveyayinevi.com.tr\/index.php\/wp-json\/wp\/v2\/media?parent=736660"}],"wp:term":[{"taxonomy":"product_brand","embeddable":true,"href":"https:\/\/roveyayinevi.com.tr\/index.php\/wp-json\/wp\/v2\/product_brand?post=736660"},{"taxonomy":"product_cat","embeddable":true,"href":"https:\/\/roveyayinevi.com.tr\/index.php\/wp-json\/wp\/v2\/product_cat?post=736660"},{"taxonomy":"product_tag","embeddable":true,"href":"https:\/\/roveyayinevi.com.tr\/index.php\/wp-json\/wp\/v2\/product_tag?post=736660"}],"curies":[{"name":"wp","href":"https:\/\/api.w.org\/{rel}","templated":true}]}}