{"id":736655,"date":"2025-08-27T23:12:34","date_gmt":"2025-08-27T20:12:34","guid":{"rendered":"https:\/\/roveyayinevi.com.tr\/index.php\/urun\/bela-cicegi\/"},"modified":"2026-04-16T02:45:44","modified_gmt":"2026-04-15T23:45:44","slug":"bela-cicegi","status":"publish","type":"product","link":"https:\/\/roveyayinevi.com.tr\/index.php\/urun\/bela-cicegi\/","title":{"rendered":"Bela \u00c7i\u00e7e\u011fi"},"content":{"rendered":"<p>Size, bize, \u201cmevcutlu\u201d g\u00f6t\u00fcr\u00fclen, az sonra kar\u0131s\u0131ndan ayr\u0131 d\u00fc\u015fecek olana, Beyo\u011flu\u2019nun arka sokaklar\u0131nda \u00e7amurlara bata \u00e7\u0131ka y\u00fcr\u00fcyene, karanl\u0131k odalarda kendini arayana, \u201ceksik\u201d sevene, d\u00f6v\u00fclm\u00fc\u015f halini kimseler g\u00f6rmesin isteyene, cam ye\u015fili etek giyene, sonbahar u\u011fultusu duymam\u0131\u015f olana bak\u0131yor Attil\u00e2 \u0130lhan, bak\u0131yor ve onlardan, sizden, bizden \u015fiir yap\u0131yor. \u0130lk kez 1962\u2019de bas\u0131lan Bel\u00e2 \u00c7i\u00e7e\u011fi\u2019nde onun, kendine, hayat\u0131ndan \u015f\u00f6yle ya da b\u00f6yle gelip ge\u00e7en insanlara, dostlar\u0131na, sevgililerine, sokaklara, meydanlara, toplumsal olaylara bakarak yapt\u0131\u011f\u0131 \u015fiirler bulacaks\u0131n\u0131z; belki kendinizi de&#8230; *Bel\u00e2 \u00c7i\u00e7e\u011fi \/Aysel Git Ba\u015f\u0131mdan \/Sen Benim Hi\u00e7bir \u015eeyimsin \/Gecenin Kap\u0131lar\u0131 \/Nada Nada y Nada \/Nun Nun \/\u015eubat Yolcusu \/B\u00fcy\u00fck Leyl\u00e2 \/Eksik \/\u0130brahim Cura Limited \/B\u00fcy\u00fck Leyl\u00e2\u2019n\u0131n Sonu \/Beni Bir Kere D\u00f6vd\u00fcler *Cinnet \u00c7ar\u015f\u0131s\u0131 \/Doktor \u015eandu\u2019nun Esrar\u0131 \/G\u00f6ky\u00fcz\u00fc Olmak \/\u0130kinci Cem\u2019in Gizli Hayat\u0131 1 \/ \u0130kinci Cem\u2019in Gizli Hayat\u0131 2 \/ \u0130kinci Cem\u2019in Gizli Hayat\u0131 3 \/ \u0130kinci Cem\u2019in Gizli Hayat\u0131 4 \/Claude Diye Bir \u00dclke *Cinnet \u00c7ar\u015f\u0131s\u0131 \/Cinnetsaray \/Rock\u2019n\u2019roll K\u00f6pekleri \/Bir de Manhattan Olursa \/Sirkeci Garpalas 32 \/Eller Yukar\u0131 *M\u00e2hur Sevi\u015fmek \/Emirg\u00e2n\u2019da \u00c7ay Saati \/Yar\u0131n\u0131n Ba\u015flang\u0131c\u0131 1 \/ Yar\u0131n\u0131n Ba\u015flang\u0131c\u0131 2 \/ Yar\u0131n\u0131n Ba\u015flang\u0131c\u0131 3 \/ Yar\u0131n\u0131n Ba\u015flang\u0131c\u0131 4 \/Hac\u0131 Murad\u2019\u0131n \u00d6l\u00fcm\u00fc \/Orient-Express \/M\u00e2hur Sevi\u015fmek \/Ferd\u00e2 <\/p>\n","protected":false},"excerpt":{"rendered":"<p>Size, bize, \u201cmevcutlu\u201d g\u00f6t\u00fcr\u00fclen, az sonra kar\u0131s\u0131ndan ayr\u0131 d\u00fc\u015fecek olana, Beyo\u011flu\u2019nun arka sokaklar\u0131nda \u00e7amurlara bata \u00e7\u0131ka y\u00fcr\u00fcyene, karanl\u0131k odalarda kendini arayana, \u201ceksik\u201d sevene, d\u00f6v\u00fclm\u00fc\u015f halini kimseler<span class=\"excerpt-hellip\"> [\u2026]<\/span><\/p>\n","protected":false},"featured_media":0,"template":"","meta":{"_monsterinsights_skip_tracking":false,"_monsterinsights_sitenote_active":false,"_monsterinsights_sitenote_note":"","_monsterinsights_sitenote_category":0},"product_brand":[],"product_cat":[12291,12292],"product_tag":[],"class_list":{"0":"post-736655","1":"product","2":"type-product","3":"status-publish","5":"product_cat-edebiyat","6":"product_cat-turk-edebiyati","7":"pa_cilt-ciltsiz","8":"pa_tur-kitap","9":"pa_yayinevi-is-bankasi-kultur-yayinlari","10":"pa_yazar-attila-ilhan","12":"first","13":"instock","14":"sale","15":"shipping-taxable","16":"purchasable","17":"product-type-simple"},"_links":{"self":[{"href":"https:\/\/roveyayinevi.com.tr\/index.php\/wp-json\/wp\/v2\/product\/736655","targetHints":{"allow":["GET"]}}],"collection":[{"href":"https:\/\/roveyayinevi.com.tr\/index.php\/wp-json\/wp\/v2\/product"}],"about":[{"href":"https:\/\/roveyayinevi.com.tr\/index.php\/wp-json\/wp\/v2\/types\/product"}],"wp:attachment":[{"href":"https:\/\/roveyayinevi.com.tr\/index.php\/wp-json\/wp\/v2\/media?parent=736655"}],"wp:term":[{"taxonomy":"product_brand","embeddable":true,"href":"https:\/\/roveyayinevi.com.tr\/index.php\/wp-json\/wp\/v2\/product_brand?post=736655"},{"taxonomy":"product_cat","embeddable":true,"href":"https:\/\/roveyayinevi.com.tr\/index.php\/wp-json\/wp\/v2\/product_cat?post=736655"},{"taxonomy":"product_tag","embeddable":true,"href":"https:\/\/roveyayinevi.com.tr\/index.php\/wp-json\/wp\/v2\/product_tag?post=736655"}],"curies":[{"name":"wp","href":"https:\/\/api.w.org\/{rel}","templated":true}]}}