{"id":736654,"date":"2025-08-27T23:12:33","date_gmt":"2025-08-27T20:12:33","guid":{"rendered":"https:\/\/roveyayinevi.com.tr\/index.php\/urun\/duskun-dervis-ciltli\/"},"modified":"2026-04-16T02:45:44","modified_gmt":"2026-04-15T23:45:44","slug":"duskun-dervis-ciltli","status":"publish","type":"product","link":"https:\/\/roveyayinevi.com.tr\/index.php\/urun\/duskun-dervis-ciltli\/","title":{"rendered":"D\u00fc\u015fk\u00fcn Dervi\u015f (Ciltli)"},"content":{"rendered":"<p>Aleksandros Papadiamantis\u2019in alt\u0131 \u00f6yk\u00fcs\u00fcnden olu\u015fan D\u00fc\u015fk\u00fcn Dervi\u015f se\u00e7kisi, yazar\u0131n edebi ser\u00fcvenini yans\u0131tman\u0131n yan\u0131nda, izleyen y\u0131llarda Ege-Akdeniz havzas\u0131ndaki edebi, k\u00fclt\u00fcrel aray\u0131\u015flara temel olu\u015fturacak motifler bar\u0131nd\u0131rmaktad\u0131r. Do\u011fdu\u011fu ve \u00e7ocuklu\u011funu ge\u00e7irdi\u011fi adalardaki yoksul halk\u0131n ya\u015fant\u0131s\u0131, \u00e2detleri, g\u00fcndelik kar\u015f\u0131la\u015fmalar\u0131 ve gerilimleri Papadiamantis\u2019in alabildi\u011fine yal\u0131n, neredeyse masals\u0131 dilinde yans\u0131mas\u0131n\u0131 bulur. Me\u00e7hul bir yoksul M\u00fcsl\u00fcman, intikam ile kabulleni\u015f aras\u0131nda sal\u0131nan denizci delikanl\u0131, istemeyerek gelin geldi\u011fi evden ka\u00e7maya \u00e7al\u0131\u015fan gen\u00e7 kad\u0131n ve tefeciler, bal\u0131k\u00e7\u0131lar, kahvehaneciler Papadiamantis\u2019in \u00f6yk\u00fclerinde ortak bir h\u00fcmanizmin yap\u0131 ta\u015flar\u0131n\u0131 olu\u015fturur.   *S\u0131la \u00d6zlemi *Ba\u015fak Toplay\u0131c\u0131 *A\u015fk ve Yi\u011fitlik *D\u00fc\u015fk\u00fcn Dervi\u015f *Hisar\u2019daki Hz. \u0130sa Kilisesi\u2019nde *Dalgalarda D\u00fc\u015f Kurmak <\/p>\n","protected":false},"excerpt":{"rendered":"<p>Aleksandros Papadiamantis\u2019in alt\u0131 \u00f6yk\u00fcs\u00fcnden olu\u015fan D\u00fc\u015fk\u00fcn Dervi\u015f se\u00e7kisi, yazar\u0131n edebi ser\u00fcvenini yans\u0131tman\u0131n yan\u0131nda, izleyen y\u0131llarda Ege-Akdeniz havzas\u0131ndaki edebi, k\u00fclt\u00fcrel aray\u0131\u015flara temel olu\u015fturacak motifler bar\u0131nd\u0131rmaktad\u0131r. Do\u011fdu\u011fu ve<span class=\"excerpt-hellip\"> [\u2026]<\/span><\/p>\n","protected":false},"featured_media":0,"template":"","meta":{"_monsterinsights_skip_tracking":false,"_monsterinsights_sitenote_active":false,"_monsterinsights_sitenote_note":"","_monsterinsights_sitenote_category":0},"product_brand":[],"product_cat":[12291,26797],"product_tag":[],"class_list":{"0":"post-736654","1":"product","2":"type-product","3":"status-publish","5":"product_cat-edebiyat","6":"product_cat-modern-klasikler","7":"pa_cilt-ciltli","8":"pa_tur-kitap","9":"pa_yayinevi-is-bankasi-kultur-yayinlari","10":"pa_yazar-aleksandros-papadiamantis","12":"first","13":"instock","14":"sale","15":"shipping-taxable","16":"purchasable","17":"product-type-simple"},"_links":{"self":[{"href":"https:\/\/roveyayinevi.com.tr\/index.php\/wp-json\/wp\/v2\/product\/736654","targetHints":{"allow":["GET"]}}],"collection":[{"href":"https:\/\/roveyayinevi.com.tr\/index.php\/wp-json\/wp\/v2\/product"}],"about":[{"href":"https:\/\/roveyayinevi.com.tr\/index.php\/wp-json\/wp\/v2\/types\/product"}],"wp:attachment":[{"href":"https:\/\/roveyayinevi.com.tr\/index.php\/wp-json\/wp\/v2\/media?parent=736654"}],"wp:term":[{"taxonomy":"product_brand","embeddable":true,"href":"https:\/\/roveyayinevi.com.tr\/index.php\/wp-json\/wp\/v2\/product_brand?post=736654"},{"taxonomy":"product_cat","embeddable":true,"href":"https:\/\/roveyayinevi.com.tr\/index.php\/wp-json\/wp\/v2\/product_cat?post=736654"},{"taxonomy":"product_tag","embeddable":true,"href":"https:\/\/roveyayinevi.com.tr\/index.php\/wp-json\/wp\/v2\/product_tag?post=736654"}],"curies":[{"name":"wp","href":"https:\/\/api.w.org\/{rel}","templated":true}]}}