{"id":736652,"date":"2025-08-27T23:12:31","date_gmt":"2025-08-27T20:12:31","guid":{"rendered":"https:\/\/roveyayinevi.com.tr\/index.php\/urun\/bender-ilinin-gagauzlari\/"},"modified":"2026-04-16T02:45:43","modified_gmt":"2026-04-15T23:45:43","slug":"bender-ilinin-gagauzlari","status":"publish","type":"product","link":"https:\/\/roveyayinevi.com.tr\/index.php\/urun\/bender-ilinin-gagauzlari\/","title":{"rendered":"Bender \u0130linin Gagauzlar\u0131"},"content":{"rendered":"<p>Bu kitap, 1900\u2019l\u00fc y\u0131llar\u0131n ba\u015f\u0131nda V.V. Mo\u015fkov taraf\u0131ndan bir merakla ba\u015flayarak derinlemesine bir bilimsel ara\u015ft\u0131rmaya d\u00f6n\u00fc\u015ferek ger\u00e7ekle\u015ftirilen ara\u015ft\u0131rmalar sonucu ortaya \u00e7\u0131km\u0131\u015ft\u0131r. Birka\u00e7 y\u0131l\u0131n eme\u011fini ortaya koyan kitapta Gagauz halk\u0131n\u0131n o d\u00f6nemdeki g\u00fcndelik hayat\u0131, d\u00fcnyaya bak\u0131\u015f a\u00e7\u0131s\u0131, inan\u0131\u015flar\u0131, giyim-ku\u015fam\u0131, aile ili\u015fkileri gibi pek \u00e7ok konuya de\u011finilmi\u015f, her biri ayr\u0131 konuyu ele alan b\u00f6l\u00fcmlerin sonunda yer alan notlar k\u0131sm\u0131nda konuyla ilgili ba\u015fka halklarla olan benzerlikler ve farkl\u0131l\u0131klarla da \u00f6rneklendirilmi\u015f ve zenginle\u015ftirilmi\u015ftir. Kitab\u0131 okurken Gagauzlar\u0131n yakla\u015f\u0131k 120 y\u0131l \u00f6ncesindeki ya\u015fam tarz\u0131na dair, inan\u0131\u015flar\u0131, sosyal ili\u015fkileri, e\u011flenceleri, masallar\u0131 gibi \u00e7ok farkl\u0131 alanlardan kesitlere rastlanmaktad\u0131r. Bu kesitlere dikkat edildi\u011finde \u00fclkemizdeki ya\u015fam tarz\u0131na ili\u015fkin pek \u00e7ok yak\u0131nl\u0131k ve benzerlik dikkati \u00e7ekmektedir. Bu ba\u011flamda bu eserin T\u00fcrk\u00e7e\u2019ye kazand\u0131r\u0131lmas\u0131 titiz bir \u00e7al\u0131\u015fman\u0131n sonucunda ortaya \u00e7\u0131km\u0131\u015ft\u0131r. Mo\u015fkov, V. A. (2021) Bender \u0130linin Gagauzlar\u0131,\u00c7ev: Y. Bayram, Ankara: T\u0130AV Yay\u0131nlar\u0131. <\/p>\n","protected":false},"excerpt":{"rendered":"<p>Bu kitap, 1900\u2019l\u00fc y\u0131llar\u0131n ba\u015f\u0131nda V.V. Mo\u015fkov taraf\u0131ndan bir merakla ba\u015flayarak derinlemesine bir bilimsel ara\u015ft\u0131rmaya d\u00f6n\u00fc\u015ferek ger\u00e7ekle\u015ftirilen ara\u015ft\u0131rmalar sonucu ortaya \u00e7\u0131km\u0131\u015ft\u0131r. Birka\u00e7 y\u0131l\u0131n eme\u011fini ortaya koyan<span class=\"excerpt-hellip\"> [\u2026]<\/span><\/p>\n","protected":false},"featured_media":0,"template":"","meta":{"_monsterinsights_skip_tracking":false,"_monsterinsights_sitenote_active":false,"_monsterinsights_sitenote_note":"","_monsterinsights_sitenote_category":0},"product_brand":[],"product_cat":[12370,12304],"product_tag":[],"class_list":{"0":"post-736652","1":"product","2":"type-product","3":"status-publish","5":"product_cat-arastirma-inceleme","6":"product_cat-tarih","7":"pa_cilt-ciltsiz","8":"pa_tur-kitap","9":"pa_yayinevi-tiav","10":"pa_yazar-v-a-moskov","12":"first","13":"instock","14":"sale","15":"shipping-taxable","16":"purchasable","17":"product-type-simple"},"_links":{"self":[{"href":"https:\/\/roveyayinevi.com.tr\/index.php\/wp-json\/wp\/v2\/product\/736652","targetHints":{"allow":["GET"]}}],"collection":[{"href":"https:\/\/roveyayinevi.com.tr\/index.php\/wp-json\/wp\/v2\/product"}],"about":[{"href":"https:\/\/roveyayinevi.com.tr\/index.php\/wp-json\/wp\/v2\/types\/product"}],"wp:attachment":[{"href":"https:\/\/roveyayinevi.com.tr\/index.php\/wp-json\/wp\/v2\/media?parent=736652"}],"wp:term":[{"taxonomy":"product_brand","embeddable":true,"href":"https:\/\/roveyayinevi.com.tr\/index.php\/wp-json\/wp\/v2\/product_brand?post=736652"},{"taxonomy":"product_cat","embeddable":true,"href":"https:\/\/roveyayinevi.com.tr\/index.php\/wp-json\/wp\/v2\/product_cat?post=736652"},{"taxonomy":"product_tag","embeddable":true,"href":"https:\/\/roveyayinevi.com.tr\/index.php\/wp-json\/wp\/v2\/product_tag?post=736652"}],"curies":[{"name":"wp","href":"https:\/\/api.w.org\/{rel}","templated":true}]}}