{"id":736648,"date":"2025-08-27T23:12:26","date_gmt":"2025-08-27T20:12:26","guid":{"rendered":"https:\/\/roveyayinevi.com.tr\/index.php\/urun\/flamingo-cocuk\/"},"modified":"2026-04-16T02:45:43","modified_gmt":"2026-04-15T23:45:43","slug":"flamingo-cocuk","status":"publish","type":"product","link":"https:\/\/roveyayinevi.com.tr\/index.php\/urun\/flamingo-cocuk\/","title":{"rendered":"Flamingo \u00c7ocuk"},"content":{"rendered":"<p>M\u00fczi\u011fi susturanlara inat g\u00fcne\u015f \u201cyeniden\u201d do\u011facak!Sava\u015f At\u0131 kitab\u0131n\u0131n yazar\u0131 Michael Morpurgo, farkl\u0131l\u0131klar\u0131yla d\u00fcnyaya iz b\u0131rakanlara adad\u0131\u011f\u0131 yeni roman\u0131 Flamingo \u00c7ocuk&#8217;ta, nefretin ve sava\u015f\u0131n g\u00f6lgesinde b\u00fcy\u00fcyen Lorenzo ad\u0131nda \u201c\u00f6zel\u201d bir \u00e7ocukla tan\u0131\u015ft\u0131r\u0131yor okurlar\u0131.Kemikle\u015fmi\u015f kimi de\u011fer yarg\u0131lar\u0131n\u0131n toplum \u00fczerindeki yans\u0131malar\u0131n\u0131 oda\u011f\u0131na alan eser; farkl\u0131l\u0131klar\u0131 nedeniyle \u00f6tekile\u015ftirilip d\u0131\u015flanan bireylerin maruz kald\u0131\u011f\u0131 ayr\u0131mc\u0131l\u0131\u011f\u0131 ve zorbal\u0131\u011f\u0131 m\u00fcthi\u015f bir edeb\u00ee naiflikle betimliyor.Hayata bir atl\u0131kar\u0131ncan\u0131n s\u0131rt\u0131ndan bakan iki \u00e7ocu\u011fun g\u00f6rd\u00fcklerini ve ya\u015fad\u0131klar\u0131n\u0131 kalplere dokunan bir hik\u00e2yeye d\u00f6n\u00fc\u015ft\u00fcren yazar ayr\u0131ca, insanlar ve hayvanlar aras\u0131nda kurulan tarifsiz ba\u011f\u0131 s\u00f6zc\u00fcklerin g\u00fcc\u00fcyle yeniden tan\u0131ml\u0131yor. \u201cDi\u011ferlerinden farkl\u0131ysan b\u00fcy\u00fcrken zorluk \u00e7ekersin; bu eskiden de b\u00f6yleydi, \u015fimdi de b\u00f6yle.\u201dLorenzo, annesi ve babas\u0131yla birlikte Fransa&#8217;n\u0131n g\u00fcneyinde, etraf\u0131 flamingolarla \u00e7evrili bir \u00e7iftlikte sakin bir ya\u015fam s\u00fcr\u00fcyordu. Di\u011fer \u00e7ocuklardan farkl\u0131yd\u0131 o; okuma yazma bilmemesine ve hatta do\u011fru d\u00fczg\u00fcn konu\u015famamas\u0131na ra\u011fmen ola\u011fan\u00fcst\u00fc bir yetene\u011fi vard\u0131: Hayvanlar\u0131 iyile\u015ftirmeyi, onlarla ileti\u015fim kurmay\u0131 \u00e7ok iyi biliyordu. G\u00fcnl\u00fck rutinine s\u0131k\u0131 s\u0131k\u0131ya ba\u011fl\u0131, yeniliklere kapal\u0131 Lorenzo&#8217;yu iyi hissettiren \u015feylerin ba\u015f\u0131nda m\u00fczik ve kent meydan\u0131ndaki atl\u0131kar\u0131nca geliyordu. Tabii bir de en yak\u0131n dostu Kezia ile vakit ge\u00e7irmek. Derken bir g\u00fcn, etraf\u0131 Alman askerleri sard\u0131; g\u00f6ky\u00fcz\u00fcnden bir flamingo yere d\u00fc\u015ft\u00fc, atl\u0131kar\u0131nca durdu, m\u00fczik sustu. Ve her \u015fey de\u011fi\u015fti&#8230;\u00c7ok katmanl\u0131 hik\u00e2yesiyle okurun duygu d\u00fcnyas\u0131n\u0131 yo\u011fun hislerle dolduran Flamingo \u00c7ocuk, k\u00f6t\u00fcl\u00fcklere kar\u015f\u0131 tek y\u00fcrek olman\u0131n, ba\u015f\u0131n\u0131 \u00f6ne e\u011fmeyip ya\u015fama s\u0131k\u0131 s\u0131k\u0131ya tutunman\u0131n \u00f6nemini vurguluyor. \u0130ngiliz \u00e7ocuk edebiyat\u0131 el\u00e7isi Michael Morpurgo, etkili dili ve ustal\u0131kl\u0131 anlat\u0131m\u0131yla bir kez daha kendine hayran b\u0131rak\u0131yor.U\u00e7 flamingo, u\u00e7!<\/p>\n","protected":false},"excerpt":{"rendered":"<p>M\u00fczi\u011fi susturanlara inat g\u00fcne\u015f \u201cyeniden\u201d do\u011facak!Sava\u015f At\u0131 kitab\u0131n\u0131n yazar\u0131 Michael Morpurgo, farkl\u0131l\u0131klar\u0131yla d\u00fcnyaya iz b\u0131rakanlara adad\u0131\u011f\u0131 yeni roman\u0131 Flamingo \u00c7ocuk&#8217;ta, nefretin ve sava\u015f\u0131n g\u00f6lgesinde b\u00fcy\u00fcyen Lorenzo<span class=\"excerpt-hellip\"> [\u2026]<\/span><\/p>\n","protected":false},"featured_media":0,"template":"","meta":{"_monsterinsights_skip_tracking":false,"_monsterinsights_sitenote_active":false,"_monsterinsights_sitenote_note":"","_monsterinsights_sitenote_category":0},"product_brand":[],"product_cat":[12275,12274],"product_tag":[],"class_list":{"0":"post-736648","1":"product","2":"type-product","3":"status-publish","5":"product_cat-6-12-yas-kitaplari","6":"product_cat-cocuk-ve-genclik-kitaplari","7":"pa_cilt-ciltsiz","8":"pa_tur-kitap","9":"pa_yayinevi-tudem-yayinlari","10":"pa_yazar-michael-morpurgo","12":"first","13":"instock","14":"sale","15":"shipping-taxable","16":"purchasable","17":"product-type-simple"},"_links":{"self":[{"href":"https:\/\/roveyayinevi.com.tr\/index.php\/wp-json\/wp\/v2\/product\/736648","targetHints":{"allow":["GET"]}}],"collection":[{"href":"https:\/\/roveyayinevi.com.tr\/index.php\/wp-json\/wp\/v2\/product"}],"about":[{"href":"https:\/\/roveyayinevi.com.tr\/index.php\/wp-json\/wp\/v2\/types\/product"}],"wp:attachment":[{"href":"https:\/\/roveyayinevi.com.tr\/index.php\/wp-json\/wp\/v2\/media?parent=736648"}],"wp:term":[{"taxonomy":"product_brand","embeddable":true,"href":"https:\/\/roveyayinevi.com.tr\/index.php\/wp-json\/wp\/v2\/product_brand?post=736648"},{"taxonomy":"product_cat","embeddable":true,"href":"https:\/\/roveyayinevi.com.tr\/index.php\/wp-json\/wp\/v2\/product_cat?post=736648"},{"taxonomy":"product_tag","embeddable":true,"href":"https:\/\/roveyayinevi.com.tr\/index.php\/wp-json\/wp\/v2\/product_tag?post=736648"}],"curies":[{"name":"wp","href":"https:\/\/api.w.org\/{rel}","templated":true}]}}