{"id":736647,"date":"2025-08-27T23:12:25","date_gmt":"2025-08-27T20:12:25","guid":{"rendered":"https:\/\/roveyayinevi.com.tr\/index.php\/urun\/yontem-arastirmalari\/"},"modified":"2026-04-16T02:45:43","modified_gmt":"2026-04-15T23:45:43","slug":"yontem-arastirmalari","status":"publish","type":"product","link":"https:\/\/roveyayinevi.com.tr\/index.php\/urun\/yontem-arastirmalari\/","title":{"rendered":"Y\u00f6ntem Ara\u015ft\u0131rmalar\u0131"},"content":{"rendered":"<p>Bize g\u00f6re mesele, s\u0131k s\u0131k ileri s\u00fcr\u00fcld\u00fc\u011f\u00fc gibi, \u201cusd\u0131\u015f\u0131 olana pay\u0131n\u0131 vermek\u201d de\u011fil, tam tersine belirsizli\u011fi ve bilmemeyi en aza indirmek; Marksizmi \u00fc\u00e7\u00fcnc\u00fc bir yol ya da idealist bir h\u00fcmanizm ad\u0131na yads\u0131mak de\u011fil, insan\u0131 Marksizm i\u00e7inde yeniden ortaya \u00e7\u0131karmakt\u0131r.   Sava\u015f sonras\u0131 Avrupa d\u00fc\u015f\u00fcnce d\u00fcnyas\u0131nda devrim yaratan Jean-Paul Sartre\u2019\u0131n 1957 tarihli bu uzun denemesi, varolu\u015f\u00e7uluk felsefesini Marksizmle uzla\u015ft\u0131rma olas\u0131l\u0131klar\u0131n\u0131 sorguluyor. Varolu\u015f\u00e7ulu\u011fun, ya\u015fad\u0131\u011f\u0131 \u00e7a\u011f\u0131n egemen felsefesi olarak g\u00f6rd\u00fc\u011f\u00fc Marksizmi destekleyen, bu d\u00fc\u015f\u00fcncenin pratik izd\u00fc\u015f\u00fcmlerinin k\u0131s\u0131tlad\u0131\u011f\u0131 bireysel \u00f6zg\u00fcrl\u00fcklere tepki olarak geli\u015fen bir ideoloji oldu\u011funu belirten Sartre, t\u00fcm ayk\u0131r\u0131l\u0131klara ra\u011fmen bu iki d\u00fc\u015f\u00fcnce bi\u00e7iminin tutarl\u0131 ve uyumlu oldu\u011funu \u00f6ne s\u00fcr\u00fcyor.   Daha sonra Diyalektik Akl\u0131n Ele\u015ftirisi\u2019ne \u00f6ndeyi\u015f olarak eklenecek bu deneme, Sartre\u2019\u0131n bir \u015fekilde sunaca\u011f\u0131 Varolu\u015f\u00e7u Marksizm d\u00fc\u015f\u00fcncesinin k\u00f6\u015fe ta\u015f\u0131 rol\u00fcn\u00fc \u00fcstleniyor. Y\u00f6ntem Ara\u015ft\u0131rmalar\u0131, yirminci y\u00fczy\u0131l d\u00fc\u015f\u00fcncesinde kurulan \u00f6nemli bir k\u00f6pr\u00fcn\u00fcn ilk aya\u011f\u0131.   \u201cSartre, ayn\u0131 Erich Fromm gibi, Marksizmi Marx sonras\u0131 kuramc\u0131larla ya da Sovyetler Birli\u011fi\u2019nde kurumsalla\u015fan kom\u00fcnizmle \u00f6zde\u015fle\u015ftirmeyi reddediyor.\u201d Hazel E. Barnes <\/p>\n","protected":false},"excerpt":{"rendered":"<p>Bize g\u00f6re mesele, s\u0131k s\u0131k ileri s\u00fcr\u00fcld\u00fc\u011f\u00fc gibi, \u201cusd\u0131\u015f\u0131 olana pay\u0131n\u0131 vermek\u201d de\u011fil, tam tersine belirsizli\u011fi ve bilmemeyi en aza indirmek; Marksizmi \u00fc\u00e7\u00fcnc\u00fc bir yol ya<span class=\"excerpt-hellip\"> [\u2026]<\/span><\/p>\n","protected":false},"featured_media":0,"template":"","meta":{"_monsterinsights_skip_tracking":false,"_monsterinsights_sitenote_active":false,"_monsterinsights_sitenote_note":"","_monsterinsights_sitenote_category":0},"product_brand":[],"product_cat":[12777,12291],"product_tag":[],"class_list":{"0":"post-736647","1":"product","2":"type-product","3":"status-publish","5":"product_cat-deneme","6":"product_cat-edebiyat","7":"pa_cilt-ciltsiz","8":"pa_tur-kitap","9":"pa_yayinevi-can-yayinlari","10":"pa_yazar-jean-paul-sartre","12":"first","13":"instock","14":"sale","15":"shipping-taxable","16":"purchasable","17":"product-type-simple"},"_links":{"self":[{"href":"https:\/\/roveyayinevi.com.tr\/index.php\/wp-json\/wp\/v2\/product\/736647","targetHints":{"allow":["GET"]}}],"collection":[{"href":"https:\/\/roveyayinevi.com.tr\/index.php\/wp-json\/wp\/v2\/product"}],"about":[{"href":"https:\/\/roveyayinevi.com.tr\/index.php\/wp-json\/wp\/v2\/types\/product"}],"wp:attachment":[{"href":"https:\/\/roveyayinevi.com.tr\/index.php\/wp-json\/wp\/v2\/media?parent=736647"}],"wp:term":[{"taxonomy":"product_brand","embeddable":true,"href":"https:\/\/roveyayinevi.com.tr\/index.php\/wp-json\/wp\/v2\/product_brand?post=736647"},{"taxonomy":"product_cat","embeddable":true,"href":"https:\/\/roveyayinevi.com.tr\/index.php\/wp-json\/wp\/v2\/product_cat?post=736647"},{"taxonomy":"product_tag","embeddable":true,"href":"https:\/\/roveyayinevi.com.tr\/index.php\/wp-json\/wp\/v2\/product_tag?post=736647"}],"curies":[{"name":"wp","href":"https:\/\/api.w.org\/{rel}","templated":true}]}}