{"id":736646,"date":"2025-08-27T23:12:23","date_gmt":"2025-08-27T20:12:23","guid":{"rendered":"https:\/\/roveyayinevi.com.tr\/index.php\/urun\/yazmak-uzerine\/"},"modified":"2026-04-16T02:45:43","modified_gmt":"2026-04-15T23:45:43","slug":"yazmak-uzerine","status":"publish","type":"product","link":"https:\/\/roveyayinevi.com.tr\/index.php\/urun\/yazmak-uzerine\/","title":{"rendered":"Yazmak \u00dczerine"},"content":{"rendered":"<p>T\u0131pk\u0131 ya\u015farken oldu\u011fu gibi, yazarken de \u00f6zensiz olmaktan vazge\u00e7in.   Yazmay\u0131 konu\u015ftu\u011fumuzda ne konu\u015furuz? Yazmak \u00dczerine, ad\u0131 modern \u00f6yk\u00fcyle e\u015fanlaml\u0131 hale gelen Raymond Carver\u2019\u0131n yaz\u0131n hayat\u0131n\u0131 denemelerinin izinden s\u00fcr\u00fcyor. Carver, kendisine sade bir dille ger\u00e7ek\u00e7i \u00f6yk\u00fcler yazmay\u0131 \u00f6\u011freten \u00f6\u011fretmenini hat\u0131rl\u0131yor, \u00f6yk\u00fclerin akl\u0131nda \u015fekillendi\u011fi ilk anlardan s\u00f6z ediyor, kendi yap\u0131tlar\u0131 ve farkl\u0131 yazarlar\u0131n kitaplar\u0131 hakk\u0131ndaki g\u00f6r\u00fc\u015flerini her zamanki a\u00e7\u0131ks\u00f6zl\u00fcl\u00fc\u011f\u00fcyle dile getiriyor.   Bir yazar\u0131n nas\u0131l ve neden yazd\u0131\u011f\u0131n\u0131, hatta bazen nelere ra\u011fmen yazd\u0131\u011f\u0131n\u0131 ve dilini nas\u0131l olu\u015fturdu\u011funu kendi hayat\u0131ndan \u00f6rneklerle anlamaya ve anlatmaya \u00e7al\u0131\u015f\u0131rken, okurlar\u0131 da benzer sorular\u0131 ayn\u0131 d\u00fcr\u00fcstl\u00fckle d\u00fc\u015f\u00fcnmeye davet ediyor. Yazmak \u00dczerine, Carver\u2019\u0131n d\u00fcnyas\u0131na ve yazarl\u0131k felsefesine dair bir tan\u0131kl\u0131k, neyin s\u00f6ylemeye de\u011fer oldu\u011funa ve en samimi \u015fekilde nas\u0131l s\u00f6ylenece\u011fine dair d\u00fc\u015f\u00fcnceleri bir araya getiren dolu dolu bir se\u00e7ki, \u00f6yk\u00fcn\u00fcn ustas\u0131ndan bir dizi yazarl\u0131k dersi. <\/p>\n","protected":false},"excerpt":{"rendered":"<p>T\u0131pk\u0131 ya\u015farken oldu\u011fu gibi, yazarken de \u00f6zensiz olmaktan vazge\u00e7in. Yazmay\u0131 konu\u015ftu\u011fumuzda ne konu\u015furuz? Yazmak \u00dczerine, ad\u0131 modern \u00f6yk\u00fcyle e\u015fanlaml\u0131 hale gelen Raymond Carver\u2019\u0131n yaz\u0131n hayat\u0131n\u0131 denemelerinin<span class=\"excerpt-hellip\"> [\u2026]<\/span><\/p>\n","protected":false},"featured_media":0,"template":"","meta":{"_monsterinsights_skip_tracking":false,"_monsterinsights_sitenote_active":false,"_monsterinsights_sitenote_note":"","_monsterinsights_sitenote_category":0},"product_brand":[],"product_cat":[12777,12291],"product_tag":[],"class_list":{"0":"post-736646","1":"product","2":"type-product","3":"status-publish","5":"product_cat-deneme","6":"product_cat-edebiyat","7":"pa_cilt-ciltsiz","8":"pa_tur-kitap","9":"pa_yayinevi-can-yayinlari","10":"pa_yazar-raymond-carver","12":"first","13":"instock","14":"sale","15":"shipping-taxable","16":"purchasable","17":"product-type-simple"},"_links":{"self":[{"href":"https:\/\/roveyayinevi.com.tr\/index.php\/wp-json\/wp\/v2\/product\/736646","targetHints":{"allow":["GET"]}}],"collection":[{"href":"https:\/\/roveyayinevi.com.tr\/index.php\/wp-json\/wp\/v2\/product"}],"about":[{"href":"https:\/\/roveyayinevi.com.tr\/index.php\/wp-json\/wp\/v2\/types\/product"}],"wp:attachment":[{"href":"https:\/\/roveyayinevi.com.tr\/index.php\/wp-json\/wp\/v2\/media?parent=736646"}],"wp:term":[{"taxonomy":"product_brand","embeddable":true,"href":"https:\/\/roveyayinevi.com.tr\/index.php\/wp-json\/wp\/v2\/product_brand?post=736646"},{"taxonomy":"product_cat","embeddable":true,"href":"https:\/\/roveyayinevi.com.tr\/index.php\/wp-json\/wp\/v2\/product_cat?post=736646"},{"taxonomy":"product_tag","embeddable":true,"href":"https:\/\/roveyayinevi.com.tr\/index.php\/wp-json\/wp\/v2\/product_tag?post=736646"}],"curies":[{"name":"wp","href":"https:\/\/api.w.org\/{rel}","templated":true}]}}