{"id":736645,"date":"2025-08-27T23:12:22","date_gmt":"2025-08-27T20:12:22","guid":{"rendered":"https:\/\/roveyayinevi.com.tr\/index.php\/urun\/anneanne-ile-friederin-yeni-maceralari\/"},"modified":"2026-04-16T02:45:43","modified_gmt":"2026-04-15T23:45:43","slug":"anneanne-ile-friederin-yeni-maceralari","status":"publish","type":"product","link":"https:\/\/roveyayinevi.com.tr\/index.php\/urun\/anneanne-ile-friederin-yeni-maceralari\/","title":{"rendered":"Anneanne ile Frieder&#8217;in Yeni Maceralar\u0131"},"content":{"rendered":"<p>Afacan Frieder ile anneannesi! Onlar olmasa d\u00fcnya daha az e\u011flenceli olurdu do\u011frusu.   Bu defa Frieder anneannesinin bah\u00e7esindeki \u00e7i\u00e7ekleri yoluyor, gece ge\u00e7 vakitlere dek uyan\u0131k kalmak istiyor, ayakkab\u0131lar\u0131n\u0131 be\u011fenmedi\u011fi i\u00e7in yal\u0131nayak geziyor. Fakat her ne olursa olsun anneannesi Frieder\u2019in dilinden anl\u0131yor. Gudrun Mebs, Frieder ile anneannesinin maceralar\u0131n\u0131 benzersiz bir ya\u015fama sevinciyle anlat\u0131yor.<\/p>\n","protected":false},"excerpt":{"rendered":"<p>Afacan Frieder ile anneannesi! Onlar olmasa d\u00fcnya daha az e\u011flenceli olurdu do\u011frusu. Bu defa Frieder anneannesinin bah\u00e7esindeki \u00e7i\u00e7ekleri yoluyor, gece ge\u00e7 vakitlere dek uyan\u0131k kalmak istiyor,<span class=\"excerpt-hellip\"> [\u2026]<\/span><\/p>\n","protected":false},"featured_media":0,"template":"","meta":{"_monsterinsights_skip_tracking":false,"_monsterinsights_sitenote_active":false,"_monsterinsights_sitenote_note":"","_monsterinsights_sitenote_category":0},"product_brand":[],"product_cat":[12275,12274],"product_tag":[],"class_list":{"0":"post-736645","1":"product","2":"type-product","3":"status-publish","5":"product_cat-6-12-yas-kitaplari","6":"product_cat-cocuk-ve-genclik-kitaplari","7":"pa_cilt-ciltsiz","8":"pa_tur-kitap","9":"pa_yayinevi-can-cocuk-yayinlari","10":"pa_yazar-gudrun-mebs","12":"first","13":"instock","14":"sale","15":"shipping-taxable","16":"purchasable","17":"product-type-simple"},"_links":{"self":[{"href":"https:\/\/roveyayinevi.com.tr\/index.php\/wp-json\/wp\/v2\/product\/736645","targetHints":{"allow":["GET"]}}],"collection":[{"href":"https:\/\/roveyayinevi.com.tr\/index.php\/wp-json\/wp\/v2\/product"}],"about":[{"href":"https:\/\/roveyayinevi.com.tr\/index.php\/wp-json\/wp\/v2\/types\/product"}],"wp:attachment":[{"href":"https:\/\/roveyayinevi.com.tr\/index.php\/wp-json\/wp\/v2\/media?parent=736645"}],"wp:term":[{"taxonomy":"product_brand","embeddable":true,"href":"https:\/\/roveyayinevi.com.tr\/index.php\/wp-json\/wp\/v2\/product_brand?post=736645"},{"taxonomy":"product_cat","embeddable":true,"href":"https:\/\/roveyayinevi.com.tr\/index.php\/wp-json\/wp\/v2\/product_cat?post=736645"},{"taxonomy":"product_tag","embeddable":true,"href":"https:\/\/roveyayinevi.com.tr\/index.php\/wp-json\/wp\/v2\/product_tag?post=736645"}],"curies":[{"name":"wp","href":"https:\/\/api.w.org\/{rel}","templated":true}]}}