{"id":736642,"date":"2025-08-27T23:12:18","date_gmt":"2025-08-27T20:12:18","guid":{"rendered":"https:\/\/roveyayinevi.com.tr\/index.php\/urun\/zor-degil-sira-disi-cocuk\/"},"modified":"2026-04-16T02:45:43","modified_gmt":"2026-04-15T23:45:43","slug":"zor-degil-sira-disi-cocuk","status":"publish","type":"product","link":"https:\/\/roveyayinevi.com.tr\/index.php\/urun\/zor-degil-sira-disi-cocuk\/","title":{"rendered":"Zor De\u011fil S\u0131ra D\u0131\u015f\u0131 \u00c7ocuk"},"content":{"rendered":"<p>EBEVEYNLER \u0130\u00c7\u0130N EN \u0130Y\u0130 Y\u0130RM\u0130 K\u0130TAPTAN B\u0130R\u0130 SE\u00c7\u0130LEN \u201cZOR DE\u011e\u0130L SIRA DI\u015eI \u00c7OCUK\u201d YEPYEN\u0130 B\u0130R EBEVEYNL\u0130K ANLAYI\u015eI SUNUYOR.Genelde \u201czor\u201d veya \u201cinat\u00e7\u0131\u201d olarak nitelendirilen s\u0131ra d\u0131\u015f\u0131 \u00e7ocuklar\u0131n, yeti\u015fkinlerde de\u011fer verdi\u011fimiz, ancak \u00e7ocuklarda zorlay\u0131c\u0131 buldu\u011fumuz \u00f6zellikleri vard\u0131r. Ara\u015ft\u0131rmalar s\u0131ra d\u0131\u015f\u0131 \u00e7ocuklar\u0131n \u201cdaha fazla\u201d olmaya meyilli oldu\u011funu g\u00f6steriyor. Bu \u00e7ocuklar miza\u00e7lar\u0131 gere\u011fi, ortalama bir \u00e7ocuktan daha yo\u011fun, daha hassas, daha alg\u0131sal, daha \u0131srarc\u0131d\u0131rlar ve \u00e7ok daha yava\u015f uyum sa\u011flarlar.Ebeveynler i\u00e7in en iyi yirmi kitaptan biri se\u00e7ilen ve t\u00fcm d\u00fcnyada bir milyondan fazla satan Zor De\u011fil S\u0131ra D\u0131\u015f\u0131 \u00c7ocuk\u2019ta Mary Sheedy Kurcinka, ger\u00e7ek ya\u015fam \u00f6yk\u00fclerinden \u00f6rnekler sunarak olumlu bir bak\u0131\u015f a\u00e7\u0131s\u0131 kazand\u0131r\u0131yor. Bu kitap s\u0131ra d\u0131\u015f\u0131 \u00e7ocu\u011funuzu yeti\u015ftirirken \u00e7ocu\u011funuzu anlaman\u0131z\u0131, olumsuz etiketlerden kurtulman\u0131z\u0131, sorunlarla ba\u015f etmek i\u00e7in planlar yapman\u0131z\u0131 ve kendi ebeveynlik anlay\u0131\u015f\u0131n\u0131za daha yak\u0131ndan bakman\u0131z\u0131 sa\u011flayacak.<\/p>\n","protected":false},"excerpt":{"rendered":"<p>EBEVEYNLER \u0130\u00c7\u0130N EN \u0130Y\u0130 Y\u0130RM\u0130 K\u0130TAPTAN B\u0130R\u0130 SE\u00c7\u0130LEN \u201cZOR DE\u011e\u0130L SIRA DI\u015eI \u00c7OCUK\u201d YEPYEN\u0130 B\u0130R EBEVEYNL\u0130K ANLAYI\u015eI SUNUYOR.Genelde \u201czor\u201d veya \u201cinat\u00e7\u0131\u201d olarak nitelendirilen s\u0131ra d\u0131\u015f\u0131 \u00e7ocuklar\u0131n,<span class=\"excerpt-hellip\"> [\u2026]<\/span><\/p>\n","protected":false},"featured_media":0,"template":"","meta":{"_monsterinsights_skip_tracking":false,"_monsterinsights_sitenote_active":false,"_monsterinsights_sitenote_note":"","_monsterinsights_sitenote_category":0},"product_brand":[],"product_cat":[12831,12324],"product_tag":[],"class_list":{"0":"post-736642","1":"product","2":"type-product","3":"status-publish","5":"product_cat-aile-ve-cocuk","6":"product_cat-sosyoloji","7":"pa_cilt-ciltsiz","8":"pa_tur-kitap","9":"pa_yayinevi-altin-kitaplar","10":"pa_yazar-mary-sheedy-kurcinka","12":"first","13":"instock","14":"sale","15":"shipping-taxable","16":"purchasable","17":"product-type-simple"},"_links":{"self":[{"href":"https:\/\/roveyayinevi.com.tr\/index.php\/wp-json\/wp\/v2\/product\/736642","targetHints":{"allow":["GET"]}}],"collection":[{"href":"https:\/\/roveyayinevi.com.tr\/index.php\/wp-json\/wp\/v2\/product"}],"about":[{"href":"https:\/\/roveyayinevi.com.tr\/index.php\/wp-json\/wp\/v2\/types\/product"}],"wp:attachment":[{"href":"https:\/\/roveyayinevi.com.tr\/index.php\/wp-json\/wp\/v2\/media?parent=736642"}],"wp:term":[{"taxonomy":"product_brand","embeddable":true,"href":"https:\/\/roveyayinevi.com.tr\/index.php\/wp-json\/wp\/v2\/product_brand?post=736642"},{"taxonomy":"product_cat","embeddable":true,"href":"https:\/\/roveyayinevi.com.tr\/index.php\/wp-json\/wp\/v2\/product_cat?post=736642"},{"taxonomy":"product_tag","embeddable":true,"href":"https:\/\/roveyayinevi.com.tr\/index.php\/wp-json\/wp\/v2\/product_tag?post=736642"}],"curies":[{"name":"wp","href":"https:\/\/api.w.org\/{rel}","templated":true}]}}