{"id":736639,"date":"2025-08-27T23:12:15","date_gmt":"2025-08-27T20:12:15","guid":{"rendered":"https:\/\/roveyayinevi.com.tr\/index.php\/urun\/gunesin-yeniden-kesfi\/"},"modified":"2026-04-16T02:45:43","modified_gmt":"2026-04-15T23:45:43","slug":"gunesin-yeniden-kesfi","status":"publish","type":"product","link":"https:\/\/roveyayinevi.com.tr\/index.php\/urun\/gunesin-yeniden-kesfi\/","title":{"rendered":"G\u00fcne\u015fin Yeniden Ke\u015ffi"},"content":{"rendered":"<p>End\u00fcstri Devrimi \u00f6ncesinde \u00e7evremiz ve do\u011fayla uyumlu ya\u015f\u0131yorduk. Ne zaman \u015fehirler, fabrikalar kurmaya ba\u015flad\u0131k, b\u00fct\u00fcn g\u00fcc\u00fcn bizde oldu\u011fu ve istedi\u011fimiz her \u015feyi yapabilece\u011fimiz yan\u0131lg\u0131s\u0131na d\u00fc\u015ft\u00fck. \u015eimdiyse kendi yaratt\u0131\u011f\u0131m\u0131z ama ya\u015famaktan memnun olmad\u0131\u011f\u0131m\u0131z bir \u00e7evrenin i\u00e7ine hapsolduk. Buradan kurtulma yolu ise yine do\u011faya d\u00f6nmekten ge\u00e7iyor.   Bu kitapta g\u00f6zlerimizi do\u011faya \u00e7evirerek ana enerji kayna\u011f\u0131m\u0131z G\u00fcne\u015f\u2019i yeniden ke\u015ffediyoruz. Bu ke\u015fif A. Selin Mutdo\u011fan edit\u00f6rl\u00fc\u011f\u00fcnde \u00fc\u00e7 b\u00f6l\u00fcmde ger\u00e7ekle\u015fiyor. \u0130lk bol\u00fcm olan \u00d6Z\u2019de g\u00fcne\u015f enerjisinin \u00f6nemi tarih\u00ee bir bak\u0131\u015f a\u00e7\u0131s\u0131yla anlat\u0131l\u0131yor ve yap\u0131lar\u0131m\u0131zda kullanabilece\u011fimiz g\u00fcne\u015f odakl\u0131 pasif sistemler a\u00e7\u0131klan\u0131yor. \u0130kinci b\u00f6l\u00fcm olan UYGULAMALAR, eski d\u00f6nemlerden ve farkl\u0131 co\u011frafyalardan \u00f6rnekler i\u00e7ermesinin yan\u0131nda modern uygulamalar\u0131 da i\u00e7inde bar\u0131nd\u0131r\u0131yor. Son olarak, FARKLI BAKI\u015eLAR\u2019da tasar\u0131mdan koparak farkl\u0131 disiplinlerle G\u00fcne\u015f\u2019in ili\u015fkisi inceleniyor. Bu yakla\u015f\u0131mla G\u00fcne\u015f\u2019in ge\u00e7mi\u015ften gelece\u011fe nas\u0131l bir yol izledi\u011fini ve gelecekte daha neler olaca\u011f\u0131n\u0131 bize g\u00f6steren bir bilgi kayna\u011f\u0131na ula\u015f\u0131yoruz. <\/p>\n","protected":false},"excerpt":{"rendered":"<p>End\u00fcstri Devrimi \u00f6ncesinde \u00e7evremiz ve do\u011fayla uyumlu ya\u015f\u0131yorduk. Ne zaman \u015fehirler, fabrikalar kurmaya ba\u015flad\u0131k, b\u00fct\u00fcn g\u00fcc\u00fcn bizde oldu\u011fu ve istedi\u011fimiz her \u015feyi yapabilece\u011fimiz yan\u0131lg\u0131s\u0131na d\u00fc\u015ft\u00fck. \u015eimdiyse<span class=\"excerpt-hellip\"> [\u2026]<\/span><\/p>\n","protected":false},"featured_media":0,"template":"","meta":{"_monsterinsights_skip_tracking":false,"_monsterinsights_sitenote_active":false,"_monsterinsights_sitenote_note":"","_monsterinsights_sitenote_category":0},"product_brand":[],"product_cat":[23323,12364],"product_tag":[],"class_list":{"0":"post-736639","1":"product","2":"type-product","3":"status-publish","5":"product_cat-ekoloji","6":"product_cat-genel-konular","7":"pa_cilt-ciltsiz","8":"pa_tur-kitap","9":"pa_yayinevi-yeni-insan-yayinlari","10":"pa_yazar-a-selin-mutdogan","12":"first","13":"instock","14":"sale","15":"shipping-taxable","16":"purchasable","17":"product-type-simple"},"_links":{"self":[{"href":"https:\/\/roveyayinevi.com.tr\/index.php\/wp-json\/wp\/v2\/product\/736639","targetHints":{"allow":["GET"]}}],"collection":[{"href":"https:\/\/roveyayinevi.com.tr\/index.php\/wp-json\/wp\/v2\/product"}],"about":[{"href":"https:\/\/roveyayinevi.com.tr\/index.php\/wp-json\/wp\/v2\/types\/product"}],"wp:attachment":[{"href":"https:\/\/roveyayinevi.com.tr\/index.php\/wp-json\/wp\/v2\/media?parent=736639"}],"wp:term":[{"taxonomy":"product_brand","embeddable":true,"href":"https:\/\/roveyayinevi.com.tr\/index.php\/wp-json\/wp\/v2\/product_brand?post=736639"},{"taxonomy":"product_cat","embeddable":true,"href":"https:\/\/roveyayinevi.com.tr\/index.php\/wp-json\/wp\/v2\/product_cat?post=736639"},{"taxonomy":"product_tag","embeddable":true,"href":"https:\/\/roveyayinevi.com.tr\/index.php\/wp-json\/wp\/v2\/product_tag?post=736639"}],"curies":[{"name":"wp","href":"https:\/\/api.w.org\/{rel}","templated":true}]}}